{"id":987,"date":"2026-01-19T16:32:19","date_gmt":"2026-01-19T16:32:19","guid":{"rendered":"https:\/\/skyphone.ec\/?post_type=product&#038;p=987"},"modified":"2026-02-16T20:46:03","modified_gmt":"2026-02-16T20:46:03","slug":"galaxy-tabs10fe","status":"publish","type":"product","link":"https:\/\/skyphone.ec\/index.php\/producto\/galaxy-tabs10fe\/","title":{"rendered":"Galaxy Tab S10 Fe"},"content":{"rendered":"<p>Pantalla: LCD IPS 10,9&#8243; 1440 x 2304<\/p>\n<p>Procesador: Exynos 1580<br \/>\nRAM: 8GB<br \/>\nAlmacenamiento: 128GB<br \/>\nC\u00e1mara frontal: 12MP<br \/>\nC\u00e1mara: Trasera: 13MP<br \/>\nBater\u00eda: 8.000 mAh &#8211; Carga r\u00e1pida: 45W<br \/>\nSO: (Android 15) One UI 7<br \/>\nOtros: S Pen en la caja, Altavoces duales AKG<\/p>\n<p><strong>NOTA: (CONSULTAR DISPONIBILIDAD DE COLORES A TRAVES DE NUESTRO WHATSAPP ANTES DE REALIZAR TU COMPRA)<\/strong><\/p>\n","protected":false},"excerpt":{"rendered":"<p>Pantalla: LCD IPS 10,9&#8243; 1440 x 2304 Procesador: Exynos 1580 RAM: 8GB Almacenamiento: 128GB C\u00e1mara frontal: 12MP C\u00e1mara: Trasera: 13MP Bater\u00eda: 8.000 mAh &#8211; Carga r\u00e1pida: 45W SO: (Android 15) One UI 7 Otros: S Pen en la caja, Altavoces duales AKG NOTA: (CONSULTAR DISPONIBILIDAD DE COLORES A TRAVES DE NUESTRO WHATSAPP ANTES DE REALIZAR [&hellip;]<\/p>\n","protected":false},"featured_media":998,"comment_status":"open","ping_status":"closed","template":"","meta":[],"product_brand":[],"product_cat":[50,51],"product_tag":[],"class_list":{"0":"post-987","1":"product","2":"type-product","3":"status-publish","4":"has-post-thumbnail","6":"product_cat-tablets","7":"product_cat-samsung-tablets","9":"first","10":"instock","11":"featured","12":"shipping-taxable","13":"product-type-simple"},"_links":{"self":[{"href":"https:\/\/skyphone.ec\/index.php\/wp-json\/wp\/v2\/product\/987","targetHints":{"allow":["GET"]}}],"collection":[{"href":"https:\/\/skyphone.ec\/index.php\/wp-json\/wp\/v2\/product"}],"about":[{"href":"https:\/\/skyphone.ec\/index.php\/wp-json\/wp\/v2\/types\/product"}],"replies":[{"embeddable":true,"href":"https:\/\/skyphone.ec\/index.php\/wp-json\/wp\/v2\/comments?post=987"}],"wp:featuredmedia":[{"embeddable":true,"href":"https:\/\/skyphone.ec\/index.php\/wp-json\/wp\/v2\/media\/998"}],"wp:attachment":[{"href":"https:\/\/skyphone.ec\/index.php\/wp-json\/wp\/v2\/media?parent=987"}],"wp:term":[{"taxonomy":"product_brand","embeddable":true,"href":"https:\/\/skyphone.ec\/index.php\/wp-json\/wp\/v2\/product_brand?post=987"},{"taxonomy":"product_cat","embeddable":true,"href":"https:\/\/skyphone.ec\/index.php\/wp-json\/wp\/v2\/product_cat?post=987"},{"taxonomy":"product_tag","embeddable":true,"href":"https:\/\/skyphone.ec\/index.php\/wp-json\/wp\/v2\/product_tag?post=987"}],"curies":[{"name":"wp","href":"https:\/\/api.w.org\/{rel}","templated":true}]}}