{"id":983,"date":"2026-01-18T20:23:15","date_gmt":"2026-01-18T20:23:15","guid":{"rendered":"https:\/\/skyphone.ec\/?post_type=product&#038;p=983"},"modified":"2026-02-16T20:45:11","modified_gmt":"2026-02-16T20:45:11","slug":"redmi-watch-5-lite","status":"publish","type":"product","link":"https:\/\/skyphone.ec\/index.php\/producto\/redmi-watch-5-lite\/","title":{"rendered":"Redmi Watch 5 Lite"},"content":{"rendered":"<p><strong>Caracter\u00edsticas:<\/strong><\/p>\n<p>Dimensi\u00f3n: 48,1\u00a0mm\u00a0x\u00a039,2\u00a0mm\u00a0x\u00a010,6\u00a0mm<br \/>\nPeso: 29.2gr<br \/>\nPantalla: AMOLED 1,96 pulgadas<br \/>\nSensores: Sensor de frecuencia cardiaca (con sensor de ox\u00edgeno en sangre), Aceler\u00f3metro, Giroscopio<br \/>\nConectividad: Bluetooth 5.3<br \/>\nBater\u00eda: 470 mAh &#8211; Hasta 18 d\u00edas uso normal<br \/>\nResistencia: 5ATM<br \/>\nCompatibilidad: iOS y Android<br \/>\nOtros: GPS, Galileo, Glonass, BeiDou, QZSS<\/p>\n<p><strong>NOTA: (CONSULTAR DISPONIBILIDAD DE COLORES A TRAVES DE NUESTRO WHATSAPP ANTES DE REALIZAR TU COMPRA)<\/strong><\/p>\n","protected":false},"excerpt":{"rendered":"<p>Caracter\u00edsticas: Dimensi\u00f3n: 48,1\u00a0mm\u00a0x\u00a039,2\u00a0mm\u00a0x\u00a010,6\u00a0mm Peso: 29.2gr Pantalla: AMOLED 1,96 pulgadas Sensores: Sensor de frecuencia cardiaca (con sensor de ox\u00edgeno en sangre), Aceler\u00f3metro, Giroscopio Conectividad: Bluetooth 5.3 Bater\u00eda: 470 mAh &#8211; Hasta 18 d\u00edas uso normal Resistencia: 5ATM Compatibilidad: iOS y Android Otros: GPS, Galileo, Glonass, BeiDou, QZSS NOTA: (CONSULTAR DISPONIBILIDAD DE COLORES A TRAVES DE NUESTRO [&hellip;]<\/p>\n","protected":false},"featured_media":984,"comment_status":"open","ping_status":"closed","template":"","meta":[],"product_brand":[],"product_cat":[56,62],"product_tag":[],"class_list":{"0":"post-983","1":"product","2":"type-product","3":"status-publish","4":"has-post-thumbnail","6":"product_cat-smartwatch","7":"product_cat-redmi-smartwatch","9":"first","10":"instock","11":"featured","12":"shipping-taxable","13":"product-type-simple"},"_links":{"self":[{"href":"https:\/\/skyphone.ec\/index.php\/wp-json\/wp\/v2\/product\/983","targetHints":{"allow":["GET"]}}],"collection":[{"href":"https:\/\/skyphone.ec\/index.php\/wp-json\/wp\/v2\/product"}],"about":[{"href":"https:\/\/skyphone.ec\/index.php\/wp-json\/wp\/v2\/types\/product"}],"replies":[{"embeddable":true,"href":"https:\/\/skyphone.ec\/index.php\/wp-json\/wp\/v2\/comments?post=983"}],"wp:featuredmedia":[{"embeddable":true,"href":"https:\/\/skyphone.ec\/index.php\/wp-json\/wp\/v2\/media\/984"}],"wp:attachment":[{"href":"https:\/\/skyphone.ec\/index.php\/wp-json\/wp\/v2\/media?parent=983"}],"wp:term":[{"taxonomy":"product_brand","embeddable":true,"href":"https:\/\/skyphone.ec\/index.php\/wp-json\/wp\/v2\/product_brand?post=983"},{"taxonomy":"product_cat","embeddable":true,"href":"https:\/\/skyphone.ec\/index.php\/wp-json\/wp\/v2\/product_cat?post=983"},{"taxonomy":"product_tag","embeddable":true,"href":"https:\/\/skyphone.ec\/index.php\/wp-json\/wp\/v2\/product_tag?post=983"}],"curies":[{"name":"wp","href":"https:\/\/api.w.org\/{rel}","templated":true}]}}