{"id":976,"date":"2026-01-17T23:53:11","date_gmt":"2026-01-17T23:53:11","guid":{"rendered":"https:\/\/skyphone.ec\/?post_type=product&#038;p=976"},"modified":"2026-01-18T00:02:59","modified_gmt":"2026-01-18T00:02:59","slug":"xiaomi-smart-band-9","status":"publish","type":"product","link":"https:\/\/skyphone.ec\/index.php\/producto\/xiaomi-smart-band-9\/","title":{"rendered":"Xiaomi Smart Band 9"},"content":{"rendered":"<p><strong>Caracter\u00edsticas:<\/strong><\/p>\n<p>Dimensi\u00f3n: 46.53mm x 21,63mm x 10,95mm<br \/>\nPeso: 22.4gr<br \/>\nPantalla: AMOLED 1,62&#8243; 192 x 490<br \/>\nSensores: Sensor de alta precisi\u00f3n, Sensor de frecuencia cardiaca, Sensor de luz ambiental<br \/>\nConectividad: Bluetooth 5.4<br \/>\nBater\u00eda: 233 mAh &#8211; Hasta 21 d\u00edas con uso t\u00edpico (9 d\u00edas con AOD activo)<br \/>\nResistencia: Resistencia al agua 5ATM<br \/>\nCompatibilidad: iOS y Android<br \/>\nOtros: Aplicaci\u00f3n: Mi Fitness<\/p>\n<p><strong>NOTA: (CONSULTAR DISPONIBILIDAD DE COLORES A TRAVES DE NUESTRO WHATSAPP ANTES DE REALIZAR TU COMPRA)<\/strong><\/p>\n","protected":false},"excerpt":{"rendered":"<p>Caracter\u00edsticas: Dimensi\u00f3n: 46.53mm x 21,63mm x 10,95mm Peso: 22.4gr Pantalla: AMOLED 1,62&#8243; 192 x 490 Sensores: Sensor de alta precisi\u00f3n, Sensor de frecuencia cardiaca, Sensor de luz ambiental Conectividad: Bluetooth 5.4 Bater\u00eda: 233 mAh &#8211; Hasta 21 d\u00edas con uso t\u00edpico (9 d\u00edas con AOD activo) Resistencia: Resistencia al agua 5ATM Compatibilidad: iOS y Android [&hellip;]<\/p>\n","protected":false},"featured_media":977,"comment_status":"open","ping_status":"closed","template":"","meta":[],"product_brand":[],"product_cat":[56,61],"product_tag":[],"class_list":{"0":"post-976","1":"product","2":"type-product","3":"status-publish","4":"has-post-thumbnail","6":"product_cat-smartwatch","7":"product_cat-xiaomi-smartwatch","9":"first","10":"instock","11":"shipping-taxable","12":"product-type-simple"},"_links":{"self":[{"href":"https:\/\/skyphone.ec\/index.php\/wp-json\/wp\/v2\/product\/976","targetHints":{"allow":["GET"]}}],"collection":[{"href":"https:\/\/skyphone.ec\/index.php\/wp-json\/wp\/v2\/product"}],"about":[{"href":"https:\/\/skyphone.ec\/index.php\/wp-json\/wp\/v2\/types\/product"}],"replies":[{"embeddable":true,"href":"https:\/\/skyphone.ec\/index.php\/wp-json\/wp\/v2\/comments?post=976"}],"wp:featuredmedia":[{"embeddable":true,"href":"https:\/\/skyphone.ec\/index.php\/wp-json\/wp\/v2\/media\/977"}],"wp:attachment":[{"href":"https:\/\/skyphone.ec\/index.php\/wp-json\/wp\/v2\/media?parent=976"}],"wp:term":[{"taxonomy":"product_brand","embeddable":true,"href":"https:\/\/skyphone.ec\/index.php\/wp-json\/wp\/v2\/product_brand?post=976"},{"taxonomy":"product_cat","embeddable":true,"href":"https:\/\/skyphone.ec\/index.php\/wp-json\/wp\/v2\/product_cat?post=976"},{"taxonomy":"product_tag","embeddable":true,"href":"https:\/\/skyphone.ec\/index.php\/wp-json\/wp\/v2\/product_tag?post=976"}],"curies":[{"name":"wp","href":"https:\/\/api.w.org\/{rel}","templated":true}]}}