{"id":974,"date":"2026-01-17T23:27:57","date_gmt":"2026-01-17T23:27:57","guid":{"rendered":"https:\/\/skyphone.ec\/?post_type=product&#038;p=974"},"modified":"2026-01-17T23:52:43","modified_gmt":"2026-01-17T23:52:43","slug":"xiaomi-watch-s4","status":"publish","type":"product","link":"https:\/\/skyphone.ec\/index.php\/producto\/xiaomi-watch-s4\/","title":{"rendered":"Xiaomi Watch S4"},"content":{"rendered":"<p><strong>Caracter\u00edsticas:<\/strong><\/p>\n<p>Dimensiones: 47,3\u00a0mm\u00a0x\u00a047,3\u00a0mm\u00a0x\u00a012,0\u00a0mm<br \/>\nPeso: 44,5\u00a0g aprox. (sin la correa incluida)<br \/>\nPantalla: <span class=\"xm-text f-regular \" data-key=\"spec_25\" data-type=\"text\" data-id=\"0a87b957b4\">Resoluci\u00f3n: 466 x 466 p\u00edxeles, 326 \/<\/span><span class=\"xm-text f-regular \" data-key=\"spec_26\" data-type=\"text\" data-id=\"2c42810f76\">\u00a0AMOLED de 1,43&#8243;<\/span><span class=\"xm-text f-regular \" data-key=\"spec_27\" data-type=\"text\" data-id=\"a6145a226c\">Tasa de refresco de 60 Hz\/Modo de alto brillo de 1500\u00a0nits<\/span><br \/>\nProcesador: XRING T1<br \/>\nAlmacenamiento: 32 GB<br \/>\nSistema operativo: Xiaomi HyperOS 2<br \/>\nSensores: Sensor de frecuencia card\u00edaca (con sensor de ox\u00edgeno en sangre) | Aceler\u00f3metro | Giroscopio | Sensor de luz ambiental | Br\u00fajula electr\u00f3nica | Sensor de bar\u00f3metro | Sensor Hall<br \/>\nConectividad: <span class=\"xm-text f-regular \" data-key=\"spec_39\" data-type=\"text\" data-id=\"efb1f9ece7\">Bluetooth 5.3<\/span>Bluetooth <span class=\"xm-text f-regular \" data-key=\"spec_37\" data-type=\"text\" data-id=\"293f075662\">NFC: con compatibilidad<\/span><span class=\"xm-text f-regular \" data-key=\"spec_45\" data-type=\"text\" data-id=\"c4756af725\">*La disponibilidad de NFC puede variar seg\u00fan la regi\u00f3n. <\/span><span class=\"xm-text f-regular \" data-key=\"spec_38\" data-type=\"text\" data-id=\"4e715f5b5e\">Llamadas Bluetooth: con compatibilidad<\/span><span class=\"xm-text f-regular \" data-key=\"spec_46\" data-type=\"text\" data-id=\"2f7e1b4323\">\u00a0Actualmente, no se admiten llamadas de voz de aplicaciones de terceros.<\/span><br \/>\nBater\u00eda: <span class=\"xm-text f-regular \" data-key=\"spec_22\" data-type=\"text\" data-id=\"acf27fd42c\">Tiempo de uso normal: 15 d\u00edas\u00a0<\/span><span class=\"xm-text f-regular \" data-key=\"spec_23\" data-type=\"text\" data-id=\"31288039d3\">Capacidad: 486\u00a0mAh<\/span><br \/>\nResistencia: 5 ATM (50 metros)<br \/>\nCompatibilidad: Android\u00a08.0 y superiores o iOS 14.0 y superiores.<br \/>\nMateriales: Marco de aleaci\u00f3n de aluminio\/correa de fluorocarbono y correa de nailon<\/p>\n<p><strong>NOTA: (CONSULTAR DISPONIBILIDAD DE COLORES A TRAVES DE NUESTRO WHATSAPP ANTES DE REALIZAR TU COMPRA)<\/strong><\/p>\n","protected":false},"excerpt":{"rendered":"<p>Caracter\u00edsticas: Dimensiones: 47,3\u00a0mm\u00a0x\u00a047,3\u00a0mm\u00a0x\u00a012,0\u00a0mm Peso: 44,5\u00a0g aprox. (sin la correa incluida) Pantalla: Resoluci\u00f3n: 466 x 466 p\u00edxeles, 326 \/\u00a0AMOLED de 1,43&#8243;Tasa de refresco de 60 Hz\/Modo de alto brillo de 1500\u00a0nits Procesador: XRING T1 Almacenamiento: 32 GB Sistema operativo: Xiaomi HyperOS 2 Sensores: Sensor de frecuencia card\u00edaca (con sensor de ox\u00edgeno en sangre) | Aceler\u00f3metro | [&hellip;]<\/p>\n","protected":false},"featured_media":975,"comment_status":"open","ping_status":"closed","template":"","meta":[],"product_brand":[],"product_cat":[56,61],"product_tag":[],"class_list":{"0":"post-974","1":"product","2":"type-product","3":"status-publish","4":"has-post-thumbnail","6":"product_cat-smartwatch","7":"product_cat-xiaomi-smartwatch","9":"first","10":"instock","11":"shipping-taxable","12":"product-type-simple"},"_links":{"self":[{"href":"https:\/\/skyphone.ec\/index.php\/wp-json\/wp\/v2\/product\/974","targetHints":{"allow":["GET"]}}],"collection":[{"href":"https:\/\/skyphone.ec\/index.php\/wp-json\/wp\/v2\/product"}],"about":[{"href":"https:\/\/skyphone.ec\/index.php\/wp-json\/wp\/v2\/types\/product"}],"replies":[{"embeddable":true,"href":"https:\/\/skyphone.ec\/index.php\/wp-json\/wp\/v2\/comments?post=974"}],"wp:featuredmedia":[{"embeddable":true,"href":"https:\/\/skyphone.ec\/index.php\/wp-json\/wp\/v2\/media\/975"}],"wp:attachment":[{"href":"https:\/\/skyphone.ec\/index.php\/wp-json\/wp\/v2\/media?parent=974"}],"wp:term":[{"taxonomy":"product_brand","embeddable":true,"href":"https:\/\/skyphone.ec\/index.php\/wp-json\/wp\/v2\/product_brand?post=974"},{"taxonomy":"product_cat","embeddable":true,"href":"https:\/\/skyphone.ec\/index.php\/wp-json\/wp\/v2\/product_cat?post=974"},{"taxonomy":"product_tag","embeddable":true,"href":"https:\/\/skyphone.ec\/index.php\/wp-json\/wp\/v2\/product_tag?post=974"}],"curies":[{"name":"wp","href":"https:\/\/api.w.org\/{rel}","templated":true}]}}