{"id":972,"date":"2026-01-17T22:56:41","date_gmt":"2026-01-17T22:56:41","guid":{"rendered":"https:\/\/skyphone.ec\/?post_type=product&#038;p=972"},"modified":"2026-01-17T23:18:40","modified_gmt":"2026-01-17T23:18:40","slug":"xiaomi-smart-band-10","status":"publish","type":"product","link":"https:\/\/skyphone.ec\/index.php\/producto\/xiaomi-smart-band-10\/","title":{"rendered":"Xiaomi Smart Band 10"},"content":{"rendered":"<p><strong>Caracter\u00edsticas:<\/strong><\/p>\n<p>Dimensi\u00f3n: 46.57mm x 22,54mm x 10,95mm<br \/>\nPeso: Est\u00e1ndar 15,95g, Cer\u00e1mica 23,05g<br \/>\nSensores: Sensor \u00f3ptico de frecuencia card\u00edaca y ox\u00edgeno en sangre, Aceler\u00f3metro, Giroscopio, Sensor geomagn\u00e9tico.<br \/>\nConectividad: Bluetooth 5.4<br \/>\nBater\u00eda: 233 mAh &#8211; Tiempo de carga de 60 minutos aprox<br \/>\nResistencia: Resistencia al agua 5ATM<br \/>\nCompatibilidad: iOS y Android<br \/>\nOtros: Aplicaci\u00f3n: Mi Fitness<\/p>\n<p><strong>NOTA: (CONSULTAR DISPONIBILIDAD DE COLORES A TRAVES DE NUESTRO WHATSAPP ANTES DE REALIZAR TU COMPRA)<\/strong><\/p>\n","protected":false},"excerpt":{"rendered":"<p>Caracter\u00edsticas: Dimensi\u00f3n: 46.57mm x 22,54mm x 10,95mm Peso: Est\u00e1ndar 15,95g, Cer\u00e1mica 23,05g Sensores: Sensor \u00f3ptico de frecuencia card\u00edaca y ox\u00edgeno en sangre, Aceler\u00f3metro, Giroscopio, Sensor geomagn\u00e9tico. Conectividad: Bluetooth 5.4 Bater\u00eda: 233 mAh &#8211; Tiempo de carga de 60 minutos aprox Resistencia: Resistencia al agua 5ATM Compatibilidad: iOS y Android Otros: Aplicaci\u00f3n: Mi Fitness NOTA: (CONSULTAR [&hellip;]<\/p>\n","protected":false},"featured_media":973,"comment_status":"open","ping_status":"closed","template":"","meta":[],"product_brand":[],"product_cat":[56,61],"product_tag":[],"class_list":{"0":"post-972","1":"product","2":"type-product","3":"status-publish","4":"has-post-thumbnail","6":"product_cat-smartwatch","7":"product_cat-xiaomi-smartwatch","9":"first","10":"instock","11":"shipping-taxable","12":"product-type-simple"},"_links":{"self":[{"href":"https:\/\/skyphone.ec\/index.php\/wp-json\/wp\/v2\/product\/972","targetHints":{"allow":["GET"]}}],"collection":[{"href":"https:\/\/skyphone.ec\/index.php\/wp-json\/wp\/v2\/product"}],"about":[{"href":"https:\/\/skyphone.ec\/index.php\/wp-json\/wp\/v2\/types\/product"}],"replies":[{"embeddable":true,"href":"https:\/\/skyphone.ec\/index.php\/wp-json\/wp\/v2\/comments?post=972"}],"wp:featuredmedia":[{"embeddable":true,"href":"https:\/\/skyphone.ec\/index.php\/wp-json\/wp\/v2\/media\/973"}],"wp:attachment":[{"href":"https:\/\/skyphone.ec\/index.php\/wp-json\/wp\/v2\/media?parent=972"}],"wp:term":[{"taxonomy":"product_brand","embeddable":true,"href":"https:\/\/skyphone.ec\/index.php\/wp-json\/wp\/v2\/product_brand?post=972"},{"taxonomy":"product_cat","embeddable":true,"href":"https:\/\/skyphone.ec\/index.php\/wp-json\/wp\/v2\/product_cat?post=972"},{"taxonomy":"product_tag","embeddable":true,"href":"https:\/\/skyphone.ec\/index.php\/wp-json\/wp\/v2\/product_tag?post=972"}],"curies":[{"name":"wp","href":"https:\/\/api.w.org\/{rel}","templated":true}]}}