{"id":967,"date":"2026-01-17T18:40:48","date_gmt":"2026-01-17T18:40:48","guid":{"rendered":"https:\/\/skyphone.ec\/?post_type=product&#038;p=967"},"modified":"2026-03-13T16:32:58","modified_gmt":"2026-03-13T16:32:58","slug":"galaxy-tab10lite","status":"publish","type":"product","link":"https:\/\/skyphone.ec\/index.php\/producto\/galaxy-tab10lite\/","title":{"rendered":"Galaxy Tab S10 lite"},"content":{"rendered":"<p>Pantalla: LCD 10,9&#8243; 1320 x 2112<\/p>\n<p>Procesador: Exynos 1380<br \/>\nRAM: 6GB<br \/>\nAlmacenamiento: 128GB<br \/>\nC\u00e1mara frontal: 5MP<br \/>\nC\u00e1mara: Trasera: 8MP<br \/>\nBater\u00eda: 8.000 mAh &#8211; Carga r\u00e1pida: 25W<br \/>\nSO: (Android 15) One UI 7<br \/>\nOtros: S Pen en la caja, Altavoces duales AKG<\/p>\n<p><strong>NOTA: (CONSULTAR DISPONIBILIDAD DE COLORES A TRAVES DE NUESTRO WHATSAPP ANTES DE REALIZAR TU COMPRA)<\/strong><\/p>\n","protected":false},"excerpt":{"rendered":"<p>Pantalla: LCD 10,9&#8243; 1320 x 2112 Procesador: Exynos 1380 RAM: 6GB Almacenamiento: 128GB C\u00e1mara frontal: 5MP C\u00e1mara: Trasera: 8MP Bater\u00eda: 8.000 mAh &#8211; Carga r\u00e1pida: 25W SO: (Android 15) One UI 7 Otros: S Pen en la caja, Altavoces duales AKG NOTA: (CONSULTAR DISPONIBILIDAD DE COLORES A TRAVES DE NUESTRO WHATSAPP ANTES DE REALIZAR TU [&hellip;]<\/p>\n","protected":false},"featured_media":968,"comment_status":"open","ping_status":"closed","template":"","meta":[],"product_brand":[],"product_cat":[50,51],"product_tag":[],"class_list":{"0":"post-967","1":"product","2":"type-product","3":"status-publish","4":"has-post-thumbnail","6":"product_cat-tablets","7":"product_cat-samsung-tablets","9":"first","10":"instock","11":"shipping-taxable","12":"product-type-simple"},"_links":{"self":[{"href":"https:\/\/skyphone.ec\/index.php\/wp-json\/wp\/v2\/product\/967","targetHints":{"allow":["GET"]}}],"collection":[{"href":"https:\/\/skyphone.ec\/index.php\/wp-json\/wp\/v2\/product"}],"about":[{"href":"https:\/\/skyphone.ec\/index.php\/wp-json\/wp\/v2\/types\/product"}],"replies":[{"embeddable":true,"href":"https:\/\/skyphone.ec\/index.php\/wp-json\/wp\/v2\/comments?post=967"}],"wp:featuredmedia":[{"embeddable":true,"href":"https:\/\/skyphone.ec\/index.php\/wp-json\/wp\/v2\/media\/968"}],"wp:attachment":[{"href":"https:\/\/skyphone.ec\/index.php\/wp-json\/wp\/v2\/media?parent=967"}],"wp:term":[{"taxonomy":"product_brand","embeddable":true,"href":"https:\/\/skyphone.ec\/index.php\/wp-json\/wp\/v2\/product_brand?post=967"},{"taxonomy":"product_cat","embeddable":true,"href":"https:\/\/skyphone.ec\/index.php\/wp-json\/wp\/v2\/product_cat?post=967"},{"taxonomy":"product_tag","embeddable":true,"href":"https:\/\/skyphone.ec\/index.php\/wp-json\/wp\/v2\/product_tag?post=967"}],"curies":[{"name":"wp","href":"https:\/\/api.w.org\/{rel}","templated":true}]}}