{"id":963,"date":"2026-01-17T17:26:49","date_gmt":"2026-01-17T17:26:49","guid":{"rendered":"https:\/\/skyphone.ec\/?post_type=product&#038;p=963"},"modified":"2026-01-17T17:35:48","modified_gmt":"2026-01-17T17:35:48","slug":"apple-watch-series-11-gps","status":"publish","type":"product","link":"https:\/\/skyphone.ec\/index.php\/producto\/apple-watch-series-11-gps\/","title":{"rendered":"Apple Watch Series 11 (GPS)"},"content":{"rendered":"<p>Dimensiones: 42 mm: 42 x 36 x 9.7 mm \/ 46 mm: 46 x 39 x 9.7 mm<br \/>\nPeso: 30.3 g (42 mm) \/ 37.8 g (46 mm)<br \/>\nPantalla: Retina LTPO OLED Always-On, resoluci\u00f3n 374 x 446 (42 mm) \/ 416 x 496 (46 mm)<br \/>\nProcesador: Apple S10 (doble n\u00facleo de 64 bits con Neural Engine de 4 n\u00facleos)<br \/>\nAlmacenamiento: 64 GB<br \/>\nSensores: Ritmo card\u00edaco (\u00f3ptico y el\u00e9ctrico), SpO\u2082, Sensor de temperatura, Aceler\u00f3metro, Giroscopio, Br\u00fajula, Alt\u00edmetro siempre activo, Sensor de luz ambiental<br \/>\nConectividad: Bluetooth 5.3, Wi-Fi (2.4GHz \/ 5GHz), GPS\/GNSS, UWB (Ultra Wideband)<br \/>\nBater\u00eda: Hasta 24 horas de uso normal \/ 38 horas en modo de bajo consumo<br \/>\nResistencia: Hasta 50 metros (5 ATM) \/ Certificaci\u00f3n IP6X (polvo)<br \/>\nCompatibilidad: iOS 18 o superior (iPhone XS o posterior)<br \/>\nOtros: Carga r\u00e1pida (80% en 30 min), Detecci\u00f3n de accidentes y ca\u00eddas, watchOS 11<\/p>\n","protected":false},"excerpt":{"rendered":"<p>Dimensiones: 42 mm: 42 x 36 x 9.7 mm \/ 46 mm: 46 x 39 x 9.7 mm Peso: 30.3 g (42 mm) \/ 37.8 g (46 mm) Pantalla: Retina LTPO OLED Always-On, resoluci\u00f3n 374 x 446 (42 mm) \/ 416 x 496 (46 mm) Procesador: Apple S10 (doble n\u00facleo de 64 bits con Neural [&hellip;]<\/p>\n","protected":false},"featured_media":964,"comment_status":"open","ping_status":"closed","template":"","meta":[],"product_brand":[],"product_cat":[56,57],"product_tag":[],"class_list":{"0":"post-963","1":"product","2":"type-product","3":"status-publish","4":"has-post-thumbnail","6":"product_cat-smartwatch","7":"product_cat-apple-smartwatch","9":"first","10":"instock","11":"shipping-taxable","12":"product-type-simple"},"_links":{"self":[{"href":"https:\/\/skyphone.ec\/index.php\/wp-json\/wp\/v2\/product\/963","targetHints":{"allow":["GET"]}}],"collection":[{"href":"https:\/\/skyphone.ec\/index.php\/wp-json\/wp\/v2\/product"}],"about":[{"href":"https:\/\/skyphone.ec\/index.php\/wp-json\/wp\/v2\/types\/product"}],"replies":[{"embeddable":true,"href":"https:\/\/skyphone.ec\/index.php\/wp-json\/wp\/v2\/comments?post=963"}],"wp:featuredmedia":[{"embeddable":true,"href":"https:\/\/skyphone.ec\/index.php\/wp-json\/wp\/v2\/media\/964"}],"wp:attachment":[{"href":"https:\/\/skyphone.ec\/index.php\/wp-json\/wp\/v2\/media?parent=963"}],"wp:term":[{"taxonomy":"product_brand","embeddable":true,"href":"https:\/\/skyphone.ec\/index.php\/wp-json\/wp\/v2\/product_brand?post=963"},{"taxonomy":"product_cat","embeddable":true,"href":"https:\/\/skyphone.ec\/index.php\/wp-json\/wp\/v2\/product_cat?post=963"},{"taxonomy":"product_tag","embeddable":true,"href":"https:\/\/skyphone.ec\/index.php\/wp-json\/wp\/v2\/product_tag?post=963"}],"curies":[{"name":"wp","href":"https:\/\/api.w.org\/{rel}","templated":true}]}}