{"id":957,"date":"2026-01-17T16:45:18","date_gmt":"2026-01-17T16:45:18","guid":{"rendered":"https:\/\/skyphone.ec\/?post_type=product&#038;p=957"},"modified":"2026-03-04T20:05:50","modified_gmt":"2026-03-04T20:05:50","slug":"galaxy-a35","status":"publish","type":"product","link":"https:\/\/skyphone.ec\/index.php\/producto\/galaxy-a35\/","title":{"rendered":"Galaxy A35 5G"},"content":{"rendered":"<p>Pantalla: 6.6&#8243;, 1080 x 2340 pixels<br \/>\nProcesador:Exynos 1380 2.4GHz<br \/>\nRAM: 8RAM<br \/>\nAlmacenamiento: 128GB\/256GB<br \/>\nC\u00e1mara frontal: 13MP<br \/>\nC\u00e1maras traseras: 50MP + 8MP + 5MP<br \/>\nBater\u00eda: 5.000 mAh Carga r\u00e1pida: 25W<br \/>\nSO: Android 14 basado en One UI 6.1<\/p>\n<p><strong>NOTA: (CONSULTAR DISPONIBILIDAD DE COLORES A TRAVES DE NUESTO WHATSAPP ANTES DE REALIZAR TU COMPRA)<\/strong><\/p>\n","protected":false},"excerpt":{"rendered":"<p>Pantalla: 6.6&#8243;, 1080 x 2340 pixels Procesador:Exynos 1380 2.4GHz RAM: 8RAM Almacenamiento: 128GB\/256GB C\u00e1mara frontal: 13MP C\u00e1maras traseras: 50MP + 8MP + 5MP Bater\u00eda: 5.000 mAh Carga r\u00e1pida: 25W SO: Android 14 basado en One UI 6.1 NOTA: (CONSULTAR DISPONIBILIDAD DE COLORES A TRAVES DE NUESTO WHATSAPP ANTES DE REALIZAR TU COMPRA)<\/p>\n","protected":false},"featured_media":958,"comment_status":"open","ping_status":"closed","template":"","meta":[],"product_brand":[],"product_cat":[32,45],"product_tag":[],"class_list":{"0":"post-957","1":"product","2":"type-product","3":"status-publish","4":"has-post-thumbnail","6":"product_cat-telefonos","7":"product_cat-samsung","9":"first","10":"instock","11":"shipping-taxable","12":"product-type-simple"},"_links":{"self":[{"href":"https:\/\/skyphone.ec\/index.php\/wp-json\/wp\/v2\/product\/957","targetHints":{"allow":["GET"]}}],"collection":[{"href":"https:\/\/skyphone.ec\/index.php\/wp-json\/wp\/v2\/product"}],"about":[{"href":"https:\/\/skyphone.ec\/index.php\/wp-json\/wp\/v2\/types\/product"}],"replies":[{"embeddable":true,"href":"https:\/\/skyphone.ec\/index.php\/wp-json\/wp\/v2\/comments?post=957"}],"wp:featuredmedia":[{"embeddable":true,"href":"https:\/\/skyphone.ec\/index.php\/wp-json\/wp\/v2\/media\/958"}],"wp:attachment":[{"href":"https:\/\/skyphone.ec\/index.php\/wp-json\/wp\/v2\/media?parent=957"}],"wp:term":[{"taxonomy":"product_brand","embeddable":true,"href":"https:\/\/skyphone.ec\/index.php\/wp-json\/wp\/v2\/product_brand?post=957"},{"taxonomy":"product_cat","embeddable":true,"href":"https:\/\/skyphone.ec\/index.php\/wp-json\/wp\/v2\/product_cat?post=957"},{"taxonomy":"product_tag","embeddable":true,"href":"https:\/\/skyphone.ec\/index.php\/wp-json\/wp\/v2\/product_tag?post=957"}],"curies":[{"name":"wp","href":"https:\/\/api.w.org\/{rel}","templated":true}]}}