{"id":956,"date":"2026-01-16T23:40:44","date_gmt":"2026-01-16T23:40:44","guid":{"rendered":"https:\/\/skyphone.ec\/?post_type=product&#038;p=956"},"modified":"2026-01-16T23:48:10","modified_gmt":"2026-01-16T23:48:10","slug":"redmi-note-15-4g","status":"publish","type":"product","link":"https:\/\/skyphone.ec\/index.php\/producto\/redmi-note-15-4g\/","title":{"rendered":"Redmi Note 15 4G"},"content":{"rendered":"<p><strong>Caracter\u00edsticas:<\/strong><\/p>\n<p>Pantalla: AMOLED 6,77&#8243; 2392 x 1080<br \/>\nProcesador: Mediatek Helio G100 Ultra<br \/>\nRAM: 6GB &#8211; 8GB<br \/>\nAlmacenamiento: 128GB &#8211; 256GB<br \/>\nC\u00e1mara frontal: 20MP<br \/>\nC\u00e1maras traseras: 108MP + 2MP<br \/>\nBater\u00eda: 6000 mAh Carga r\u00e1pida: 33W<br \/>\nSO: Android 16 &#8211; HyperOS 2<br \/>\nOtros: Lector de huellas en pantalla, IP64, Dolby Atmos<\/p>\n<p><strong>NOTA: (CONSULTAR DISPONIBILIDAD DE COLORES A TRAVES DE NUESTO WHATSAPP ANTES DE REALIZAR TU COMPRA)<\/strong><\/p>\n","protected":false},"excerpt":{"rendered":"<p>Caracter\u00edsticas: Pantalla: AMOLED 6,77&#8243; 2392 x 1080 Procesador: Mediatek Helio G100 Ultra RAM: 6GB &#8211; 8GB Almacenamiento: 128GB &#8211; 256GB C\u00e1mara frontal: 20MP C\u00e1maras traseras: 108MP + 2MP Bater\u00eda: 6000 mAh Carga r\u00e1pida: 33W SO: Android 16 &#8211; HyperOS 2 Otros: Lector de huellas en pantalla, IP64, Dolby Atmos NOTA: (CONSULTAR DISPONIBILIDAD DE COLORES A [&hellip;]<\/p>\n","protected":false},"featured_media":928,"comment_status":"open","ping_status":"closed","template":"","meta":[],"product_brand":[],"product_cat":[32,43],"product_tag":[],"class_list":{"0":"post-956","1":"product","2":"type-product","3":"status-publish","4":"has-post-thumbnail","6":"product_cat-telefonos","7":"product_cat-redmi","9":"first","10":"instock","11":"shipping-taxable","12":"product-type-simple"},"_links":{"self":[{"href":"https:\/\/skyphone.ec\/index.php\/wp-json\/wp\/v2\/product\/956","targetHints":{"allow":["GET"]}}],"collection":[{"href":"https:\/\/skyphone.ec\/index.php\/wp-json\/wp\/v2\/product"}],"about":[{"href":"https:\/\/skyphone.ec\/index.php\/wp-json\/wp\/v2\/types\/product"}],"replies":[{"embeddable":true,"href":"https:\/\/skyphone.ec\/index.php\/wp-json\/wp\/v2\/comments?post=956"}],"wp:featuredmedia":[{"embeddable":true,"href":"https:\/\/skyphone.ec\/index.php\/wp-json\/wp\/v2\/media\/928"}],"wp:attachment":[{"href":"https:\/\/skyphone.ec\/index.php\/wp-json\/wp\/v2\/media?parent=956"}],"wp:term":[{"taxonomy":"product_brand","embeddable":true,"href":"https:\/\/skyphone.ec\/index.php\/wp-json\/wp\/v2\/product_brand?post=956"},{"taxonomy":"product_cat","embeddable":true,"href":"https:\/\/skyphone.ec\/index.php\/wp-json\/wp\/v2\/product_cat?post=956"},{"taxonomy":"product_tag","embeddable":true,"href":"https:\/\/skyphone.ec\/index.php\/wp-json\/wp\/v2\/product_tag?post=956"}],"curies":[{"name":"wp","href":"https:\/\/api.w.org\/{rel}","templated":true}]}}