{"id":952,"date":"2026-01-16T19:10:25","date_gmt":"2026-01-16T19:10:25","guid":{"rendered":"https:\/\/skyphone.ec\/?post_type=product&#038;p=952"},"modified":"2026-01-16T21:45:50","modified_gmt":"2026-01-16T21:45:50","slug":"magic-8-lite-5g","status":"publish","type":"product","link":"https:\/\/skyphone.ec\/index.php\/producto\/magic-8-lite-5g\/","title":{"rendered":"Magic 8 Lite 5G"},"content":{"rendered":"<p>Pantalla: 6,77&#8243; AMOLED<br \/>\nProcesador: Qualcomm Snapdragon 6 Gen 4<br \/>\nRAM: 8GB<br \/>\nAlmacenamiento: 256GB &#8211; 512GB<br \/>\nC\u00e1mara frontal: 16MP<br \/>\nC\u00e1maras traseras: 108MP + 5MP + 2MP<br \/>\nBater\u00eda: 8.300 mAh Carga r\u00e1pida: 66W<br \/>\nSO: Android 15 basado en Magic OS 9.0<br \/>\nOtros: WiFi 6, 5G, Bluetooth 5.1 IP66 &amp; IP68 &amp; IP69 &amp; IP69K<\/p>\n<p><strong>NOTA: (CONSULTAR DISPONIBILIDAD DE COLORES A TRAVES DE NUESTO WHATSAPP ANTES DE REALIZAR TU COMPRA)<\/strong><\/p>\n","protected":false},"excerpt":{"rendered":"<p>Pantalla: 6,77&#8243; AMOLED Procesador: Qualcomm Snapdragon 6 Gen 4 RAM: 8GB Almacenamiento: 256GB &#8211; 512GB C\u00e1mara frontal: 16MP C\u00e1maras traseras: 108MP + 5MP + 2MP Bater\u00eda: 8.300 mAh Carga r\u00e1pida: 66W SO: Android 15 basado en Magic OS 9.0 Otros: WiFi 6, 5G, Bluetooth 5.1 IP66 &amp; IP68 &amp; IP69 &amp; IP69K NOTA: (CONSULTAR DISPONIBILIDAD [&hellip;]<\/p>\n","protected":false},"featured_media":953,"comment_status":"open","ping_status":"closed","template":"","meta":[],"product_brand":[],"product_cat":[32,48],"product_tag":[],"class_list":{"0":"post-952","1":"product","2":"type-product","3":"status-publish","4":"has-post-thumbnail","6":"product_cat-telefonos","7":"product_cat-honor","9":"first","10":"instock","11":"shipping-taxable","12":"product-type-simple"},"_links":{"self":[{"href":"https:\/\/skyphone.ec\/index.php\/wp-json\/wp\/v2\/product\/952","targetHints":{"allow":["GET"]}}],"collection":[{"href":"https:\/\/skyphone.ec\/index.php\/wp-json\/wp\/v2\/product"}],"about":[{"href":"https:\/\/skyphone.ec\/index.php\/wp-json\/wp\/v2\/types\/product"}],"replies":[{"embeddable":true,"href":"https:\/\/skyphone.ec\/index.php\/wp-json\/wp\/v2\/comments?post=952"}],"wp:featuredmedia":[{"embeddable":true,"href":"https:\/\/skyphone.ec\/index.php\/wp-json\/wp\/v2\/media\/953"}],"wp:attachment":[{"href":"https:\/\/skyphone.ec\/index.php\/wp-json\/wp\/v2\/media?parent=952"}],"wp:term":[{"taxonomy":"product_brand","embeddable":true,"href":"https:\/\/skyphone.ec\/index.php\/wp-json\/wp\/v2\/product_brand?post=952"},{"taxonomy":"product_cat","embeddable":true,"href":"https:\/\/skyphone.ec\/index.php\/wp-json\/wp\/v2\/product_cat?post=952"},{"taxonomy":"product_tag","embeddable":true,"href":"https:\/\/skyphone.ec\/index.php\/wp-json\/wp\/v2\/product_tag?post=952"}],"curies":[{"name":"wp","href":"https:\/\/api.w.org\/{rel}","templated":true}]}}