{"id":945,"date":"2026-01-16T17:39:36","date_gmt":"2026-01-16T17:39:36","guid":{"rendered":"https:\/\/skyphone.ec\/?post_type=product&#038;p=945"},"modified":"2026-01-16T23:38:13","modified_gmt":"2026-01-16T23:38:13","slug":"redmi-pad-2","status":"publish","type":"product","link":"https:\/\/skyphone.ec\/index.php\/producto\/redmi-pad-2\/","title":{"rendered":"Redmi Pad 2"},"content":{"rendered":"<p><strong>Caracter\u00edsticas:<\/strong><\/p>\n<p>Pantalla: LCD 11&#8243; Full HD+<br \/>\nProcesador: Mediatek Helio G100 Ultra<br \/>\nRAM: 8GB<br \/>\nAlmacenamiento: 256GB &#8211; Expandible hasta 1TB<br \/>\nC\u00e1mara frontal: 8MP<br \/>\nC\u00e1mara trasera: 8MP<br \/>\nBater\u00eda: 9.000 mAh &#8211; Carga r\u00e1pida: 18W<br \/>\nSO: Android 15 HyperOs 2.0<br \/>\nOtros: Cu\u00e1druple altavoz, Dolby Atmos, 3.5MM<\/p>\n<p><strong>NOTA: (CONSULTAR DISPONIBILIDAD DE COLORES A TRAVES DE NUESTRO WHATSAPP ANTES DE REALIZAR TU COMPRA)<\/strong><\/p>\n","protected":false},"excerpt":{"rendered":"<p>Caracter\u00edsticas: Pantalla: LCD 11&#8243; Full HD+ Procesador: Mediatek Helio G100 Ultra RAM: 8GB Almacenamiento: 256GB &#8211; Expandible hasta 1TB C\u00e1mara frontal: 8MP C\u00e1mara trasera: 8MP Bater\u00eda: 9.000 mAh &#8211; Carga r\u00e1pida: 18W SO: Android 15 HyperOs 2.0 Otros: Cu\u00e1druple altavoz, Dolby Atmos, 3.5MM NOTA: (CONSULTAR DISPONIBILIDAD DE COLORES A TRAVES DE NUESTRO WHATSAPP ANTES DE [&hellip;]<\/p>\n","protected":false},"featured_media":923,"comment_status":"open","ping_status":"closed","template":"","meta":[],"product_brand":[],"product_cat":[50,55],"product_tag":[],"class_list":{"0":"post-945","1":"product","2":"type-product","3":"status-publish","4":"has-post-thumbnail","6":"product_cat-tablets","7":"product_cat-redmi-tablets","9":"first","10":"instock","11":"shipping-taxable","12":"product-type-simple"},"_links":{"self":[{"href":"https:\/\/skyphone.ec\/index.php\/wp-json\/wp\/v2\/product\/945","targetHints":{"allow":["GET"]}}],"collection":[{"href":"https:\/\/skyphone.ec\/index.php\/wp-json\/wp\/v2\/product"}],"about":[{"href":"https:\/\/skyphone.ec\/index.php\/wp-json\/wp\/v2\/types\/product"}],"replies":[{"embeddable":true,"href":"https:\/\/skyphone.ec\/index.php\/wp-json\/wp\/v2\/comments?post=945"}],"wp:featuredmedia":[{"embeddable":true,"href":"https:\/\/skyphone.ec\/index.php\/wp-json\/wp\/v2\/media\/923"}],"wp:attachment":[{"href":"https:\/\/skyphone.ec\/index.php\/wp-json\/wp\/v2\/media?parent=945"}],"wp:term":[{"taxonomy":"product_brand","embeddable":true,"href":"https:\/\/skyphone.ec\/index.php\/wp-json\/wp\/v2\/product_brand?post=945"},{"taxonomy":"product_cat","embeddable":true,"href":"https:\/\/skyphone.ec\/index.php\/wp-json\/wp\/v2\/product_cat?post=945"},{"taxonomy":"product_tag","embeddable":true,"href":"https:\/\/skyphone.ec\/index.php\/wp-json\/wp\/v2\/product_tag?post=945"}],"curies":[{"name":"wp","href":"https:\/\/api.w.org\/{rel}","templated":true}]}}