{"id":940,"date":"2026-01-15T22:43:28","date_gmt":"2026-01-15T22:43:28","guid":{"rendered":"https:\/\/skyphone.ec\/?post_type=product&#038;p=940"},"modified":"2026-03-20T23:16:35","modified_gmt":"2026-03-20T23:16:35","slug":"redmi-note-14-pro-5g","status":"publish","type":"product","link":"https:\/\/skyphone.ec\/index.php\/producto\/redmi-note-14-pro-5g\/","title":{"rendered":"Redmi Note 14 Pro 5G"},"content":{"rendered":"<p><strong>Caracter\u00edsticas:<\/strong><\/p>\n<p>Pantalla: AMOLED 6,67&#8243; FullHD+ 2400 x 1080<br \/>\nProcesador: Mediatek Dimensity 7300 Ultra<br \/>\nRAM: 8GB &#8211; 12GB<br \/>\nAlmacenamiento: 256GB &#8211; 512GB<br \/>\nC\u00e1mara frontal: 20MP<br \/>\nC\u00e1maras traseras: 200MP + 8MP + 2PMP<br \/>\nBater\u00eda: 5.110 mAh Carga r\u00e1pida: 45W<br \/>\nSO: Android 14 &#8211; HyperOS<br \/>\nOtros: Lector de huellas en pantalla, IP68, Dolby Atmos<\/p>\n<p><strong>NOTA: (CONSULTAR DISPONIBILIDAD DE COLORES A TRAVES DE NUESTO WHATSAPP ANTES DE REALIZAR TU COMPRA)<\/strong><\/p>\n","protected":false},"excerpt":{"rendered":"<p>Caracter\u00edsticas: Pantalla: AMOLED 6,67&#8243; FullHD+ 2400 x 1080 Procesador: Mediatek Dimensity 7300 Ultra RAM: 8GB &#8211; 12GB Almacenamiento: 256GB &#8211; 512GB C\u00e1mara frontal: 20MP C\u00e1maras traseras: 200MP + 8MP + 2PMP Bater\u00eda: 5.110 mAh Carga r\u00e1pida: 45W SO: Android 14 &#8211; HyperOS Otros: Lector de huellas en pantalla, IP68, Dolby Atmos NOTA: (CONSULTAR DISPONIBILIDAD DE [&hellip;]<\/p>\n","protected":false},"featured_media":918,"comment_status":"open","ping_status":"closed","template":"","meta":[],"product_brand":[],"product_cat":[32,43],"product_tag":[],"class_list":{"0":"post-940","1":"product","2":"type-product","3":"status-publish","4":"has-post-thumbnail","6":"product_cat-telefonos","7":"product_cat-redmi","9":"first","10":"instock","11":"shipping-taxable","12":"product-type-simple"},"_links":{"self":[{"href":"https:\/\/skyphone.ec\/index.php\/wp-json\/wp\/v2\/product\/940","targetHints":{"allow":["GET"]}}],"collection":[{"href":"https:\/\/skyphone.ec\/index.php\/wp-json\/wp\/v2\/product"}],"about":[{"href":"https:\/\/skyphone.ec\/index.php\/wp-json\/wp\/v2\/types\/product"}],"replies":[{"embeddable":true,"href":"https:\/\/skyphone.ec\/index.php\/wp-json\/wp\/v2\/comments?post=940"}],"wp:featuredmedia":[{"embeddable":true,"href":"https:\/\/skyphone.ec\/index.php\/wp-json\/wp\/v2\/media\/918"}],"wp:attachment":[{"href":"https:\/\/skyphone.ec\/index.php\/wp-json\/wp\/v2\/media?parent=940"}],"wp:term":[{"taxonomy":"product_brand","embeddable":true,"href":"https:\/\/skyphone.ec\/index.php\/wp-json\/wp\/v2\/product_brand?post=940"},{"taxonomy":"product_cat","embeddable":true,"href":"https:\/\/skyphone.ec\/index.php\/wp-json\/wp\/v2\/product_cat?post=940"},{"taxonomy":"product_tag","embeddable":true,"href":"https:\/\/skyphone.ec\/index.php\/wp-json\/wp\/v2\/product_tag?post=940"}],"curies":[{"name":"wp","href":"https:\/\/api.w.org\/{rel}","templated":true}]}}