{"id":938,"date":"2026-01-15T21:42:43","date_gmt":"2026-01-15T21:42:43","guid":{"rendered":"https:\/\/skyphone.ec\/?post_type=product&#038;p=938"},"modified":"2026-01-15T22:01:49","modified_gmt":"2026-01-15T22:01:49","slug":"redmi-note-14s","status":"publish","type":"product","link":"https:\/\/skyphone.ec\/index.php\/producto\/redmi-note-14s\/","title":{"rendered":"Redmi Note 14S 4G"},"content":{"rendered":"<p><strong>Caracter\u00edsticas:<\/strong><\/p>\n<p>Pantalla: AMOLED 6,67&#8243; 1B colors, BFullHD+ 2400 x 1080<br \/>\nProcesador: Mediatek Helio G99 Ultra<br \/>\nRAM: 8GB<br \/>\nAlmacenamiento: 256GB<br \/>\nC\u00e1mara frontal: 16MP<br \/>\nC\u00e1maras traseras: 200MP + 8MP + 2MP<br \/>\nBater\u00eda: 5.000 mAh Carga r\u00e1pida: 67W<br \/>\nSO: Android 15 &#8211; HyperOS<br \/>\nOtros: Lector de huellas en pantalla, IP64,<\/p>\n<p><strong>NOTA: (CONSULTAR DISPONIBILIDAD DE COLORES A TRAVES DE NUESTO WHATSAPP ANTES DE REALIZAR TU COMPRA)<\/strong><\/p>\n","protected":false},"excerpt":{"rendered":"<p>Caracter\u00edsticas: Pantalla: AMOLED 6,67&#8243; 1B colors, BFullHD+ 2400 x 1080 Procesador: Mediatek Helio G99 Ultra RAM: 8GB Almacenamiento: 256GB C\u00e1mara frontal: 16MP C\u00e1maras traseras: 200MP + 8MP + 2MP Bater\u00eda: 5.000 mAh Carga r\u00e1pida: 67W SO: Android 15 &#8211; HyperOS Otros: Lector de huellas en pantalla, IP64, NOTA: (CONSULTAR DISPONIBILIDAD DE COLORES A TRAVES DE [&hellip;]<\/p>\n","protected":false},"featured_media":916,"comment_status":"open","ping_status":"closed","template":"","meta":[],"product_brand":[],"product_cat":[32,43],"product_tag":[],"class_list":{"0":"post-938","1":"product","2":"type-product","3":"status-publish","4":"has-post-thumbnail","6":"product_cat-telefonos","7":"product_cat-redmi","9":"first","10":"instock","11":"shipping-taxable","12":"product-type-simple"},"_links":{"self":[{"href":"https:\/\/skyphone.ec\/index.php\/wp-json\/wp\/v2\/product\/938","targetHints":{"allow":["GET"]}}],"collection":[{"href":"https:\/\/skyphone.ec\/index.php\/wp-json\/wp\/v2\/product"}],"about":[{"href":"https:\/\/skyphone.ec\/index.php\/wp-json\/wp\/v2\/types\/product"}],"replies":[{"embeddable":true,"href":"https:\/\/skyphone.ec\/index.php\/wp-json\/wp\/v2\/comments?post=938"}],"wp:featuredmedia":[{"embeddable":true,"href":"https:\/\/skyphone.ec\/index.php\/wp-json\/wp\/v2\/media\/916"}],"wp:attachment":[{"href":"https:\/\/skyphone.ec\/index.php\/wp-json\/wp\/v2\/media?parent=938"}],"wp:term":[{"taxonomy":"product_brand","embeddable":true,"href":"https:\/\/skyphone.ec\/index.php\/wp-json\/wp\/v2\/product_brand?post=938"},{"taxonomy":"product_cat","embeddable":true,"href":"https:\/\/skyphone.ec\/index.php\/wp-json\/wp\/v2\/product_cat?post=938"},{"taxonomy":"product_tag","embeddable":true,"href":"https:\/\/skyphone.ec\/index.php\/wp-json\/wp\/v2\/product_tag?post=938"}],"curies":[{"name":"wp","href":"https:\/\/api.w.org\/{rel}","templated":true}]}}