{"id":937,"date":"2026-01-15T20:29:27","date_gmt":"2026-01-15T20:29:27","guid":{"rendered":"https:\/\/skyphone.ec\/?post_type=product&#038;p=937"},"modified":"2026-01-15T21:42:08","modified_gmt":"2026-01-15T21:42:08","slug":"redmi-note-14-4g","status":"publish","type":"product","link":"https:\/\/skyphone.ec\/index.php\/producto\/redmi-note-14-4g\/","title":{"rendered":"Redmi Note 14 4G"},"content":{"rendered":"<p><strong>Caracter\u00edsticas:<\/strong><\/p>\n<p>Pantalla: AMOLED 6,67&#8243; FullHD+ 2400 x 1080<br \/>\nProcesador: Mediatek Helio G99 Ultra<br \/>\nRAM: 6GB &#8211; 8GB<br \/>\nAlmacenamiento: 128GB &#8211; 256GB<br \/>\nC\u00e1mara frontal: 20MP<br \/>\nC\u00e1maras traseras: 108MP + 2MP + 2MP<br \/>\nBater\u00eda: 5.500 mAh Carga r\u00e1pida: 33W<br \/>\nSO: Android 14 &#8211; HyperOS<br \/>\nOtros: Lector de huellas en pantalla, IP54<\/p>\n<p><strong>NOTA: (CONSULTAR DISPONIBILIDAD DE COLORES A TRAVES DE NUESTO WHATSAPP ANTES DE REALIZAR TU COMPRA)<\/strong><\/p>\n","protected":false},"excerpt":{"rendered":"<p>Caracter\u00edsticas: Pantalla: AMOLED 6,67&#8243; FullHD+ 2400 x 1080 Procesador: Mediatek Helio G99 Ultra RAM: 6GB &#8211; 8GB Almacenamiento: 128GB &#8211; 256GB C\u00e1mara frontal: 20MP C\u00e1maras traseras: 108MP + 2MP + 2MP Bater\u00eda: 5.500 mAh Carga r\u00e1pida: 33W SO: Android 14 &#8211; HyperOS Otros: Lector de huellas en pantalla, IP54 NOTA: (CONSULTAR DISPONIBILIDAD DE COLORES A [&hellip;]<\/p>\n","protected":false},"featured_media":921,"comment_status":"open","ping_status":"closed","template":"","meta":[],"product_brand":[],"product_cat":[32,43],"product_tag":[],"class_list":{"0":"post-937","1":"product","2":"type-product","3":"status-publish","4":"has-post-thumbnail","6":"product_cat-telefonos","7":"product_cat-redmi","9":"first","10":"instock","11":"shipping-taxable","12":"product-type-simple"},"_links":{"self":[{"href":"https:\/\/skyphone.ec\/index.php\/wp-json\/wp\/v2\/product\/937","targetHints":{"allow":["GET"]}}],"collection":[{"href":"https:\/\/skyphone.ec\/index.php\/wp-json\/wp\/v2\/product"}],"about":[{"href":"https:\/\/skyphone.ec\/index.php\/wp-json\/wp\/v2\/types\/product"}],"replies":[{"embeddable":true,"href":"https:\/\/skyphone.ec\/index.php\/wp-json\/wp\/v2\/comments?post=937"}],"wp:featuredmedia":[{"embeddable":true,"href":"https:\/\/skyphone.ec\/index.php\/wp-json\/wp\/v2\/media\/921"}],"wp:attachment":[{"href":"https:\/\/skyphone.ec\/index.php\/wp-json\/wp\/v2\/media?parent=937"}],"wp:term":[{"taxonomy":"product_brand","embeddable":true,"href":"https:\/\/skyphone.ec\/index.php\/wp-json\/wp\/v2\/product_brand?post=937"},{"taxonomy":"product_cat","embeddable":true,"href":"https:\/\/skyphone.ec\/index.php\/wp-json\/wp\/v2\/product_cat?post=937"},{"taxonomy":"product_tag","embeddable":true,"href":"https:\/\/skyphone.ec\/index.php\/wp-json\/wp\/v2\/product_tag?post=937"}],"curies":[{"name":"wp","href":"https:\/\/api.w.org\/{rel}","templated":true}]}}