{"id":933,"date":"2026-01-15T17:07:52","date_gmt":"2026-01-15T17:07:52","guid":{"rendered":"https:\/\/skyphone.ec\/?post_type=product&#038;p=933"},"modified":"2026-02-16T17:37:54","modified_gmt":"2026-02-16T17:37:54","slug":"poco-f8-pro","status":"publish","type":"product","link":"https:\/\/skyphone.ec\/index.php\/producto\/poco-f8-pro\/","title":{"rendered":"Poco F8 Pro"},"content":{"rendered":"<p><strong>Caracter\u00edsticas:<\/strong><\/p>\n<p>Pantalla: 6,59&#8243; AMOLED 1156 x 2510<br \/>\nProcesador: Snapdragon 8 Elite<br \/>\nMemoria RAM: 12GB<br \/>\nAlmacenamiento: 512GB<br \/>\nC\u00e1mara frontal: 20MP<br \/>\nC\u00e1mara trasera: 50MP &#8211; 50MP &#8211; 8MP<br \/>\nBater\u00eda: 6.210 mAh &#8211; Carga r\u00e1pida: 100W<br \/>\nSO: (Android 16) HyperOS 3<br \/>\nOtros: Dolby Atmos (Tuned by Bose), Dolby Vision y Hi-Res, IP68<\/p>\n<p><strong>NOTA: (CONSULTAR DISPONIBILIDAD DE COLORES A TRAVES DE NUESTRO WHATSAPP ANTES DE REALIZAR TU COMPRA)<\/strong><\/p>\n","protected":false},"excerpt":{"rendered":"<p>Caracter\u00edsticas: Pantalla: 6,59&#8243; AMOLED 1156 x 2510 Procesador: Snapdragon 8 Elite Memoria RAM: 12GB Almacenamiento: 512GB C\u00e1mara frontal: 20MP C\u00e1mara trasera: 50MP &#8211; 50MP &#8211; 8MP Bater\u00eda: 6.210 mAh &#8211; Carga r\u00e1pida: 100W SO: (Android 16) HyperOS 3 Otros: Dolby Atmos (Tuned by Bose), Dolby Vision y Hi-Res, IP68 NOTA: (CONSULTAR DISPONIBILIDAD DE COLORES A [&hellip;]<\/p>\n","protected":false},"featured_media":930,"comment_status":"open","ping_status":"closed","template":"","meta":[],"product_brand":[],"product_cat":[32,44],"product_tag":[],"class_list":{"0":"post-933","1":"product","2":"type-product","3":"status-publish","4":"has-post-thumbnail","6":"product_cat-telefonos","7":"product_cat-poco","9":"first","10":"instock","11":"shipping-taxable","12":"product-type-simple"},"_links":{"self":[{"href":"https:\/\/skyphone.ec\/index.php\/wp-json\/wp\/v2\/product\/933","targetHints":{"allow":["GET"]}}],"collection":[{"href":"https:\/\/skyphone.ec\/index.php\/wp-json\/wp\/v2\/product"}],"about":[{"href":"https:\/\/skyphone.ec\/index.php\/wp-json\/wp\/v2\/types\/product"}],"replies":[{"embeddable":true,"href":"https:\/\/skyphone.ec\/index.php\/wp-json\/wp\/v2\/comments?post=933"}],"wp:featuredmedia":[{"embeddable":true,"href":"https:\/\/skyphone.ec\/index.php\/wp-json\/wp\/v2\/media\/930"}],"wp:attachment":[{"href":"https:\/\/skyphone.ec\/index.php\/wp-json\/wp\/v2\/media?parent=933"}],"wp:term":[{"taxonomy":"product_brand","embeddable":true,"href":"https:\/\/skyphone.ec\/index.php\/wp-json\/wp\/v2\/product_brand?post=933"},{"taxonomy":"product_cat","embeddable":true,"href":"https:\/\/skyphone.ec\/index.php\/wp-json\/wp\/v2\/product_cat?post=933"},{"taxonomy":"product_tag","embeddable":true,"href":"https:\/\/skyphone.ec\/index.php\/wp-json\/wp\/v2\/product_tag?post=933"}],"curies":[{"name":"wp","href":"https:\/\/api.w.org\/{rel}","templated":true}]}}