{"id":927,"date":"2026-01-15T16:47:42","date_gmt":"2026-01-15T16:47:42","guid":{"rendered":"https:\/\/skyphone.ec\/?post_type=product&#038;p=927"},"modified":"2026-02-16T20:24:43","modified_gmt":"2026-02-16T20:24:43","slug":"poco-f7-ultra","status":"publish","type":"product","link":"https:\/\/skyphone.ec\/index.php\/producto\/poco-f7-ultra\/","title":{"rendered":"Poco F7 Ultra"},"content":{"rendered":"<p><strong>Caracter\u00edsticas:<\/strong><\/p>\n<p>Pantalla: 6,67&#8243; AMOLED 1440 x 3200<br \/>\nProcesador: Snapdragon 8 Elite<br \/>\nMemoria RAM: 16GB<br \/>\nAlmacenamiento: 512GB<br \/>\nC\u00e1mara frontal: 32MP<br \/>\nC\u00e1mara trasera: 50MP &#8211; 50MP &#8211; 32MP<br \/>\nBater\u00eda: 5.300 mAh &#8211; Carga r\u00e1pida: 120W &#8211; Carga inal\u00e1mbrica: 50W<br \/>\nSO: (Android 15) HyperOS 2<br \/>\nOtros: Camera Telephoto, Dolby Vision e IP68.<\/p>\n<p><strong>NOTA: (CONSULTAR DISPONIBILIDAD DE COLORES A TRAVES DE NUESTRO WHATSAPP ANTES DE REALIZAR TU COMPRA)<\/strong><\/p>\n","protected":false},"excerpt":{"rendered":"<p>Caracter\u00edsticas: Pantalla: 6,67&#8243; AMOLED 1440 x 3200 Procesador: Snapdragon 8 Elite Memoria RAM: 16GB Almacenamiento: 512GB C\u00e1mara frontal: 32MP C\u00e1mara trasera: 50MP &#8211; 50MP &#8211; 32MP Bater\u00eda: 5.300 mAh &#8211; Carga r\u00e1pida: 120W &#8211; Carga inal\u00e1mbrica: 50W SO: (Android 15) HyperOS 2 Otros: Camera Telephoto, Dolby Vision e IP68. NOTA: (CONSULTAR DISPONIBILIDAD DE COLORES A [&hellip;]<\/p>\n","protected":false},"featured_media":929,"comment_status":"open","ping_status":"closed","template":"","meta":[],"product_brand":[],"product_cat":[32,44],"product_tag":[],"class_list":{"0":"post-927","1":"product","2":"type-product","3":"status-publish","4":"has-post-thumbnail","6":"product_cat-telefonos","7":"product_cat-poco","9":"first","10":"instock","11":"shipping-taxable","12":"product-type-simple"},"_links":{"self":[{"href":"https:\/\/skyphone.ec\/index.php\/wp-json\/wp\/v2\/product\/927","targetHints":{"allow":["GET"]}}],"collection":[{"href":"https:\/\/skyphone.ec\/index.php\/wp-json\/wp\/v2\/product"}],"about":[{"href":"https:\/\/skyphone.ec\/index.php\/wp-json\/wp\/v2\/types\/product"}],"replies":[{"embeddable":true,"href":"https:\/\/skyphone.ec\/index.php\/wp-json\/wp\/v2\/comments?post=927"}],"wp:featuredmedia":[{"embeddable":true,"href":"https:\/\/skyphone.ec\/index.php\/wp-json\/wp\/v2\/media\/929"}],"wp:attachment":[{"href":"https:\/\/skyphone.ec\/index.php\/wp-json\/wp\/v2\/media?parent=927"}],"wp:term":[{"taxonomy":"product_brand","embeddable":true,"href":"https:\/\/skyphone.ec\/index.php\/wp-json\/wp\/v2\/product_brand?post=927"},{"taxonomy":"product_cat","embeddable":true,"href":"https:\/\/skyphone.ec\/index.php\/wp-json\/wp\/v2\/product_cat?post=927"},{"taxonomy":"product_tag","embeddable":true,"href":"https:\/\/skyphone.ec\/index.php\/wp-json\/wp\/v2\/product_tag?post=927"}],"curies":[{"name":"wp","href":"https:\/\/api.w.org\/{rel}","templated":true}]}}