{"id":913,"date":"2026-01-15T16:34:39","date_gmt":"2026-01-15T16:34:39","guid":{"rendered":"https:\/\/skyphone.ec\/?post_type=product&#038;p=913"},"modified":"2026-03-27T19:19:34","modified_gmt":"2026-03-27T19:19:34","slug":"poco-x7-pro","status":"publish","type":"product","link":"https:\/\/skyphone.ec\/index.php\/producto\/poco-x7-pro\/","title":{"rendered":"Poco X7 Pro"},"content":{"rendered":"<p><strong>Caracter\u00edsticas:<\/strong><\/p>\n<p>Pantalla: CrystalRes AMOLED 6,67&#8243; 1,5k 2712 x 1220<br \/>\nProcesador: Mediatek Dimensity 8400 Ultra<br \/>\nRAM: 8GB &#8211; 12GB<br \/>\nAlmacenamiento: 256GB &#8211; 512GB<br \/>\nC\u00e1mara frontal: 20MP<br \/>\nC\u00e1maras traseras: 50MP + 8MP<br \/>\nBater\u00eda: 6.000 mAh Carga r\u00e1pida: 90W<br \/>\nSO: Android 14 &#8211; HyperOS 2.0<br \/>\nOtros: Lector de huellas en pantalla, Dolby Atmos<\/p>\n<p><strong>NOTA: (CONSULTAR DISPONIBILIDAD DE COLORES A TRAVES DE NUESTO WHATSAPP ANTES DE REALIZAR TU COMPRA)<\/strong><\/p>\n","protected":false},"excerpt":{"rendered":"<p>Caracter\u00edsticas: Pantalla: CrystalRes AMOLED 6,67&#8243; 1,5k 2712 x 1220 Procesador: Mediatek Dimensity 8400 Ultra RAM: 8GB &#8211; 12GB Almacenamiento: 256GB &#8211; 512GB C\u00e1mara frontal: 20MP C\u00e1maras traseras: 50MP + 8MP Bater\u00eda: 6.000 mAh Carga r\u00e1pida: 90W SO: Android 14 &#8211; HyperOS 2.0 Otros: Lector de huellas en pantalla, Dolby Atmos NOTA: (CONSULTAR DISPONIBILIDAD DE COLORES [&hellip;]<\/p>\n","protected":false},"featured_media":914,"comment_status":"open","ping_status":"closed","template":"","meta":[],"product_brand":[],"product_cat":[32,44],"product_tag":[],"class_list":{"0":"post-913","1":"product","2":"type-product","3":"status-publish","4":"has-post-thumbnail","6":"product_cat-telefonos","7":"product_cat-poco","9":"first","10":"instock","11":"featured","12":"shipping-taxable","13":"product-type-simple"},"_links":{"self":[{"href":"https:\/\/skyphone.ec\/index.php\/wp-json\/wp\/v2\/product\/913","targetHints":{"allow":["GET"]}}],"collection":[{"href":"https:\/\/skyphone.ec\/index.php\/wp-json\/wp\/v2\/product"}],"about":[{"href":"https:\/\/skyphone.ec\/index.php\/wp-json\/wp\/v2\/types\/product"}],"replies":[{"embeddable":true,"href":"https:\/\/skyphone.ec\/index.php\/wp-json\/wp\/v2\/comments?post=913"}],"wp:featuredmedia":[{"embeddable":true,"href":"https:\/\/skyphone.ec\/index.php\/wp-json\/wp\/v2\/media\/914"}],"wp:attachment":[{"href":"https:\/\/skyphone.ec\/index.php\/wp-json\/wp\/v2\/media?parent=913"}],"wp:term":[{"taxonomy":"product_brand","embeddable":true,"href":"https:\/\/skyphone.ec\/index.php\/wp-json\/wp\/v2\/product_brand?post=913"},{"taxonomy":"product_cat","embeddable":true,"href":"https:\/\/skyphone.ec\/index.php\/wp-json\/wp\/v2\/product_cat?post=913"},{"taxonomy":"product_tag","embeddable":true,"href":"https:\/\/skyphone.ec\/index.php\/wp-json\/wp\/v2\/product_tag?post=913"}],"curies":[{"name":"wp","href":"https:\/\/api.w.org\/{rel}","templated":true}]}}