{"id":909,"date":"2026-01-15T16:16:48","date_gmt":"2026-01-15T16:16:48","guid":{"rendered":"https:\/\/skyphone.ec\/?post_type=product&#038;p=909"},"modified":"2026-01-15T18:53:21","modified_gmt":"2026-01-15T18:53:21","slug":"honor-x6c-play-9c","status":"publish","type":"product","link":"https:\/\/skyphone.ec\/index.php\/producto\/honor-x6c-play-9c\/","title":{"rendered":"Honor X6C (Play 9C)"},"content":{"rendered":"<p>Pantalla: TFT-LCD de 6,56&#8243; HD 720 x 1612<br \/>\nProcesador: Mediatek Helio G81 Ultra<br \/>\nRAM: 6GB &#8211; 8GB<br \/>\nAlmacenamiento: 256GB &#8211; Expandible hasta 1TB<br \/>\nC\u00e1mara frontal: 5MP<br \/>\nC\u00e1mara trasera: 50MP+QVGA<br \/>\nBater\u00eda: 5.300 mAh Carga r\u00e1pida: de 35 W<br \/>\nSO: MagicOS 9.0 (Android 15)<br \/>\nConectividad: 3.5MM, Sensor de huella dactilar, IP64, Bot\u00f3n IA integrado<\/p>\n<p><strong>NOTA: (CONSULTA DISPONIBILIDAD DE COLORES A TRAVES DE NUESTRO WHATSAPP ANTES DE REALIZAR TU COMPRA)<\/strong><\/p>\n","protected":false},"excerpt":{"rendered":"<p>Pantalla: TFT-LCD de 6,56&#8243; HD 720 x 1612 Procesador: Mediatek Helio G81 Ultra RAM: 6GB &#8211; 8GB Almacenamiento: 256GB &#8211; Expandible hasta 1TB C\u00e1mara frontal: 5MP C\u00e1mara trasera: 50MP+QVGA Bater\u00eda: 5.300 mAh Carga r\u00e1pida: de 35 W SO: MagicOS 9.0 (Android 15) Conectividad: 3.5MM, Sensor de huella dactilar, IP64, Bot\u00f3n IA integrado NOTA: (CONSULTA DISPONIBILIDAD [&hellip;]<\/p>\n","protected":false},"featured_media":910,"comment_status":"open","ping_status":"closed","template":"","meta":[],"product_brand":[],"product_cat":[32,48],"product_tag":[],"class_list":{"0":"post-909","1":"product","2":"type-product","3":"status-publish","4":"has-post-thumbnail","6":"product_cat-telefonos","7":"product_cat-honor","9":"first","10":"instock","11":"shipping-taxable","12":"product-type-simple"},"_links":{"self":[{"href":"https:\/\/skyphone.ec\/index.php\/wp-json\/wp\/v2\/product\/909","targetHints":{"allow":["GET"]}}],"collection":[{"href":"https:\/\/skyphone.ec\/index.php\/wp-json\/wp\/v2\/product"}],"about":[{"href":"https:\/\/skyphone.ec\/index.php\/wp-json\/wp\/v2\/types\/product"}],"replies":[{"embeddable":true,"href":"https:\/\/skyphone.ec\/index.php\/wp-json\/wp\/v2\/comments?post=909"}],"wp:featuredmedia":[{"embeddable":true,"href":"https:\/\/skyphone.ec\/index.php\/wp-json\/wp\/v2\/media\/910"}],"wp:attachment":[{"href":"https:\/\/skyphone.ec\/index.php\/wp-json\/wp\/v2\/media?parent=909"}],"wp:term":[{"taxonomy":"product_brand","embeddable":true,"href":"https:\/\/skyphone.ec\/index.php\/wp-json\/wp\/v2\/product_brand?post=909"},{"taxonomy":"product_cat","embeddable":true,"href":"https:\/\/skyphone.ec\/index.php\/wp-json\/wp\/v2\/product_cat?post=909"},{"taxonomy":"product_tag","embeddable":true,"href":"https:\/\/skyphone.ec\/index.php\/wp-json\/wp\/v2\/product_tag?post=909"}],"curies":[{"name":"wp","href":"https:\/\/api.w.org\/{rel}","templated":true}]}}