{"id":890,"date":"2026-01-15T15:13:54","date_gmt":"2026-01-15T15:13:54","guid":{"rendered":"https:\/\/skyphone.ec\/?post_type=product&#038;p=890"},"modified":"2026-01-15T15:26:28","modified_gmt":"2026-01-15T15:26:28","slug":"pixel-8-pro","status":"publish","type":"product","link":"https:\/\/skyphone.ec\/index.php\/producto\/pixel-8-pro\/","title":{"rendered":"Pixel 8 Pro"},"content":{"rendered":"<p>Pantalla: Super Actua Display OLED 6,7&#8243; 2992 x 1344<br \/>\nProcesador: Google Tensor G3 Chip de seguridad Titan M2<br \/>\nRAM: 12GB<br \/>\nAlmacenamiento: 128GB &#8211; 256GB &#8211; 512GB<br \/>\nC\u00e1mara frontal: 10,5MP<br \/>\nC\u00e1mara trasera: 50MP + 48MP + 48MP<br \/>\nBater\u00eda: 5.050 mAh Carga r\u00e1pida: 30W Carga inal\u00e1mbrica: 23W<br \/>\nSO: Android 14 &#8211; 7 a\u00f1os de actualizaci\u00f3n<br \/>\nOtros: IP68, Term\u00f3metro<\/p>\n<p><strong>NOTA: (CONSULTAR DISPONIBILIDAD DE COLORES A TRAVES DE NUESTRO WHATSAPP ANTES DE REALIZAR TU COMPRA)<\/strong><\/p>\n","protected":false},"excerpt":{"rendered":"<p>Pantalla: Super Actua Display OLED 6,7&#8243; 2992 x 1344 Procesador: Google Tensor G3 Chip de seguridad Titan M2 RAM: 12GB Almacenamiento: 128GB &#8211; 256GB &#8211; 512GB C\u00e1mara frontal: 10,5MP C\u00e1mara trasera: 50MP + 48MP + 48MP Bater\u00eda: 5.050 mAh Carga r\u00e1pida: 30W Carga inal\u00e1mbrica: 23W SO: Android 14 &#8211; 7 a\u00f1os de actualizaci\u00f3n Otros: IP68, [&hellip;]<\/p>\n","protected":false},"featured_media":891,"comment_status":"open","ping_status":"closed","template":"","meta":[],"product_brand":[],"product_cat":[32,46],"product_tag":[],"class_list":{"0":"post-890","1":"product","2":"type-product","3":"status-publish","4":"has-post-thumbnail","6":"product_cat-telefonos","7":"product_cat-google","9":"first","10":"instock","11":"shipping-taxable","12":"product-type-simple"},"_links":{"self":[{"href":"https:\/\/skyphone.ec\/index.php\/wp-json\/wp\/v2\/product\/890","targetHints":{"allow":["GET"]}}],"collection":[{"href":"https:\/\/skyphone.ec\/index.php\/wp-json\/wp\/v2\/product"}],"about":[{"href":"https:\/\/skyphone.ec\/index.php\/wp-json\/wp\/v2\/types\/product"}],"replies":[{"embeddable":true,"href":"https:\/\/skyphone.ec\/index.php\/wp-json\/wp\/v2\/comments?post=890"}],"wp:featuredmedia":[{"embeddable":true,"href":"https:\/\/skyphone.ec\/index.php\/wp-json\/wp\/v2\/media\/891"}],"wp:attachment":[{"href":"https:\/\/skyphone.ec\/index.php\/wp-json\/wp\/v2\/media?parent=890"}],"wp:term":[{"taxonomy":"product_brand","embeddable":true,"href":"https:\/\/skyphone.ec\/index.php\/wp-json\/wp\/v2\/product_brand?post=890"},{"taxonomy":"product_cat","embeddable":true,"href":"https:\/\/skyphone.ec\/index.php\/wp-json\/wp\/v2\/product_cat?post=890"},{"taxonomy":"product_tag","embeddable":true,"href":"https:\/\/skyphone.ec\/index.php\/wp-json\/wp\/v2\/product_tag?post=890"}],"curies":[{"name":"wp","href":"https:\/\/api.w.org\/{rel}","templated":true}]}}