{"id":886,"date":"2026-01-14T23:28:42","date_gmt":"2026-01-14T23:28:42","guid":{"rendered":"https:\/\/skyphone.ec\/?post_type=product&#038;p=886"},"modified":"2026-03-27T19:25:10","modified_gmt":"2026-03-27T19:25:10","slug":"galaxy-s22-plus","status":"publish","type":"product","link":"https:\/\/skyphone.ec\/index.php\/producto\/galaxy-s22-plus\/","title":{"rendered":"Galaxy S22 Plus"},"content":{"rendered":"<p>Pantalla: AMOLED 6,6&#8243; Full HD+ 1080 x 2340<br \/>\nProcesador: Snapdragon 8 Gen 1<br \/>\nRAM: 8GB<br \/>\nAlmacenamiento: 128GB- 256GB<br \/>\nC\u00e1mara frontal: 10MP<br \/>\nC\u00e1mara trasera: 50MP + 12MP + 12MP<br \/>\nBater\u00eda: 4.500 mAh Carga r\u00e1pida: 45W Carga inal\u00e1mbrica: 15W<br \/>\nSO: (Android 12) One UI 4.1<br \/>\nOtros: IP68, Lector de huellas ultras\u00f3nico, Samsung DeX, Samsung Pay<\/p>\n<p><strong>NOTA: (CONSULTA DISPONIBILIDAD DE COLORES A TRAVES DE NUESTRO WHATSAPP ANTES DE REALIZAR TU COMPRA)<\/strong><\/p>\n","protected":false},"excerpt":{"rendered":"<p>Pantalla: AMOLED 6,6&#8243; Full HD+ 1080 x 2340 Procesador: Snapdragon 8 Gen 1 RAM: 8GB Almacenamiento: 128GB- 256GB C\u00e1mara frontal: 10MP C\u00e1mara trasera: 50MP + 12MP + 12MP Bater\u00eda: 4.500 mAh Carga r\u00e1pida: 45W Carga inal\u00e1mbrica: 15W SO: (Android 12) One UI 4.1 Otros: IP68, Lector de huellas ultras\u00f3nico, Samsung DeX, Samsung Pay NOTA: (CONSULTA [&hellip;]<\/p>\n","protected":false},"featured_media":887,"comment_status":"open","ping_status":"closed","template":"","meta":[],"product_brand":[],"product_cat":[32,45],"product_tag":[],"class_list":{"0":"post-886","1":"product","2":"type-product","3":"status-publish","4":"has-post-thumbnail","6":"product_cat-telefonos","7":"product_cat-samsung","9":"first","10":"instock","11":"shipping-taxable","12":"product-type-simple"},"_links":{"self":[{"href":"https:\/\/skyphone.ec\/index.php\/wp-json\/wp\/v2\/product\/886","targetHints":{"allow":["GET"]}}],"collection":[{"href":"https:\/\/skyphone.ec\/index.php\/wp-json\/wp\/v2\/product"}],"about":[{"href":"https:\/\/skyphone.ec\/index.php\/wp-json\/wp\/v2\/types\/product"}],"replies":[{"embeddable":true,"href":"https:\/\/skyphone.ec\/index.php\/wp-json\/wp\/v2\/comments?post=886"}],"wp:featuredmedia":[{"embeddable":true,"href":"https:\/\/skyphone.ec\/index.php\/wp-json\/wp\/v2\/media\/887"}],"wp:attachment":[{"href":"https:\/\/skyphone.ec\/index.php\/wp-json\/wp\/v2\/media?parent=886"}],"wp:term":[{"taxonomy":"product_brand","embeddable":true,"href":"https:\/\/skyphone.ec\/index.php\/wp-json\/wp\/v2\/product_brand?post=886"},{"taxonomy":"product_cat","embeddable":true,"href":"https:\/\/skyphone.ec\/index.php\/wp-json\/wp\/v2\/product_cat?post=886"},{"taxonomy":"product_tag","embeddable":true,"href":"https:\/\/skyphone.ec\/index.php\/wp-json\/wp\/v2\/product_tag?post=886"}],"curies":[{"name":"wp","href":"https:\/\/api.w.org\/{rel}","templated":true}]}}