{"id":884,"date":"2026-01-14T22:33:45","date_gmt":"2026-01-14T22:33:45","guid":{"rendered":"https:\/\/skyphone.ec\/?post_type=product&#038;p=884"},"modified":"2026-03-27T19:25:25","modified_gmt":"2026-03-27T19:25:25","slug":"galaxy-s22-ultra","status":"publish","type":"product","link":"https:\/\/skyphone.ec\/index.php\/producto\/galaxy-s22-ultra\/","title":{"rendered":"Galaxy S22 Ultra"},"content":{"rendered":"<p>Pantalla: AMOLED 6,8&#8243; QHD+ 3.080 x 1.440<br \/>\nProcesador: Snapdragon 8 Gen 1<br \/>\nRAM: 8GB &#8211; 12GB<br \/>\nAlmacenamiento: 128GB &#8211; 256GB &#8211; 512GB &#8211; 1TB<br \/>\nC\u00e1mara Frontal: 40MP<br \/>\nC\u00e1mara Trasera: 108MP + 12MP + 10MP + 10MP<br \/>\nBater\u00eda: 5.000 Carga r\u00e1pida: 45W Carga inal\u00e1mbrica: 15W<br \/>\nSO: Android 12 &#8211; One UI 4.1<br \/>\nOtros: IP68, Compatible con Samsung DeX, S-Pen<\/p>\n<p><strong>NOTA: (CONSULTA DISPONIBILIDAD DE COLORES A TRAVES DE NUESTRO WHATSAPP ANTES DE REALIZAR TU COMPRA)<\/strong><\/p>\n","protected":false},"excerpt":{"rendered":"<p>Pantalla: AMOLED 6,8&#8243; QHD+ 3.080 x 1.440 Procesador: Snapdragon 8 Gen 1 RAM: 8GB &#8211; 12GB Almacenamiento: 128GB &#8211; 256GB &#8211; 512GB &#8211; 1TB C\u00e1mara Frontal: 40MP C\u00e1mara Trasera: 108MP + 12MP + 10MP + 10MP Bater\u00eda: 5.000 Carga r\u00e1pida: 45W Carga inal\u00e1mbrica: 15W SO: Android 12 &#8211; One UI 4.1 Otros: IP68, Compatible con [&hellip;]<\/p>\n","protected":false},"featured_media":885,"comment_status":"open","ping_status":"closed","template":"","meta":[],"product_brand":[],"product_cat":[32,45],"product_tag":[],"class_list":{"0":"post-884","1":"product","2":"type-product","3":"status-publish","4":"has-post-thumbnail","6":"product_cat-telefonos","7":"product_cat-samsung","9":"first","10":"instock","11":"shipping-taxable","12":"product-type-simple"},"_links":{"self":[{"href":"https:\/\/skyphone.ec\/index.php\/wp-json\/wp\/v2\/product\/884","targetHints":{"allow":["GET"]}}],"collection":[{"href":"https:\/\/skyphone.ec\/index.php\/wp-json\/wp\/v2\/product"}],"about":[{"href":"https:\/\/skyphone.ec\/index.php\/wp-json\/wp\/v2\/types\/product"}],"replies":[{"embeddable":true,"href":"https:\/\/skyphone.ec\/index.php\/wp-json\/wp\/v2\/comments?post=884"}],"wp:featuredmedia":[{"embeddable":true,"href":"https:\/\/skyphone.ec\/index.php\/wp-json\/wp\/v2\/media\/885"}],"wp:attachment":[{"href":"https:\/\/skyphone.ec\/index.php\/wp-json\/wp\/v2\/media?parent=884"}],"wp:term":[{"taxonomy":"product_brand","embeddable":true,"href":"https:\/\/skyphone.ec\/index.php\/wp-json\/wp\/v2\/product_brand?post=884"},{"taxonomy":"product_cat","embeddable":true,"href":"https:\/\/skyphone.ec\/index.php\/wp-json\/wp\/v2\/product_cat?post=884"},{"taxonomy":"product_tag","embeddable":true,"href":"https:\/\/skyphone.ec\/index.php\/wp-json\/wp\/v2\/product_tag?post=884"}],"curies":[{"name":"wp","href":"https:\/\/api.w.org\/{rel}","templated":true}]}}