{"id":880,"date":"2026-01-14T20:47:38","date_gmt":"2026-01-14T20:47:38","guid":{"rendered":"https:\/\/skyphone.ec\/?post_type=product&#038;p=880"},"modified":"2026-03-27T19:25:48","modified_gmt":"2026-03-27T19:25:48","slug":"galaxy-s23-ultra","status":"publish","type":"product","link":"https:\/\/skyphone.ec\/index.php\/producto\/galaxy-s23-ultra\/","title":{"rendered":"Galaxy S23 Ultra"},"content":{"rendered":"<div class=\"product-details__long-description\">\n<p><strong>Caracter\u00edsticas:<\/strong><\/p>\n<p>Pantalla: AMOLED 6,8&#8243; QHD+ 3.080 x 1.440<br \/>\nProcesador: Snapdragon 8 Gen 2<br \/>\nRAM: 12GB<br \/>\nAlmacenamiento: 256GB<br \/>\nC\u00e1mara Frontal: 12MP<br \/>\nC\u00e1mara Trasera: 200MP + 12MP + 10MP + 10MP<br \/>\nBater\u00eda: 5.000 Carga r\u00e1pida: 45W Carga inal\u00e1mbrica: 15W<br \/>\nSO: Android 13 &#8211; One UI 5.1<br \/>\nOtros: IP68, Compatible con Samsung DeX, S-Pen<\/p>\n<p><strong>NOTA: (CONSULTA DISPONIBILIDAD DE COLORES A TRAVES DE NUESTRO WHATSAPP ANTES DE REALIZAR TU COMPRA)<\/strong><\/p>\n<\/div>\n","protected":false},"excerpt":{"rendered":"<p>Caracter\u00edsticas: Pantalla: AMOLED 6,8&#8243; QHD+ 3.080 x 1.440 Procesador: Snapdragon 8 Gen 2 RAM: 12GB Almacenamiento: 256GB C\u00e1mara Frontal: 12MP C\u00e1mara Trasera: 200MP + 12MP + 10MP + 10MP Bater\u00eda: 5.000 Carga r\u00e1pida: 45W Carga inal\u00e1mbrica: 15W SO: Android 13 &#8211; One UI 5.1 Otros: IP68, Compatible con Samsung DeX, S-Pen NOTA: (CONSULTA DISPONIBILIDAD DE [&hellip;]<\/p>\n","protected":false},"featured_media":881,"comment_status":"open","ping_status":"closed","template":"","meta":[],"product_brand":[],"product_cat":[32,45],"product_tag":[],"class_list":{"0":"post-880","1":"product","2":"type-product","3":"status-publish","4":"has-post-thumbnail","6":"product_cat-telefonos","7":"product_cat-samsung","9":"first","10":"instock","11":"shipping-taxable","12":"product-type-simple"},"_links":{"self":[{"href":"https:\/\/skyphone.ec\/index.php\/wp-json\/wp\/v2\/product\/880","targetHints":{"allow":["GET"]}}],"collection":[{"href":"https:\/\/skyphone.ec\/index.php\/wp-json\/wp\/v2\/product"}],"about":[{"href":"https:\/\/skyphone.ec\/index.php\/wp-json\/wp\/v2\/types\/product"}],"replies":[{"embeddable":true,"href":"https:\/\/skyphone.ec\/index.php\/wp-json\/wp\/v2\/comments?post=880"}],"wp:featuredmedia":[{"embeddable":true,"href":"https:\/\/skyphone.ec\/index.php\/wp-json\/wp\/v2\/media\/881"}],"wp:attachment":[{"href":"https:\/\/skyphone.ec\/index.php\/wp-json\/wp\/v2\/media?parent=880"}],"wp:term":[{"taxonomy":"product_brand","embeddable":true,"href":"https:\/\/skyphone.ec\/index.php\/wp-json\/wp\/v2\/product_brand?post=880"},{"taxonomy":"product_cat","embeddable":true,"href":"https:\/\/skyphone.ec\/index.php\/wp-json\/wp\/v2\/product_cat?post=880"},{"taxonomy":"product_tag","embeddable":true,"href":"https:\/\/skyphone.ec\/index.php\/wp-json\/wp\/v2\/product_tag?post=880"}],"curies":[{"name":"wp","href":"https:\/\/api.w.org\/{rel}","templated":true}]}}