{"id":870,"date":"2026-01-14T18:42:28","date_gmt":"2026-01-14T18:42:28","guid":{"rendered":"https:\/\/skyphone.ec\/?post_type=product&#038;p=870"},"modified":"2026-03-28T15:34:18","modified_gmt":"2026-03-28T15:34:18","slug":"galaxy-s24-plus-5g","status":"publish","type":"product","link":"https:\/\/skyphone.ec\/index.php\/producto\/galaxy-s24-plus-5g\/","title":{"rendered":"Galaxy S24 Plus 5G"},"content":{"rendered":"<div class=\"product-details__long-description\">\n<p><strong>Caracter\u00edsticas:<\/strong><\/p>\n<p>Pantalla: 6,7&#8243; QHD+ 3120px x 1440px Dynamic AMOLED<br \/>\nProcesador: Qualcomm Snapdragon 8 Gen 3<br \/>\nRAM: 12GB<br \/>\nAlmacenamiento: 256GB<br \/>\nC\u00e1mara frontal: 12MP<br \/>\nC\u00e1maras traseras: 50MP + 12MP + 10MP<br \/>\nBater\u00eda: 4.900 mAh Carga r\u00e1pida: 45W Carga inal\u00e1mbrica: 15W<br \/>\nSO: Android 14 basado en One UI 6.1<br \/>\nOtros: Dolby Atmos, IP68, Samsung Dex<\/p>\n<p><strong>NOTA: (CONSULTAR DISPONIBILIDAD DE COLORES A TRAVES DE NUESTO WHATSAPP ANTES DE REALIZAR TU COMPRA)<\/strong><\/p>\n<\/div>\n","protected":false},"excerpt":{"rendered":"<p>Caracter\u00edsticas: Pantalla: 6,7&#8243; QHD+ 3120px x 1440px Dynamic AMOLED Procesador: Qualcomm Snapdragon 8 Gen 3 RAM: 12GB Almacenamiento: 256GB C\u00e1mara frontal: 12MP C\u00e1maras traseras: 50MP + 12MP + 10MP Bater\u00eda: 4.900 mAh Carga r\u00e1pida: 45W Carga inal\u00e1mbrica: 15W SO: Android 14 basado en One UI 6.1 Otros: Dolby Atmos, IP68, Samsung Dex NOTA: (CONSULTAR DISPONIBILIDAD [&hellip;]<\/p>\n","protected":false},"featured_media":871,"comment_status":"open","ping_status":"closed","template":"","meta":[],"product_brand":[],"product_cat":[32,45],"product_tag":[],"class_list":{"0":"post-870","1":"product","2":"type-product","3":"status-publish","4":"has-post-thumbnail","6":"product_cat-telefonos","7":"product_cat-samsung","9":"first","10":"instock","11":"shipping-taxable","12":"product-type-simple"},"_links":{"self":[{"href":"https:\/\/skyphone.ec\/index.php\/wp-json\/wp\/v2\/product\/870","targetHints":{"allow":["GET"]}}],"collection":[{"href":"https:\/\/skyphone.ec\/index.php\/wp-json\/wp\/v2\/product"}],"about":[{"href":"https:\/\/skyphone.ec\/index.php\/wp-json\/wp\/v2\/types\/product"}],"replies":[{"embeddable":true,"href":"https:\/\/skyphone.ec\/index.php\/wp-json\/wp\/v2\/comments?post=870"}],"wp:featuredmedia":[{"embeddable":true,"href":"https:\/\/skyphone.ec\/index.php\/wp-json\/wp\/v2\/media\/871"}],"wp:attachment":[{"href":"https:\/\/skyphone.ec\/index.php\/wp-json\/wp\/v2\/media?parent=870"}],"wp:term":[{"taxonomy":"product_brand","embeddable":true,"href":"https:\/\/skyphone.ec\/index.php\/wp-json\/wp\/v2\/product_brand?post=870"},{"taxonomy":"product_cat","embeddable":true,"href":"https:\/\/skyphone.ec\/index.php\/wp-json\/wp\/v2\/product_cat?post=870"},{"taxonomy":"product_tag","embeddable":true,"href":"https:\/\/skyphone.ec\/index.php\/wp-json\/wp\/v2\/product_tag?post=870"}],"curies":[{"name":"wp","href":"https:\/\/api.w.org\/{rel}","templated":true}]}}