{"id":866,"date":"2026-01-13T22:06:21","date_gmt":"2026-01-13T22:06:21","guid":{"rendered":"https:\/\/skyphone.ec\/?post_type=product&#038;p=866"},"modified":"2026-03-27T19:20:17","modified_gmt":"2026-03-27T19:20:17","slug":"galaxy-a56-5g","status":"publish","type":"product","link":"https:\/\/skyphone.ec\/index.php\/producto\/galaxy-a56-5g\/","title":{"rendered":"Galaxy A56 5G"},"content":{"rendered":"<div class=\"product-details__long-description\">\n<p><strong>Caracter\u00edsticas:<\/strong><\/p>\n<p>Pantalla: 6,7&#8243; FHD+ Super AMOLED<br \/>\nProcesador: Samsung Exynos 1580<br \/>\nRAM: 12GB<br \/>\nAlmacenamiento: 256GB<br \/>\nC\u00e1mara frontal: 12MP<br \/>\nC\u00e1mara trasera: 50MP + 12MP + 5MP<br \/>\nBater\u00eda: 5.000 mAh Carga r\u00e1pida: 45W<br \/>\nSO: (Android 15) One UI 7<br \/>\nOtros: 5G, Bluetooth 5.3, NFC, GPS, Glonass<\/p>\n<p><strong>NOTA: (CONSULTAR DISPONIBILIDAD DE COLORES A TRAVES DE NUESTRO WHATSAPP ANTES DE REALIZAR TU COMPRA)<\/strong><\/p>\n<\/div>\n","protected":false},"excerpt":{"rendered":"<p>Caracter\u00edsticas: Pantalla: 6,7&#8243; FHD+ Super AMOLED Procesador: Samsung Exynos 1580 RAM: 12GB Almacenamiento: 256GB C\u00e1mara frontal: 12MP C\u00e1mara trasera: 50MP + 12MP + 5MP Bater\u00eda: 5.000 mAh Carga r\u00e1pida: 45W SO: (Android 15) One UI 7 Otros: 5G, Bluetooth 5.3, NFC, GPS, Glonass NOTA: (CONSULTAR DISPONIBILIDAD DE COLORES A TRAVES DE NUESTRO WHATSAPP ANTES DE [&hellip;]<\/p>\n","protected":false},"featured_media":867,"comment_status":"open","ping_status":"closed","template":"","meta":[],"product_brand":[],"product_cat":[32,45],"product_tag":[],"class_list":{"0":"post-866","1":"product","2":"type-product","3":"status-publish","4":"has-post-thumbnail","6":"product_cat-telefonos","7":"product_cat-samsung","9":"first","10":"instock","11":"shipping-taxable","12":"product-type-simple"},"_links":{"self":[{"href":"https:\/\/skyphone.ec\/index.php\/wp-json\/wp\/v2\/product\/866","targetHints":{"allow":["GET"]}}],"collection":[{"href":"https:\/\/skyphone.ec\/index.php\/wp-json\/wp\/v2\/product"}],"about":[{"href":"https:\/\/skyphone.ec\/index.php\/wp-json\/wp\/v2\/types\/product"}],"replies":[{"embeddable":true,"href":"https:\/\/skyphone.ec\/index.php\/wp-json\/wp\/v2\/comments?post=866"}],"wp:featuredmedia":[{"embeddable":true,"href":"https:\/\/skyphone.ec\/index.php\/wp-json\/wp\/v2\/media\/867"}],"wp:attachment":[{"href":"https:\/\/skyphone.ec\/index.php\/wp-json\/wp\/v2\/media?parent=866"}],"wp:term":[{"taxonomy":"product_brand","embeddable":true,"href":"https:\/\/skyphone.ec\/index.php\/wp-json\/wp\/v2\/product_brand?post=866"},{"taxonomy":"product_cat","embeddable":true,"href":"https:\/\/skyphone.ec\/index.php\/wp-json\/wp\/v2\/product_cat?post=866"},{"taxonomy":"product_tag","embeddable":true,"href":"https:\/\/skyphone.ec\/index.php\/wp-json\/wp\/v2\/product_tag?post=866"}],"curies":[{"name":"wp","href":"https:\/\/api.w.org\/{rel}","templated":true}]}}