{"id":864,"date":"2026-01-13T21:45:47","date_gmt":"2026-01-13T21:45:47","guid":{"rendered":"https:\/\/skyphone.ec\/?post_type=product&#038;p=864"},"modified":"2026-01-13T22:04:11","modified_gmt":"2026-01-13T22:04:11","slug":"galaxy-s25-fe","status":"publish","type":"product","link":"https:\/\/skyphone.ec\/index.php\/producto\/galaxy-s25-fe\/","title":{"rendered":"Galaxy S25 Fe"},"content":{"rendered":"<div class=\"product-details__long-description\">\n<p>Pantalla: 6,7\u2033 Dynamic AMOLED 2X, resoluci\u00f3n 2340 \u00d7 1080, tasa de refresco hasta 120 Hz.<br \/>\nProcesador: Exynos 2400 (4 nm)<br \/>\nRAM: 8 GB<br \/>\nAlmacenamiento: 256 GB<br \/>\nC\u00e1mara frontal: 12 MP<br \/>\nC\u00e1mara trasera: 50 MP (principal) + 12 MP (ultra-gran angular) + 8 MP (teleobjetivo 3\u00d7)<br \/>\nBater\u00eda: 4.900 mAh<br \/>\nCarga r\u00e1pida: 45 W cableada<br \/>\nCarga inal\u00e1mbrica: 15 W (Qi)<br \/>\nSistema operativo: One UI 8 (basado en Android 16)<\/p>\n<p>Otros: Protecci\u00f3n Gorilla Glass Victus+, sensor de huella dactilar bajo pantalla (\u00f3ptico), IP68 resistencia al agua\/polvo<\/p>\n<p><strong>NOTA: (CONSULTAR DISPONIBILIDAD DE COLORES A TRAVES DE NUESTRO WHATSAPP ANTES DE REALIZAR TU COMPRA)<\/strong><\/p>\n<\/div>\n<table class=\"variations\" role=\"presentation\" cellspacing=\"0\">\n<tbody>\n<tr>\n<td class=\"value woo-variation-items-wrapper\"><\/td>\n<\/tr>\n<\/tbody>\n<\/table>\n<div class=\"reset_variations_alert screen-reader-text\" role=\"alert\" aria-live=\"polite\" aria-relevant=\"all\"><\/div>\n<div class=\"product-reviews\">\n<p>&nbsp;<\/p>\n<\/div>\n","protected":false},"excerpt":{"rendered":"<p>Pantalla: 6,7\u2033 Dynamic AMOLED 2X, resoluci\u00f3n 2340 \u00d7 1080, tasa de refresco hasta 120 Hz. Procesador: Exynos 2400 (4 nm) RAM: 8 GB Almacenamiento: 256 GB C\u00e1mara frontal: 12 MP C\u00e1mara trasera: 50 MP (principal) + 12 MP (ultra-gran angular) + 8 MP (teleobjetivo 3\u00d7) Bater\u00eda: 4.900 mAh Carga r\u00e1pida: 45 W cableada Carga inal\u00e1mbrica: [&hellip;]<\/p>\n","protected":false},"featured_media":865,"comment_status":"open","ping_status":"closed","template":"","meta":[],"product_brand":[],"product_cat":[32,45],"product_tag":[],"class_list":{"0":"post-864","1":"product","2":"type-product","3":"status-publish","4":"has-post-thumbnail","6":"product_cat-telefonos","7":"product_cat-samsung","9":"first","10":"instock","11":"shipping-taxable","12":"product-type-simple"},"_links":{"self":[{"href":"https:\/\/skyphone.ec\/index.php\/wp-json\/wp\/v2\/product\/864","targetHints":{"allow":["GET"]}}],"collection":[{"href":"https:\/\/skyphone.ec\/index.php\/wp-json\/wp\/v2\/product"}],"about":[{"href":"https:\/\/skyphone.ec\/index.php\/wp-json\/wp\/v2\/types\/product"}],"replies":[{"embeddable":true,"href":"https:\/\/skyphone.ec\/index.php\/wp-json\/wp\/v2\/comments?post=864"}],"wp:featuredmedia":[{"embeddable":true,"href":"https:\/\/skyphone.ec\/index.php\/wp-json\/wp\/v2\/media\/865"}],"wp:attachment":[{"href":"https:\/\/skyphone.ec\/index.php\/wp-json\/wp\/v2\/media?parent=864"}],"wp:term":[{"taxonomy":"product_brand","embeddable":true,"href":"https:\/\/skyphone.ec\/index.php\/wp-json\/wp\/v2\/product_brand?post=864"},{"taxonomy":"product_cat","embeddable":true,"href":"https:\/\/skyphone.ec\/index.php\/wp-json\/wp\/v2\/product_cat?post=864"},{"taxonomy":"product_tag","embeddable":true,"href":"https:\/\/skyphone.ec\/index.php\/wp-json\/wp\/v2\/product_tag?post=864"}],"curies":[{"name":"wp","href":"https:\/\/api.w.org\/{rel}","templated":true}]}}