{"id":517,"date":"2025-03-24T22:08:25","date_gmt":"2025-03-24T22:08:25","guid":{"rendered":"https:\/\/skyphone.ec\/?post_type=product&#038;p=517"},"modified":"2026-01-23T23:20:43","modified_gmt":"2026-01-23T23:20:43","slug":"smartwatch-w30","status":"publish","type":"product","link":"https:\/\/skyphone.ec\/index.php\/producto\/smartwatch-w30\/","title":{"rendered":"Blackview W30"},"content":{"rendered":"<p>Dimensi\u00f3n: 44,4mm<br \/>\nPeso: 58,5gr<br \/>\nPantalla: 1,91&#8243;<br \/>\nSensores: Ritmo Cardiaco, Oxigeno en sangre, sue\u00f1o<br \/>\nConectividad: Bluetooth 5.3<br \/>\nBater\u00eda: 300mAh- 5 a 7 d\u00edas aproximadamente<br \/>\nResistencia: N\/A<br \/>\nCompatibilidad: iOS y Android<br \/>\nOtros: N\/A<\/p>\n<p><strong>NOTA: (CONSULTAR DISPONIBILIDAD DE COLORES A TRAVES DE NUESTRO WHATSAPP ANTES DE REALIZAR TU COMPRA)<\/strong><\/p>\n","protected":false},"excerpt":{"rendered":"<p>Dimensi\u00f3n: 44,4mm Peso: 58,5gr Pantalla: 1,91&#8243; Sensores: Ritmo Cardiaco, Oxigeno en sangre, sue\u00f1o Conectividad: Bluetooth 5.3 Bater\u00eda: 300mAh- 5 a 7 d\u00edas aproximadamente Resistencia: N\/A Compatibilidad: iOS y Android Otros: N\/A NOTA: (CONSULTAR DISPONIBILIDAD DE COLORES A TRAVES DE NUESTRO WHATSAPP ANTES DE REALIZAR TU COMPRA)<\/p>\n","protected":false},"featured_media":1055,"comment_status":"open","ping_status":"closed","template":"","meta":[],"product_brand":[],"product_cat":[56,63],"product_tag":[],"class_list":{"0":"post-517","1":"product","2":"type-product","3":"status-publish","4":"has-post-thumbnail","6":"product_cat-smartwatch","7":"product_cat-blackview-smartwatch","9":"first","10":"instock","11":"shipping-taxable","12":"product-type-simple"},"_links":{"self":[{"href":"https:\/\/skyphone.ec\/index.php\/wp-json\/wp\/v2\/product\/517","targetHints":{"allow":["GET"]}}],"collection":[{"href":"https:\/\/skyphone.ec\/index.php\/wp-json\/wp\/v2\/product"}],"about":[{"href":"https:\/\/skyphone.ec\/index.php\/wp-json\/wp\/v2\/types\/product"}],"replies":[{"embeddable":true,"href":"https:\/\/skyphone.ec\/index.php\/wp-json\/wp\/v2\/comments?post=517"}],"wp:featuredmedia":[{"embeddable":true,"href":"https:\/\/skyphone.ec\/index.php\/wp-json\/wp\/v2\/media\/1055"}],"wp:attachment":[{"href":"https:\/\/skyphone.ec\/index.php\/wp-json\/wp\/v2\/media?parent=517"}],"wp:term":[{"taxonomy":"product_brand","embeddable":true,"href":"https:\/\/skyphone.ec\/index.php\/wp-json\/wp\/v2\/product_brand?post=517"},{"taxonomy":"product_cat","embeddable":true,"href":"https:\/\/skyphone.ec\/index.php\/wp-json\/wp\/v2\/product_cat?post=517"},{"taxonomy":"product_tag","embeddable":true,"href":"https:\/\/skyphone.ec\/index.php\/wp-json\/wp\/v2\/product_tag?post=517"}],"curies":[{"name":"wp","href":"https:\/\/api.w.org\/{rel}","templated":true}]}}