{"id":511,"date":"2025-03-24T21:13:53","date_gmt":"2025-03-24T21:13:53","guid":{"rendered":"https:\/\/skyphone.ec\/?post_type=product&#038;p=511"},"modified":"2026-01-19T17:54:26","modified_gmt":"2026-01-19T17:54:26","slug":"black-shark-gt3-neo","status":"publish","type":"product","link":"https:\/\/skyphone.ec\/index.php\/producto\/black-shark-gt3-neo\/","title":{"rendered":"Black shark GT3"},"content":{"rendered":"<p>El Black Shark GT3 es un\u00a0smartwatch\u00a0centrado en fitness, con\u00a0pantalla AMOLED\u00a0de 1.96&#8243; (410&#215;502),\u00a0llamadas Bluetooth\u00a0con\u00a0cancelaci\u00f3n de ruido (ENC),\u00a0GPS integrado, m\u00e1s de 100 modos deportivos, resistencia al agua IP68, monitor de salud (pulso, SpO2, estr\u00e9s), y hasta 10 d\u00edas de bater\u00eda, con carga r\u00e1pida y pagos sin contacto NFC.<\/p>\n","protected":false},"excerpt":{"rendered":"<p>El Black Shark GT3 es un\u00a0smartwatch\u00a0centrado en fitness, con\u00a0pantalla AMOLED\u00a0de 1.96&#8243; (410&#215;502),\u00a0llamadas Bluetooth\u00a0con\u00a0cancelaci\u00f3n de ruido (ENC),\u00a0GPS integrado, m\u00e1s de 100 modos deportivos, resistencia al agua IP68, monitor de salud (pulso, SpO2, estr\u00e9s), y hasta 10 d\u00edas de bater\u00eda, con carga r\u00e1pida y pagos sin contacto NFC.<\/p>\n","protected":false},"featured_media":995,"comment_status":"open","ping_status":"closed","template":"","meta":[],"product_brand":[],"product_cat":[56,64],"product_tag":[],"class_list":{"0":"post-511","1":"product","2":"type-product","3":"status-publish","4":"has-post-thumbnail","6":"product_cat-smartwatch","7":"product_cat-otras-marcas","9":"first","10":"instock","11":"shipping-taxable","12":"product-type-simple"},"_links":{"self":[{"href":"https:\/\/skyphone.ec\/index.php\/wp-json\/wp\/v2\/product\/511","targetHints":{"allow":["GET"]}}],"collection":[{"href":"https:\/\/skyphone.ec\/index.php\/wp-json\/wp\/v2\/product"}],"about":[{"href":"https:\/\/skyphone.ec\/index.php\/wp-json\/wp\/v2\/types\/product"}],"replies":[{"embeddable":true,"href":"https:\/\/skyphone.ec\/index.php\/wp-json\/wp\/v2\/comments?post=511"}],"wp:featuredmedia":[{"embeddable":true,"href":"https:\/\/skyphone.ec\/index.php\/wp-json\/wp\/v2\/media\/995"}],"wp:attachment":[{"href":"https:\/\/skyphone.ec\/index.php\/wp-json\/wp\/v2\/media?parent=511"}],"wp:term":[{"taxonomy":"product_brand","embeddable":true,"href":"https:\/\/skyphone.ec\/index.php\/wp-json\/wp\/v2\/product_brand?post=511"},{"taxonomy":"product_cat","embeddable":true,"href":"https:\/\/skyphone.ec\/index.php\/wp-json\/wp\/v2\/product_cat?post=511"},{"taxonomy":"product_tag","embeddable":true,"href":"https:\/\/skyphone.ec\/index.php\/wp-json\/wp\/v2\/product_tag?post=511"}],"curies":[{"name":"wp","href":"https:\/\/api.w.org\/{rel}","templated":true}]}}