{"id":506,"date":"2025-03-24T20:29:03","date_gmt":"2025-03-24T20:29:03","guid":{"rendered":"https:\/\/skyphone.ec\/?post_type=product&#038;p=506"},"modified":"2026-01-21T22:42:56","modified_gmt":"2026-01-21T22:42:56","slug":"futurefit-ultra-2","status":"publish","type":"product","link":"https:\/\/skyphone.ec\/index.php\/producto\/futurefit-ultra-2\/","title":{"rendered":"FutureFit Ultra 2"},"content":{"rendered":"<p>Pantalla: TFT de 1,85\u2033 240 x 280<br \/>\nSensores: Ritmo Cardiaco, sue\u00f1o<br \/>\nConectividad: Bluetooth 5.3<br \/>\nBater\u00eda: 300mAh- 5 a 7 d\u00edas<br \/>\nResistencia: IP68<br \/>\nCompatibilidad: iOS y Android<br \/>\nOtros: Monitor de sue\u00f1o, Pod\u00f3metro, 24 modos deportivos<\/p>\n<p><strong>NOTA: (CONSULTAR DISPONIBILIDAD DE COLORES A TRAVES DE NUESTRO WHATSAPP ANTES DE REALIZAR TU COMPRA)<\/strong><\/p>\n","protected":false},"excerpt":{"rendered":"<p>Pantalla: TFT de 1,85\u2033 240 x 280 Sensores: Ritmo Cardiaco, sue\u00f1o Conectividad: Bluetooth 5.3 Bater\u00eda: 300mAh- 5 a 7 d\u00edas Resistencia: IP68 Compatibilidad: iOS y Android Otros: Monitor de sue\u00f1o, Pod\u00f3metro, 24 modos deportivos NOTA: (CONSULTAR DISPONIBILIDAD DE COLORES A TRAVES DE NUESTRO WHATSAPP ANTES DE REALIZAR TU COMPRA)<\/p>\n","protected":false},"featured_media":1008,"comment_status":"open","ping_status":"closed","template":"","meta":[],"product_brand":[],"product_cat":[56,60],"product_tag":[],"class_list":{"0":"post-506","1":"product","2":"type-product","3":"status-publish","4":"has-post-thumbnail","6":"product_cat-smartwatch","7":"product_cat-hi-future","9":"first","10":"instock","11":"shipping-taxable","12":"product-type-simple"},"_links":{"self":[{"href":"https:\/\/skyphone.ec\/index.php\/wp-json\/wp\/v2\/product\/506","targetHints":{"allow":["GET"]}}],"collection":[{"href":"https:\/\/skyphone.ec\/index.php\/wp-json\/wp\/v2\/product"}],"about":[{"href":"https:\/\/skyphone.ec\/index.php\/wp-json\/wp\/v2\/types\/product"}],"replies":[{"embeddable":true,"href":"https:\/\/skyphone.ec\/index.php\/wp-json\/wp\/v2\/comments?post=506"}],"wp:featuredmedia":[{"embeddable":true,"href":"https:\/\/skyphone.ec\/index.php\/wp-json\/wp\/v2\/media\/1008"}],"wp:attachment":[{"href":"https:\/\/skyphone.ec\/index.php\/wp-json\/wp\/v2\/media?parent=506"}],"wp:term":[{"taxonomy":"product_brand","embeddable":true,"href":"https:\/\/skyphone.ec\/index.php\/wp-json\/wp\/v2\/product_brand?post=506"},{"taxonomy":"product_cat","embeddable":true,"href":"https:\/\/skyphone.ec\/index.php\/wp-json\/wp\/v2\/product_cat?post=506"},{"taxonomy":"product_tag","embeddable":true,"href":"https:\/\/skyphone.ec\/index.php\/wp-json\/wp\/v2\/product_tag?post=506"}],"curies":[{"name":"wp","href":"https:\/\/api.w.org\/{rel}","templated":true}]}}