{"id":488,"date":"2025-03-22T23:22:18","date_gmt":"2025-03-22T23:22:18","guid":{"rendered":"https:\/\/skyphone.ec\/?post_type=product&#038;p=488"},"modified":"2026-01-17T17:25:33","modified_gmt":"2026-01-17T17:25:33","slug":"cmf-watch-pro-2","status":"publish","type":"product","link":"https:\/\/skyphone.ec\/index.php\/producto\/cmf-watch-pro-2\/","title":{"rendered":"CMF Watch Pro 2"},"content":{"rendered":"<p>Dimensi\u00f3n: 255mm x 45mm x 13,6mm \/ 13,9mm<br \/>\nPeso: 48,1gr \/ 44,4gr<br \/>\nPantalla: AMOLED 1,32&#8243; 466 x 466<br \/>\nSensores: Aceler\u00f3metro, Luz ambiental, Sensor de ox\u00edgeno en sangre, Sensor de ritmo card\u00edaco<br \/>\nConectividad: Bluetooth 5.3 GPS<br \/>\nBater\u00eda: 305 mAh &#8211; Autonom\u00eda aproximada de 11 d\u00edas<br \/>\nResistencia: IP68<br \/>\nCompatibilidad: iOS y Android<br \/>\nOtros: Biseles intercambiables, 120 modos deportivos, Llamadas Bluetooth con reducci\u00f3n de ruido con IA, Llamadas Bluetooth gracias a micr\u00f3fono y altavoz<\/p>\n<p><strong>NOTA: (CONSULTAR DISPONIBILIDAD DE COLORES A TRAVES DE NUESTRO WHATSAPP ANTES DE REALIZAR TU COMPRA)<\/strong><\/p>\n","protected":false},"excerpt":{"rendered":"<p>Dimensi\u00f3n: 255mm x 45mm x 13,6mm \/ 13,9mm Peso: 48,1gr \/ 44,4gr Pantalla: AMOLED 1,32&#8243; 466 x 466 Sensores: Aceler\u00f3metro, Luz ambiental, Sensor de ox\u00edgeno en sangre, Sensor de ritmo card\u00edaco Conectividad: Bluetooth 5.3 GPS Bater\u00eda: 305 mAh &#8211; Autonom\u00eda aproximada de 11 d\u00edas Resistencia: IP68 Compatibilidad: iOS y Android Otros: Biseles intercambiables, 120 modos [&hellip;]<\/p>\n","protected":false},"featured_media":962,"comment_status":"open","ping_status":"closed","template":"","meta":[],"product_brand":[],"product_cat":[56,59],"product_tag":[],"class_list":{"0":"post-488","1":"product","2":"type-product","3":"status-publish","4":"has-post-thumbnail","6":"product_cat-smartwatch","7":"product_cat-nothing","9":"first","10":"instock","11":"shipping-taxable","12":"product-type-simple"},"_links":{"self":[{"href":"https:\/\/skyphone.ec\/index.php\/wp-json\/wp\/v2\/product\/488","targetHints":{"allow":["GET"]}}],"collection":[{"href":"https:\/\/skyphone.ec\/index.php\/wp-json\/wp\/v2\/product"}],"about":[{"href":"https:\/\/skyphone.ec\/index.php\/wp-json\/wp\/v2\/types\/product"}],"replies":[{"embeddable":true,"href":"https:\/\/skyphone.ec\/index.php\/wp-json\/wp\/v2\/comments?post=488"}],"wp:featuredmedia":[{"embeddable":true,"href":"https:\/\/skyphone.ec\/index.php\/wp-json\/wp\/v2\/media\/962"}],"wp:attachment":[{"href":"https:\/\/skyphone.ec\/index.php\/wp-json\/wp\/v2\/media?parent=488"}],"wp:term":[{"taxonomy":"product_brand","embeddable":true,"href":"https:\/\/skyphone.ec\/index.php\/wp-json\/wp\/v2\/product_brand?post=488"},{"taxonomy":"product_cat","embeddable":true,"href":"https:\/\/skyphone.ec\/index.php\/wp-json\/wp\/v2\/product_cat?post=488"},{"taxonomy":"product_tag","embeddable":true,"href":"https:\/\/skyphone.ec\/index.php\/wp-json\/wp\/v2\/product_tag?post=488"}],"curies":[{"name":"wp","href":"https:\/\/api.w.org\/{rel}","templated":true}]}}