{"id":417,"date":"2025-03-22T15:50:41","date_gmt":"2025-03-22T15:50:41","guid":{"rendered":"https:\/\/skyphone.ec\/?post_type=product&#038;p=417"},"modified":"2026-01-12T17:22:02","modified_gmt":"2026-01-12T17:22:02","slug":"google-pixel-9-pro-xl-5g","status":"publish","type":"product","link":"https:\/\/skyphone.ec\/index.php\/producto\/google-pixel-9-pro-xl-5g\/","title":{"rendered":"Pixel 9 Pro XL"},"content":{"rendered":"<p>Pantalla: LTPO OLED 6,8&#8243; 2992 x 1344<br \/>\nProcesador: Google Tensor G4 4nm<br \/>\nRAM: 16GB<br \/>\nAlmacenamiento: 256GB<br \/>\nC\u00e1mara frontal: 42MP<br \/>\nC\u00e1mara trasera: 50MP + 48MP + 48MP<br \/>\nBater\u00eda: 4.700 mAh Carga r\u00e1pida: 30W Carga inal\u00e1mbrica: 23W<br \/>\nSO: Android 14 &#8211; 7 a\u00f1os de actualizaci\u00f3n<br \/>\nOtros: IP68, Term\u00f3metro, Huella en pantalla<\/p>\n","protected":false},"excerpt":{"rendered":"<p>Pantalla: LTPO OLED 6,8&#8243; 2992 x 1344 Procesador: Google Tensor G4 4nm RAM: 16GB Almacenamiento: 256GB C\u00e1mara frontal: 42MP C\u00e1mara trasera: 50MP + 48MP + 48MP Bater\u00eda: 4.700 mAh Carga r\u00e1pida: 30W Carga inal\u00e1mbrica: 23W SO: Android 14 &#8211; 7 a\u00f1os de actualizaci\u00f3n Otros: IP68, Term\u00f3metro, Huella en pantalla<\/p>\n","protected":false},"featured_media":849,"comment_status":"open","ping_status":"closed","template":"","meta":[],"product_brand":[],"product_cat":[32,46],"product_tag":[],"class_list":{"0":"post-417","1":"product","2":"type-product","3":"status-publish","4":"has-post-thumbnail","6":"product_cat-telefonos","7":"product_cat-google","9":"first","10":"instock","11":"shipping-taxable","12":"product-type-simple"},"_links":{"self":[{"href":"https:\/\/skyphone.ec\/index.php\/wp-json\/wp\/v2\/product\/417","targetHints":{"allow":["GET"]}}],"collection":[{"href":"https:\/\/skyphone.ec\/index.php\/wp-json\/wp\/v2\/product"}],"about":[{"href":"https:\/\/skyphone.ec\/index.php\/wp-json\/wp\/v2\/types\/product"}],"replies":[{"embeddable":true,"href":"https:\/\/skyphone.ec\/index.php\/wp-json\/wp\/v2\/comments?post=417"}],"wp:featuredmedia":[{"embeddable":true,"href":"https:\/\/skyphone.ec\/index.php\/wp-json\/wp\/v2\/media\/849"}],"wp:attachment":[{"href":"https:\/\/skyphone.ec\/index.php\/wp-json\/wp\/v2\/media?parent=417"}],"wp:term":[{"taxonomy":"product_brand","embeddable":true,"href":"https:\/\/skyphone.ec\/index.php\/wp-json\/wp\/v2\/product_brand?post=417"},{"taxonomy":"product_cat","embeddable":true,"href":"https:\/\/skyphone.ec\/index.php\/wp-json\/wp\/v2\/product_cat?post=417"},{"taxonomy":"product_tag","embeddable":true,"href":"https:\/\/skyphone.ec\/index.php\/wp-json\/wp\/v2\/product_tag?post=417"}],"curies":[{"name":"wp","href":"https:\/\/api.w.org\/{rel}","templated":true}]}}