{"id":399,"date":"2025-03-21T18:32:47","date_gmt":"2025-03-21T18:32:47","guid":{"rendered":"https:\/\/skyphone.ec\/?post_type=product&#038;p=399"},"modified":"2026-01-15T16:02:12","modified_gmt":"2026-01-15T16:02:12","slug":"honor-x8c","status":"publish","type":"product","link":"https:\/\/skyphone.ec\/index.php\/producto\/honor-x8c\/","title":{"rendered":"Honor X8C"},"content":{"rendered":"<p>Pantalla: AMOLED 6.7&#8243;, 1080 x 2412 pixels<br \/>\nProcesador: Snapdragon 685 2.8GHz<br \/>\nRAM: 8Gb<br \/>\nAlmacenamiento: 256GB &#8211; 512GB<br \/>\nC\u00e1mara frontal: 50MP<br \/>\nC\u00e1maras traseras: 108MP + 5MP<br \/>\nBater\u00eda: 5.000\u00a0mAh Carga r\u00e1pida: 35W<br \/>\nSO: Android 15,MagicOS 9<br \/>\nOtros: IP64, Huella dactilar en pantalla, Glonass<\/p>\n<p><b>NOTA: (CONSULTAR DISPONIBILIDAD DE COLORES A TRAV\u00c9S DE NUESTRO WHATSAPP ANTES DE REALIZAR TU COMPRA)<\/b><\/p>\n","protected":false},"excerpt":{"rendered":"<p>Pantalla: AMOLED 6.7&#8243;, 1080 x 2412 pixels Procesador: Snapdragon 685 2.8GHz RAM: 8Gb Almacenamiento: 256GB &#8211; 512GB C\u00e1mara frontal: 50MP C\u00e1maras traseras: 108MP + 5MP Bater\u00eda: 5.000\u00a0mAh Carga r\u00e1pida: 35W SO: Android 15,MagicOS 9 Otros: IP64, Huella dactilar en pantalla, Glonass NOTA: (CONSULTAR DISPONIBILIDAD DE COLORES A TRAV\u00c9S DE NUESTRO WHATSAPP ANTES DE REALIZAR TU [&hellip;]<\/p>\n","protected":false},"featured_media":903,"comment_status":"open","ping_status":"closed","template":"","meta":[],"product_brand":[],"product_cat":[32,48],"product_tag":[],"class_list":{"0":"post-399","1":"product","2":"type-product","3":"status-publish","4":"has-post-thumbnail","6":"product_cat-telefonos","7":"product_cat-honor","9":"first","10":"instock","11":"shipping-taxable","12":"product-type-simple"},"_links":{"self":[{"href":"https:\/\/skyphone.ec\/index.php\/wp-json\/wp\/v2\/product\/399","targetHints":{"allow":["GET"]}}],"collection":[{"href":"https:\/\/skyphone.ec\/index.php\/wp-json\/wp\/v2\/product"}],"about":[{"href":"https:\/\/skyphone.ec\/index.php\/wp-json\/wp\/v2\/types\/product"}],"replies":[{"embeddable":true,"href":"https:\/\/skyphone.ec\/index.php\/wp-json\/wp\/v2\/comments?post=399"}],"wp:featuredmedia":[{"embeddable":true,"href":"https:\/\/skyphone.ec\/index.php\/wp-json\/wp\/v2\/media\/903"}],"wp:attachment":[{"href":"https:\/\/skyphone.ec\/index.php\/wp-json\/wp\/v2\/media?parent=399"}],"wp:term":[{"taxonomy":"product_brand","embeddable":true,"href":"https:\/\/skyphone.ec\/index.php\/wp-json\/wp\/v2\/product_brand?post=399"},{"taxonomy":"product_cat","embeddable":true,"href":"https:\/\/skyphone.ec\/index.php\/wp-json\/wp\/v2\/product_cat?post=399"},{"taxonomy":"product_tag","embeddable":true,"href":"https:\/\/skyphone.ec\/index.php\/wp-json\/wp\/v2\/product_tag?post=399"}],"curies":[{"name":"wp","href":"https:\/\/api.w.org\/{rel}","templated":true}]}}