{"id":397,"date":"2025-03-21T18:03:53","date_gmt":"2025-03-21T18:03:53","guid":{"rendered":"https:\/\/skyphone.ec\/?post_type=product&#038;p=397"},"modified":"2026-02-10T23:44:04","modified_gmt":"2026-02-10T23:44:04","slug":"honor200","status":"publish","type":"product","link":"https:\/\/skyphone.ec\/index.php\/producto\/honor200\/","title":{"rendered":"Honor 400 LITE 5G"},"content":{"rendered":"<p>Pantalla: 6,7&#8243; AMOLED 120Hz 2.412 x 1.080<br \/>\nProcesador: MediaTek Dimensity 7025<br \/>\nRAM: 12GB<br \/>\nAlmacenamiento: 256GB<br \/>\nC\u00e1mara frontal: 16MP<br \/>\nC\u00e1mara trasera: 108MP + 5MP<br \/>\nBater\u00eda: 5.230 mAh Carga r\u00e1pida: 35W<br \/>\nSO: MagicOS 9.0 (Android 15)<br \/>\nOtros: Lector de huellas en la pantalla.<\/p>\n<p><strong>NOTA: (CONSULTAR DISPONIBILIDAD DE COLORES A TRAVES DE NUESTRO WHATSAPP ANTES DE REALIZAR TU COMPRA)<\/strong><\/p>\n","protected":false},"excerpt":{"rendered":"<p>Pantalla: 6,7&#8243; AMOLED 120Hz 2.412 x 1.080 Procesador: MediaTek Dimensity 7025 RAM: 12GB Almacenamiento: 256GB C\u00e1mara frontal: 16MP C\u00e1mara trasera: 108MP + 5MP Bater\u00eda: 5.230 mAh Carga r\u00e1pida: 35W SO: MagicOS 9.0 (Android 15) Otros: Lector de huellas en la pantalla. NOTA: (CONSULTAR DISPONIBILIDAD DE COLORES A TRAVES DE NUESTRO WHATSAPP ANTES DE REALIZAR TU [&hellip;]<\/p>\n","protected":false},"featured_media":1119,"comment_status":"open","ping_status":"closed","template":"","meta":[],"product_brand":[],"product_cat":[32,48],"product_tag":[],"class_list":{"0":"post-397","1":"product","2":"type-product","3":"status-publish","4":"has-post-thumbnail","6":"product_cat-telefonos","7":"product_cat-honor","9":"first","10":"outofstock","11":"shipping-taxable","12":"product-type-simple"},"_links":{"self":[{"href":"https:\/\/skyphone.ec\/index.php\/wp-json\/wp\/v2\/product\/397","targetHints":{"allow":["GET"]}}],"collection":[{"href":"https:\/\/skyphone.ec\/index.php\/wp-json\/wp\/v2\/product"}],"about":[{"href":"https:\/\/skyphone.ec\/index.php\/wp-json\/wp\/v2\/types\/product"}],"replies":[{"embeddable":true,"href":"https:\/\/skyphone.ec\/index.php\/wp-json\/wp\/v2\/comments?post=397"}],"wp:featuredmedia":[{"embeddable":true,"href":"https:\/\/skyphone.ec\/index.php\/wp-json\/wp\/v2\/media\/1119"}],"wp:attachment":[{"href":"https:\/\/skyphone.ec\/index.php\/wp-json\/wp\/v2\/media?parent=397"}],"wp:term":[{"taxonomy":"product_brand","embeddable":true,"href":"https:\/\/skyphone.ec\/index.php\/wp-json\/wp\/v2\/product_brand?post=397"},{"taxonomy":"product_cat","embeddable":true,"href":"https:\/\/skyphone.ec\/index.php\/wp-json\/wp\/v2\/product_cat?post=397"},{"taxonomy":"product_tag","embeddable":true,"href":"https:\/\/skyphone.ec\/index.php\/wp-json\/wp\/v2\/product_tag?post=397"}],"curies":[{"name":"wp","href":"https:\/\/api.w.org\/{rel}","templated":true}]}}