{"id":395,"date":"2025-03-20T22:46:08","date_gmt":"2025-03-20T22:46:08","guid":{"rendered":"https:\/\/skyphone.ec\/?post_type=product&#038;p=395"},"modified":"2026-02-10T20:22:27","modified_gmt":"2026-02-10T20:22:27","slug":"iphone-13-pro","status":"publish","type":"product","link":"https:\/\/skyphone.ec\/index.php\/producto\/iphone-13-pro\/","title":{"rendered":"iPhone 13 Pro"},"content":{"rendered":"<p>El\u00a0<strong>Apple iPhone 13 Pro<\/strong>\u00a0llega manteniendo el dise\u00f1o de su predecesor. Con una pantalla OLED de 6.1 pulgadas con tasa de refresco variable de hasta 120Hz, el iPhone 13 Pro cuenta con el procesador A15 Bionic con opciones de 128GB, 256GB, 512GB, y 1TB. La c\u00e1mara trasera es cu\u00e1druple, con tres lentes de 12MP que funcionan como wide, ultrawide y telefoto, m\u00e1s un sensor LiDAR para informaci\u00f3n de profundidad, con estabilizaci\u00f3n \u00f3ptica de imagen, zoom, 3x y captura de video en formato ProRes. La c\u00e1mara selfie es ultrawide de 12MP. El iPhone 13 Pro completa sus caracter\u00edsticas con carga r\u00e1pida por cable e inal\u00e1mbrica, parlantes stereo, resistencia al polvo y agua, y corre iOS 15.<\/p>\n","protected":false},"excerpt":{"rendered":"<p>El\u00a0Apple iPhone 13 Pro\u00a0llega manteniendo el dise\u00f1o de su predecesor. Con una pantalla OLED de 6.1 pulgadas con tasa de refresco variable de hasta 120Hz, el iPhone 13 Pro cuenta con el procesador A15 Bionic con opciones de 128GB, 256GB, 512GB, y 1TB. La c\u00e1mara trasera es cu\u00e1druple, con tres lentes de 12MP que funcionan [&hellip;]<\/p>\n","protected":false},"featured_media":1114,"comment_status":"open","ping_status":"closed","template":"","meta":[],"product_brand":[],"product_cat":[32,41],"product_tag":[],"class_list":{"0":"post-395","1":"product","2":"type-product","3":"status-publish","4":"has-post-thumbnail","6":"product_cat-telefonos","7":"product_cat-apple","9":"first","10":"instock","11":"shipping-taxable","12":"product-type-simple"},"_links":{"self":[{"href":"https:\/\/skyphone.ec\/index.php\/wp-json\/wp\/v2\/product\/395","targetHints":{"allow":["GET"]}}],"collection":[{"href":"https:\/\/skyphone.ec\/index.php\/wp-json\/wp\/v2\/product"}],"about":[{"href":"https:\/\/skyphone.ec\/index.php\/wp-json\/wp\/v2\/types\/product"}],"replies":[{"embeddable":true,"href":"https:\/\/skyphone.ec\/index.php\/wp-json\/wp\/v2\/comments?post=395"}],"wp:featuredmedia":[{"embeddable":true,"href":"https:\/\/skyphone.ec\/index.php\/wp-json\/wp\/v2\/media\/1114"}],"wp:attachment":[{"href":"https:\/\/skyphone.ec\/index.php\/wp-json\/wp\/v2\/media?parent=395"}],"wp:term":[{"taxonomy":"product_brand","embeddable":true,"href":"https:\/\/skyphone.ec\/index.php\/wp-json\/wp\/v2\/product_brand?post=395"},{"taxonomy":"product_cat","embeddable":true,"href":"https:\/\/skyphone.ec\/index.php\/wp-json\/wp\/v2\/product_cat?post=395"},{"taxonomy":"product_tag","embeddable":true,"href":"https:\/\/skyphone.ec\/index.php\/wp-json\/wp\/v2\/product_tag?post=395"}],"curies":[{"name":"wp","href":"https:\/\/api.w.org\/{rel}","templated":true}]}}