{"id":394,"date":"2025-03-20T22:01:15","date_gmt":"2025-03-20T22:01:15","guid":{"rendered":"https:\/\/skyphone.ec\/?post_type=product&#038;p=394"},"modified":"2026-02-10T20:10:09","modified_gmt":"2026-02-10T20:10:09","slug":"iphone-13","status":"publish","type":"product","link":"https:\/\/skyphone.ec\/index.php\/producto\/iphone-13\/","title":{"rendered":"iPhone 13"},"content":{"rendered":"<p>Pantalla: Super Retina XDR OLED 6,1&#8243; Full HD+ 2532 x 1170<br \/>\nProcesador: Apple A15 Bionic<br \/>\nRAM: 4GB<br \/>\nAlmacenamiento: 128GB &#8211; 256GB<br \/>\nC\u00e1mara frontal: 12MP<br \/>\nC\u00e1mara trasera: 12MP + 12MP<br \/>\nBater\u00eda: 3.227 mAh Carga r\u00e1pida: 20W Carga inal\u00e1mbrica: 7,5W<br \/>\nSO: iOS 15<br \/>\nOtros: Carga MagSafe: 15W, IP68, FaceID, Dolby Atmos<\/p>\n<p><strong>NOTA: (CONSULTA DISPONIBILIDAD DE COLORES A TRAVES DE NUESTRO WHATSAPP ANTES DE REALIZAR TU COMPRA)<\/strong><\/p>\n","protected":false},"excerpt":{"rendered":"<p>Pantalla: Super Retina XDR OLED 6,1&#8243; Full HD+ 2532 x 1170 Procesador: Apple A15 Bionic RAM: 4GB Almacenamiento: 128GB &#8211; 256GB C\u00e1mara frontal: 12MP C\u00e1mara trasera: 12MP + 12MP Bater\u00eda: 3.227 mAh Carga r\u00e1pida: 20W Carga inal\u00e1mbrica: 7,5W SO: iOS 15 Otros: Carga MagSafe: 15W, IP68, FaceID, Dolby Atmos NOTA: (CONSULTA DISPONIBILIDAD DE COLORES A [&hellip;]<\/p>\n","protected":false},"featured_media":854,"comment_status":"open","ping_status":"closed","template":"","meta":[],"product_brand":[],"product_cat":[32,41],"product_tag":[],"class_list":{"0":"post-394","1":"product","2":"type-product","3":"status-publish","4":"has-post-thumbnail","6":"product_cat-telefonos","7":"product_cat-apple","9":"first","10":"instock","11":"shipping-taxable","12":"product-type-simple"},"_links":{"self":[{"href":"https:\/\/skyphone.ec\/index.php\/wp-json\/wp\/v2\/product\/394","targetHints":{"allow":["GET"]}}],"collection":[{"href":"https:\/\/skyphone.ec\/index.php\/wp-json\/wp\/v2\/product"}],"about":[{"href":"https:\/\/skyphone.ec\/index.php\/wp-json\/wp\/v2\/types\/product"}],"replies":[{"embeddable":true,"href":"https:\/\/skyphone.ec\/index.php\/wp-json\/wp\/v2\/comments?post=394"}],"wp:featuredmedia":[{"embeddable":true,"href":"https:\/\/skyphone.ec\/index.php\/wp-json\/wp\/v2\/media\/854"}],"wp:attachment":[{"href":"https:\/\/skyphone.ec\/index.php\/wp-json\/wp\/v2\/media?parent=394"}],"wp:term":[{"taxonomy":"product_brand","embeddable":true,"href":"https:\/\/skyphone.ec\/index.php\/wp-json\/wp\/v2\/product_brand?post=394"},{"taxonomy":"product_cat","embeddable":true,"href":"https:\/\/skyphone.ec\/index.php\/wp-json\/wp\/v2\/product_cat?post=394"},{"taxonomy":"product_tag","embeddable":true,"href":"https:\/\/skyphone.ec\/index.php\/wp-json\/wp\/v2\/product_tag?post=394"}],"curies":[{"name":"wp","href":"https:\/\/api.w.org\/{rel}","templated":true}]}}