{"id":392,"date":"2025-03-20T21:37:44","date_gmt":"2025-03-20T21:37:44","guid":{"rendered":"https:\/\/skyphone.ec\/?post_type=product&#038;p=392"},"modified":"2026-02-10T20:11:10","modified_gmt":"2026-02-10T20:11:10","slug":"iphone-14","status":"publish","type":"product","link":"https:\/\/skyphone.ec\/index.php\/producto\/iphone-14\/","title":{"rendered":"iPhone 14"},"content":{"rendered":"<p>Pantalla: OLED Retina 6.1&#8243; 2532 x 1170 Super Retina XDR<br \/>\nProcesador: Apple A15 Bionic<br \/>\nRAM: 6GB<br \/>\nAlmacenamiento: 128GB &#8211; 256GB &#8211; 512GB<br \/>\nC\u00e1mara frontal: 12MP<br \/>\nC\u00e1mara trasera: 12MP + 12MP<br \/>\nBater\u00eda: 3.279 mAhCarga r\u00e1pida: 20W Carga inal\u00e1mbrica: 15W<br \/>\nSO: IOS 16<br \/>\nOtros: WiFi 6, 5G, dualSIM, eSIM, Dolby Atmos, IP68<\/p>\n<p><strong>NOTA: (CONSULTAR DISPONIBILIDAD DE COLORES A TRAVES DE NUESTRO WHATSAPP ANTES DE REALIZAR TU COMPRA)<\/strong><\/p>\n","protected":false},"excerpt":{"rendered":"<p>Pantalla: OLED Retina 6.1&#8243; 2532 x 1170 Super Retina XDR Procesador: Apple A15 Bionic RAM: 6GB Almacenamiento: 128GB &#8211; 256GB &#8211; 512GB C\u00e1mara frontal: 12MP C\u00e1mara trasera: 12MP + 12MP Bater\u00eda: 3.279 mAhCarga r\u00e1pida: 20W Carga inal\u00e1mbrica: 15W SO: IOS 16 Otros: WiFi 6, 5G, dualSIM, eSIM, Dolby Atmos, IP68 NOTA: (CONSULTAR DISPONIBILIDAD DE COLORES [&hellip;]<\/p>\n","protected":false},"featured_media":857,"comment_status":"open","ping_status":"closed","template":"","meta":[],"product_brand":[],"product_cat":[32,41],"product_tag":[],"class_list":{"0":"post-392","1":"product","2":"type-product","3":"status-publish","4":"has-post-thumbnail","6":"product_cat-telefonos","7":"product_cat-apple","9":"first","10":"instock","11":"shipping-taxable","12":"product-type-simple"},"_links":{"self":[{"href":"https:\/\/skyphone.ec\/index.php\/wp-json\/wp\/v2\/product\/392","targetHints":{"allow":["GET"]}}],"collection":[{"href":"https:\/\/skyphone.ec\/index.php\/wp-json\/wp\/v2\/product"}],"about":[{"href":"https:\/\/skyphone.ec\/index.php\/wp-json\/wp\/v2\/types\/product"}],"replies":[{"embeddable":true,"href":"https:\/\/skyphone.ec\/index.php\/wp-json\/wp\/v2\/comments?post=392"}],"wp:featuredmedia":[{"embeddable":true,"href":"https:\/\/skyphone.ec\/index.php\/wp-json\/wp\/v2\/media\/857"}],"wp:attachment":[{"href":"https:\/\/skyphone.ec\/index.php\/wp-json\/wp\/v2\/media?parent=392"}],"wp:term":[{"taxonomy":"product_brand","embeddable":true,"href":"https:\/\/skyphone.ec\/index.php\/wp-json\/wp\/v2\/product_brand?post=392"},{"taxonomy":"product_cat","embeddable":true,"href":"https:\/\/skyphone.ec\/index.php\/wp-json\/wp\/v2\/product_cat?post=392"},{"taxonomy":"product_tag","embeddable":true,"href":"https:\/\/skyphone.ec\/index.php\/wp-json\/wp\/v2\/product_tag?post=392"}],"curies":[{"name":"wp","href":"https:\/\/api.w.org\/{rel}","templated":true}]}}