{"id":388,"date":"2025-03-19T23:36:58","date_gmt":"2025-03-19T23:36:58","guid":{"rendered":"https:\/\/skyphone.ec\/?post_type=product&#038;p=388"},"modified":"2026-03-27T19:22:30","modified_gmt":"2026-03-27T19:22:30","slug":"iphone-12-pro-max","status":"publish","type":"product","link":"https:\/\/skyphone.ec\/index.php\/producto\/iphone-12-pro-max\/","title":{"rendered":"iPhone 12 Pro Max"},"content":{"rendered":"<p><strong>Caracter\u00edsticas:<\/strong><\/p>\n<p>Pantalla: Super Retina XDR OLED de 6,7&#8243; FullHD+ 2778 x 1184<br \/>\nProcesador: Apple A14 Bionic<br \/>\nRAM: 6GB<br \/>\nAlmacenamiento: 256 GB<br \/>\nC\u00e1mara frontal: 12MP<br \/>\nC\u00e1mara trasera: 12MP + 12MP + 12MP<br \/>\nBater\u00eda: 3.687 mAh Carga r\u00e1pida: 20W Carga inal\u00e1mbrica: 7,5W<br \/>\nOS: iOS 14<br \/>\nOtros: FaceID, Protecci\u00f3n IP68, Carga MagSafe: 15W<\/p>\n<p><strong>NOTA: (CONSULTAR DISPONIBILIDAD DE COLORES A TRAVES DE NUESTRO WHATSAPP ANTES DE REALIZAR TU COMPRA)<\/strong><\/p>\n","protected":false},"excerpt":{"rendered":"<p>Caracter\u00edsticas: Pantalla: Super Retina XDR OLED de 6,7&#8243; FullHD+ 2778 x 1184 Procesador: Apple A14 Bionic RAM: 6GB Almacenamiento: 256 GB C\u00e1mara frontal: 12MP C\u00e1mara trasera: 12MP + 12MP + 12MP Bater\u00eda: 3.687 mAh Carga r\u00e1pida: 20W Carga inal\u00e1mbrica: 7,5W OS: iOS 14 Otros: FaceID, Protecci\u00f3n IP68, Carga MagSafe: 15W NOTA: (CONSULTAR DISPONIBILIDAD DE COLORES [&hellip;]<\/p>\n","protected":false},"featured_media":859,"comment_status":"open","ping_status":"closed","template":"","meta":[],"product_brand":[],"product_cat":[32,41],"product_tag":[],"class_list":{"0":"post-388","1":"product","2":"type-product","3":"status-publish","4":"has-post-thumbnail","6":"product_cat-telefonos","7":"product_cat-apple","9":"first","10":"instock","11":"shipping-taxable","12":"product-type-simple"},"_links":{"self":[{"href":"https:\/\/skyphone.ec\/index.php\/wp-json\/wp\/v2\/product\/388","targetHints":{"allow":["GET"]}}],"collection":[{"href":"https:\/\/skyphone.ec\/index.php\/wp-json\/wp\/v2\/product"}],"about":[{"href":"https:\/\/skyphone.ec\/index.php\/wp-json\/wp\/v2\/types\/product"}],"replies":[{"embeddable":true,"href":"https:\/\/skyphone.ec\/index.php\/wp-json\/wp\/v2\/comments?post=388"}],"wp:featuredmedia":[{"embeddable":true,"href":"https:\/\/skyphone.ec\/index.php\/wp-json\/wp\/v2\/media\/859"}],"wp:attachment":[{"href":"https:\/\/skyphone.ec\/index.php\/wp-json\/wp\/v2\/media?parent=388"}],"wp:term":[{"taxonomy":"product_brand","embeddable":true,"href":"https:\/\/skyphone.ec\/index.php\/wp-json\/wp\/v2\/product_brand?post=388"},{"taxonomy":"product_cat","embeddable":true,"href":"https:\/\/skyphone.ec\/index.php\/wp-json\/wp\/v2\/product_cat?post=388"},{"taxonomy":"product_tag","embeddable":true,"href":"https:\/\/skyphone.ec\/index.php\/wp-json\/wp\/v2\/product_tag?post=388"}],"curies":[{"name":"wp","href":"https:\/\/api.w.org\/{rel}","templated":true}]}}