{"id":379,"date":"2025-03-19T17:19:09","date_gmt":"2025-03-19T17:19:09","guid":{"rendered":"https:\/\/skyphone.ec\/?post_type=product&#038;p=379"},"modified":"2026-01-16T19:09:06","modified_gmt":"2026-01-16T19:09:06","slug":"iphone-12","status":"publish","type":"product","link":"https:\/\/skyphone.ec\/index.php\/producto\/iphone-12\/","title":{"rendered":"iPhone 12"},"content":{"rendered":"<div class=\"product-details__long-description\">\n<p>Pantalla: Super Retina XDR OLED 6,1&#8243; FullHD 2532 x 1170<br \/>\nProcesador: Apple A14 Bionic<br \/>\nRAM: 4GB<br \/>\nAlmacenamiento: 64GB &#8211; 128GB &#8211; 256GB<br \/>\nC\u00e1mara frontal: 12MP<br \/>\nC\u00e1mara trasera: 12MP + 12MP<br \/>\nBater\u00eda: 2.815 mAh Carga r\u00e1pida: 18W Carga inal\u00e1mbrica: 7,5W<br \/>\nOS: iOS 14<br \/>\nOtros: FaceID, Protecci\u00f3n IP68, Carga MagSafe: 15W<\/p>\n<p><strong>NOTA: (CONSULTAR DISPONIBILIDAD DE COLORES A TRAVES DE NUESTRO WHATSAPP ANTES DE REALIZAR TU COMPRA)<\/strong><\/p>\n<\/div>\n<form class=\"variations_form cart wvs-loaded\" style=\"box-sizing: border-box; margin-bottom: 2em; color: #333333; font-family: -apple-system, BlinkMacSystemFont, 'Segoe UI', Roboto, 'Helvetica Neue', Arial, 'Noto Sans', sans-serif, 'Apple Color Emoji', 'Segoe UI Emoji', 'Segoe UI Symbol', 'Noto Color Emoji'; font-size: 16px; font-style: normal; font-variant-ligatures: normal; font-variant-caps: normal; font-weight: 400; letter-spacing: normal; orphans: 2; text-align: start; text-indent: 0px; text-transform: none; white-space: normal; widows: 2; word-spacing: 0px; -webkit-text-stroke-width: 0px; background-color: #ffffff; text-decoration-thickness: initial; text-decoration-style: initial; text-decoration-color: initial;\" action=\"https:\/\/altagamastore.ec\/producto\/iphone-12-open-box\/\" enctype=\"multipart\/form-data\" method=\"post\" data-product_id=\"483\" data-product_variations=\"[{&quot;attributes&quot;:{&quot;attribute_pa_version&quot;:&quot;128gb&quot;},&quot;availability_html&quot;:&quot;&quot;,&quot;backorders_allowed&quot;:false,&quot;dimensions&quot;:{&quot;length&quot;:&quot;&quot;,&quot;width&quot;:&quot;&quot;,&quot;height&quot;:&quot;&quot;},&quot;dimensions_html&quot;:&quot;N\\\/D&quot;,&quot;display_price&quot;:280,&quot;display_regular_price&quot;:280,&quot;image&quot;:{&quot;title&quot;:&quot;Mesa de trabajo 1 copia 4&quot;,&quot;caption&quot;:&quot;&quot;,&quot;url&quot;:&quot;https:\\\/\\\/altagamastore.ec\\\/wp-content\\\/uploads\\\/2025\\\/01\\\/Mesa-de-trabajo-1-copia-4-1.png&quot;,&quot;alt&quot;:&quot;Mesa de trabajo 1 copia 4&quot;,&quot;src&quot;:&quot;https:\\\/\\\/altagamastore.ec\\\/wp-content\\\/uploads\\\/2025\\\/01\\\/Mesa-de-trabajo-1-copia-4-1.png&quot;,&quot;srcset&quot;:&quot;https:\\\/\\\/altagamastore.ec\\\/wp-content\\\/uploads\\\/2025\\\/01\\\/Mesa-de-trabajo-1-copia-4-1.png 600w, https:\\\/\\\/altagamastore.ec\\\/wp-content\\\/uploads\\\/2025\\\/01\\\/Mesa-de-trabajo-1-copia-4-1-300x300.png 300w, https:\\\/\\\/altagamastore.ec\\\/wp-content\\\/uploads\\\/2025\\\/01\\\/Mesa-de-trabajo-1-copia-4-1-150x150.png 150w, https:\\\/\\\/altagamastore.ec\\\/wp-content\\\/uploads\\\/2025\\\/01\\\/Mesa-de-trabajo-1-copia-4-1-100x100.png 100w, https:\\\/\\\/altagamastore.ec\\\/wp-content\\\/uploads\\\/2025\\\/01\\\/Mesa-de-trabajo-1-copia-4-1-50x50.png 50w&quot;,&quot;sizes&quot;:&quot;(max-width: 600px) 100vw, 600px&quot;,&quot;full_src&quot;:&quot;https:\\\/\\\/altagamastore.ec\\\/wp-content\\\/uploads\\\/2025\\\/01\\\/Mesa-de-trabajo-1-copia-4-1.png&quot;,&quot;full_src_w&quot;:600,&quot;full_src_h&quot;:601,&quot;gallery_thumbnail_src&quot;:&quot;https:\\\/\\\/altagamastore.ec\\\/wp-content\\\/uploads\\\/2025\\\/01\\\/Mesa-de-trabajo-1-copia-4-1-100x100.png&quot;,&quot;gallery_thumbnail_src_w&quot;:100,&quot;gallery_thumbnail_src_h&quot;:100,&quot;thumb_src&quot;:&quot;https:\\\/\\\/altagamastore.ec\\\/wp-content\\\/uploads\\\/2025\\\/01\\\/Mesa-de-trabajo-1-copia-4-1-300x300.png&quot;,&quot;thumb_src_w&quot;:300,&quot;thumb_src_h&quot;:300,&quot;src_w&quot;:600,&quot;src_h&quot;:601},&quot;image_id&quot;:1421,&quot;is_downloadable&quot;:false,&quot;is_in_stock&quot;:true,&quot;is_purchasable&quot;:true,&quot;is_sold_individually&quot;:&quot;no&quot;,&quot;is_virtual&quot;:false,&quot;max_qty&quot;:&quot;&quot;,&quot;min_qty&quot;:1,&quot;price_html&quot;:&quot;&lt;span class=\\&quot;price\\&quot;&gt;&lt;span class=\\&quot;woocommerce-Price-amount amount\\&quot;&gt;&lt;bdi&gt;&lt;span class=\\&quot;woocommerce-Price-currencySymbol\\&quot;&gt;&amp;#36;&lt;\\\/span&gt;280,00&lt;\\\/bdi&gt;&lt;\\\/span&gt;&lt;\\\/span&gt;&quot;,&quot;sku&quot;:&quot;7951443fd416&quot;,&quot;variation_description&quot;:&quot;&quot;,&quot;variation_id&quot;:1177,&quot;variation_is_active&quot;:true,&quot;variation_is_visible&quot;:true,&quot;weight&quot;:&quot;&quot;,&quot;weight_html&quot;:&quot;N\\\/D&quot;},{&quot;attributes&quot;:{&quot;attribute_pa_version&quot;:&quot;256gb&quot;},&quot;availability_html&quot;:&quot;&quot;,&quot;backorders_allowed&quot;:false,&quot;dimensions&quot;:{&quot;length&quot;:&quot;&quot;,&quot;width&quot;:&quot;&quot;,&quot;height&quot;:&quot;&quot;},&quot;dimensions_html&quot;:&quot;N\\\/D&quot;,&quot;display_price&quot;:300,&quot;display_regular_price&quot;:300,&quot;image&quot;:{&quot;title&quot;:&quot;Mesa de trabajo 1 copia 4&quot;,&quot;caption&quot;:&quot;&quot;,&quot;url&quot;:&quot;https:\\\/\\\/altagamastore.ec\\\/wp-content\\\/uploads\\\/2025\\\/01\\\/Mesa-de-trabajo-1-copia-4-1.png&quot;,&quot;alt&quot;:&quot;Mesa de trabajo 1 copia 4&quot;,&quot;src&quot;:&quot;https:\\\/\\\/altagamastore.ec\\\/wp-content\\\/uploads\\\/2025\\\/01\\\/Mesa-de-trabajo-1-copia-4-1.png&quot;,&quot;srcset&quot;:&quot;https:\\\/\\\/altagamastore.ec\\\/wp-content\\\/uploads\\\/2025\\\/01\\\/Mesa-de-trabajo-1-copia-4-1.png 600w, https:\\\/\\\/altagamastore.ec\\\/wp-content\\\/uploads\\\/2025\\\/01\\\/Mesa-de-trabajo-1-copia-4-1-300x300.png 300w, https:\\\/\\\/altagamastore.ec\\\/wp-content\\\/uploads\\\/2025\\\/01\\\/Mesa-de-trabajo-1-copia-4-1-150x150.png 150w, https:\\\/\\\/altagamastore.ec\\\/wp-content\\\/uploads\\\/2025\\\/01\\\/Mesa-de-trabajo-1-copia-4-1-100x100.png 100w, https:\\\/\\\/altagamastore.ec\\\/wp-content\\\/uploads\\\/2025\\\/01\\\/Mesa-de-trabajo-1-copia-4-1-50x50.png 50w&quot;,&quot;sizes&quot;:&quot;(max-width: 600px) 100vw, 600px&quot;,&quot;full_src&quot;:&quot;https:\\\/\\\/altagamastore.ec\\\/wp-content\\\/uploads\\\/2025\\\/01\\\/Mesa-de-trabajo-1-copia-4-1.png&quot;,&quot;full_src_w&quot;:600,&quot;full_src_h&quot;:601,&quot;gallery_thumbnail_src&quot;:&quot;https:\\\/\\\/altagamastore.ec\\\/wp-content\\\/uploads\\\/2025\\\/01\\\/Mesa-de-trabajo-1-copia-4-1-100x100.png&quot;,&quot;gallery_thumbnail_src_w&quot;:100,&quot;gallery_thumbnail_src_h&quot;:100,&quot;thumb_src&quot;:&quot;https:\\\/\\\/altagamastore.ec\\\/wp-content\\\/uploads\\\/2025\\\/01\\\/Mesa-de-trabajo-1-copia-4-1-300x300.png&quot;,&quot;thumb_src_w&quot;:300,&quot;thumb_src_h&quot;:300,&quot;src_w&quot;:600,&quot;src_h&quot;:601},&quot;image_id&quot;:1421,&quot;is_downloadable&quot;:false,&quot;is_in_stock&quot;:true,&quot;is_purchasable&quot;:true,&quot;is_sold_individually&quot;:&quot;no&quot;,&quot;is_virtual&quot;:false,&quot;max_qty&quot;:&quot;&quot;,&quot;min_qty&quot;:1,&quot;price_html&quot;:&quot;&lt;span class=\\&quot;price\\&quot;&gt;&lt;span class=\\&quot;woocommerce-Price-amount amount\\&quot;&gt;&lt;bdi&gt;&lt;span class=\\&quot;woocommerce-Price-currencySymbol\\&quot;&gt;&amp;#36;&lt;\\\/span&gt;300,00&lt;\\\/bdi&gt;&lt;\\\/span&gt;&lt;\\\/span&gt;&quot;,&quot;sku&quot;:&quot;7951443fd416&quot;,&quot;variation_description&quot;:&quot;&quot;,&quot;variation_id&quot;:1178,&quot;variation_is_active&quot;:true,&quot;variation_is_visible&quot;:true,&quot;weight&quot;:&quot;&quot;,&quot;weight_html&quot;:&quot;N\\\/D&quot;}]\">\n<div data-product_id=\"483\" data-threshold_min=\"30\" data-threshold_max=\"100\" data-total=\"2\"><\/div>\n<\/form>\n","protected":false},"excerpt":{"rendered":"<p>Pantalla: Super Retina XDR OLED 6,1&#8243; FullHD 2532 x 1170 Procesador: Apple A14 Bionic RAM: 4GB Almacenamiento: 64GB &#8211; 128GB &#8211; 256GB C\u00e1mara frontal: 12MP C\u00e1mara trasera: 12MP + 12MP Bater\u00eda: 2.815 mAh Carga r\u00e1pida: 18W Carga inal\u00e1mbrica: 7,5W OS: iOS 14 Otros: FaceID, Protecci\u00f3n IP68, Carga MagSafe: 15W NOTA: (CONSULTAR DISPONIBILIDAD DE COLORES A [&hellip;]<\/p>\n","protected":false},"featured_media":951,"comment_status":"open","ping_status":"closed","template":"","meta":[],"product_brand":[],"product_cat":[32,41],"product_tag":[],"class_list":{"0":"post-379","1":"product","2":"type-product","3":"status-publish","4":"has-post-thumbnail","6":"product_cat-telefonos","7":"product_cat-apple","9":"first","10":"instock","11":"shipping-taxable","12":"product-type-simple"},"_links":{"self":[{"href":"https:\/\/skyphone.ec\/index.php\/wp-json\/wp\/v2\/product\/379","targetHints":{"allow":["GET"]}}],"collection":[{"href":"https:\/\/skyphone.ec\/index.php\/wp-json\/wp\/v2\/product"}],"about":[{"href":"https:\/\/skyphone.ec\/index.php\/wp-json\/wp\/v2\/types\/product"}],"replies":[{"embeddable":true,"href":"https:\/\/skyphone.ec\/index.php\/wp-json\/wp\/v2\/comments?post=379"}],"wp:featuredmedia":[{"embeddable":true,"href":"https:\/\/skyphone.ec\/index.php\/wp-json\/wp\/v2\/media\/951"}],"wp:attachment":[{"href":"https:\/\/skyphone.ec\/index.php\/wp-json\/wp\/v2\/media?parent=379"}],"wp:term":[{"taxonomy":"product_brand","embeddable":true,"href":"https:\/\/skyphone.ec\/index.php\/wp-json\/wp\/v2\/product_brand?post=379"},{"taxonomy":"product_cat","embeddable":true,"href":"https:\/\/skyphone.ec\/index.php\/wp-json\/wp\/v2\/product_cat?post=379"},{"taxonomy":"product_tag","embeddable":true,"href":"https:\/\/skyphone.ec\/index.php\/wp-json\/wp\/v2\/product_tag?post=379"}],"curies":[{"name":"wp","href":"https:\/\/api.w.org\/{rel}","templated":true}]}}