{"id":373,"date":"2025-03-18T23:10:20","date_gmt":"2025-03-18T23:10:20","guid":{"rendered":"https:\/\/skyphone.ec\/?post_type=product&#038;p=373"},"modified":"2026-01-12T17:01:06","modified_gmt":"2026-01-12T17:01:06","slug":"galaxy-s24-fe-copia","status":"publish","type":"product","link":"https:\/\/skyphone.ec\/index.php\/producto\/galaxy-s24-fe-copia\/","title":{"rendered":"Galaxy S24 FE"},"content":{"rendered":"<p>Pantalla: 6,7&#8243; Dynamic AMOLED 2X 1080 x 2340<br \/>\nProcesador: Exynos 2400e<br \/>\nRAM: 8GB<br \/>\nAlmacenamiento: 128GB &#8211; 256GB &#8211; 512GB<br \/>\nC\u00e1mara frontal: 10MP<br \/>\nC\u00e1mara trasera: 50MP + 12MP + 8MP<br \/>\nBater\u00eda: 4.700 mAh Carga r\u00e1pida: 25W Carga inal\u00e1mbrica: 15W<br \/>\nSO: One UI 6.1 (Android 14)<\/p>\n<p><strong>NOTA: (CONSULTAR DISPONIBILIDAD DE COLORES A TRAVES DE NUESTRO WHATSAPP ANTES DE REALIZAR TU COMPRA)<\/strong><\/p>\n","protected":false},"excerpt":{"rendered":"<p>Pantalla: 6,7&#8243; Dynamic AMOLED 2X 1080 x 2340 Procesador: Exynos 2400e RAM: 8GB Almacenamiento: 128GB &#8211; 256GB &#8211; 512GB C\u00e1mara frontal: 10MP C\u00e1mara trasera: 50MP + 12MP + 8MP Bater\u00eda: 4.700 mAh Carga r\u00e1pida: 25W Carga inal\u00e1mbrica: 15W SO: One UI 6.1 (Android 14) NOTA: (CONSULTAR DISPONIBILIDAD DE COLORES A TRAVES DE NUESTRO WHATSAPP ANTES [&hellip;]<\/p>\n","protected":false},"featured_media":841,"comment_status":"open","ping_status":"closed","template":"","meta":[],"product_brand":[],"product_cat":[32,45],"product_tag":[],"class_list":{"0":"post-373","1":"product","2":"type-product","3":"status-publish","4":"has-post-thumbnail","6":"product_cat-telefonos","7":"product_cat-samsung","9":"first","10":"instock","11":"shipping-taxable","12":"product-type-simple"},"_links":{"self":[{"href":"https:\/\/skyphone.ec\/index.php\/wp-json\/wp\/v2\/product\/373","targetHints":{"allow":["GET"]}}],"collection":[{"href":"https:\/\/skyphone.ec\/index.php\/wp-json\/wp\/v2\/product"}],"about":[{"href":"https:\/\/skyphone.ec\/index.php\/wp-json\/wp\/v2\/types\/product"}],"replies":[{"embeddable":true,"href":"https:\/\/skyphone.ec\/index.php\/wp-json\/wp\/v2\/comments?post=373"}],"wp:featuredmedia":[{"embeddable":true,"href":"https:\/\/skyphone.ec\/index.php\/wp-json\/wp\/v2\/media\/841"}],"wp:attachment":[{"href":"https:\/\/skyphone.ec\/index.php\/wp-json\/wp\/v2\/media?parent=373"}],"wp:term":[{"taxonomy":"product_brand","embeddable":true,"href":"https:\/\/skyphone.ec\/index.php\/wp-json\/wp\/v2\/product_brand?post=373"},{"taxonomy":"product_cat","embeddable":true,"href":"https:\/\/skyphone.ec\/index.php\/wp-json\/wp\/v2\/product_cat?post=373"},{"taxonomy":"product_tag","embeddable":true,"href":"https:\/\/skyphone.ec\/index.php\/wp-json\/wp\/v2\/product_tag?post=373"}],"curies":[{"name":"wp","href":"https:\/\/api.w.org\/{rel}","templated":true}]}}