{"id":1205,"date":"2026-03-28T15:35:17","date_gmt":"2026-03-28T15:35:17","guid":{"rendered":"https:\/\/skyphone.ec\/?post_type=product&#038;p=1205"},"modified":"2026-03-28T15:40:36","modified_gmt":"2026-03-28T15:40:36","slug":"galaxy-flip-6-5g","status":"publish","type":"product","link":"https:\/\/skyphone.ec\/index.php\/producto\/galaxy-flip-6-5g\/","title":{"rendered":"Galaxy Flip 6 5G"},"content":{"rendered":"<p>Caracter\u00edsticas:<\/p>\n<p>Pantalla: Dynamic AMOLED 2X de 6.7 pulgadas con resoluci\u00f3n FHD+ (2640X1080)<br \/>\nProcesador: Snapdragon 8 Gen 3<br \/>\nRAM: 8GB \/ 12GB<br \/>\nAlmacenamiento: 256GB \/ 512GB<br \/>\nC\u00e1mara frontal: 10M<br \/>\nC\u00e1mara trasera: 50MP + 12MP<br \/>\nBater\u00eda: 4.000 mAh Carga r\u00e1pida: 25W<br \/>\nSO: Android 14 con One UI 7.1<br \/>\nOtros: IP48, aceler\u00f3metro, bar\u00f3metro, giroscopio, Gorilla Glass Victus 2<\/p>\n<p>NOTA: (CONSULTA DISPONIBILIDAD DE COLORES A TRAVES DE NUESTRO WHATSAPP ANTES DE REALIZAR TU COMPRA)<\/p>\n","protected":false},"excerpt":{"rendered":"<p>Caracter\u00edsticas: Pantalla: Dynamic AMOLED 2X de 6.7 pulgadas con resoluci\u00f3n FHD+ (2640X1080) Procesador: Snapdragon 8 Gen 3 RAM: 8GB \/ 12GB Almacenamiento: 256GB \/ 512GB C\u00e1mara frontal: 10M C\u00e1mara trasera: 50MP + 12MP Bater\u00eda: 4.000 mAh Carga r\u00e1pida: 25W SO: Android 14 con One UI 7.1 Otros: IP48, aceler\u00f3metro, bar\u00f3metro, giroscopio, Gorilla Glass Victus 2 [&hellip;]<\/p>\n","protected":false},"featured_media":1206,"comment_status":"open","ping_status":"closed","template":"","meta":[],"product_brand":[],"product_cat":[32,45],"product_tag":[],"class_list":{"0":"post-1205","1":"product","2":"type-product","3":"status-publish","4":"has-post-thumbnail","6":"product_cat-telefonos","7":"product_cat-samsung","9":"first","10":"instock","11":"shipping-taxable","12":"product-type-simple"},"_links":{"self":[{"href":"https:\/\/skyphone.ec\/index.php\/wp-json\/wp\/v2\/product\/1205","targetHints":{"allow":["GET"]}}],"collection":[{"href":"https:\/\/skyphone.ec\/index.php\/wp-json\/wp\/v2\/product"}],"about":[{"href":"https:\/\/skyphone.ec\/index.php\/wp-json\/wp\/v2\/types\/product"}],"replies":[{"embeddable":true,"href":"https:\/\/skyphone.ec\/index.php\/wp-json\/wp\/v2\/comments?post=1205"}],"wp:featuredmedia":[{"embeddable":true,"href":"https:\/\/skyphone.ec\/index.php\/wp-json\/wp\/v2\/media\/1206"}],"wp:attachment":[{"href":"https:\/\/skyphone.ec\/index.php\/wp-json\/wp\/v2\/media?parent=1205"}],"wp:term":[{"taxonomy":"product_brand","embeddable":true,"href":"https:\/\/skyphone.ec\/index.php\/wp-json\/wp\/v2\/product_brand?post=1205"},{"taxonomy":"product_cat","embeddable":true,"href":"https:\/\/skyphone.ec\/index.php\/wp-json\/wp\/v2\/product_cat?post=1205"},{"taxonomy":"product_tag","embeddable":true,"href":"https:\/\/skyphone.ec\/index.php\/wp-json\/wp\/v2\/product_tag?post=1205"}],"curies":[{"name":"wp","href":"https:\/\/api.w.org\/{rel}","templated":true}]}}