{"id":1203,"date":"2026-03-28T15:24:11","date_gmt":"2026-03-28T15:24:11","guid":{"rendered":"https:\/\/skyphone.ec\/?post_type=product&#038;p=1203"},"modified":"2026-03-28T15:30:59","modified_gmt":"2026-03-28T15:30:59","slug":"poco-x8-pro","status":"publish","type":"product","link":"https:\/\/skyphone.ec\/index.php\/producto\/poco-x8-pro\/","title":{"rendered":"Poco X8 Pro"},"content":{"rendered":"<p>Caracter\u00edsticas:<\/p>\n<p>Pantalla: AMOLED de 6.59 pulgadas con resoluci\u00f3n 1.5K (2756 x 1268 p\u00edxeles).<br \/>\nProcesador: MediaTek Dimensity 8500 Ultra (4 nm)<br \/>\nRAM: 8GB &#8211; 12GB<br \/>\nAlmacenamiento: 256GB &#8211; 512GB<br \/>\nC\u00e1mara frontal: 20MP<br \/>\nC\u00e1maras traseras: 50MP + 8MP<br \/>\nBater\u00eda: 6.500 mAh Carga r\u00e1pida: 100W<br \/>\nSO: Android 15 &#8211; HyperOS 3.0<br \/>\nOtros: Lector de huellas en pantalla, Dolby Atmos, Certificaci\u00f3n IP69K contra polvo y agua a alta presi\u00f3n<\/p>\n<p>NOTA: (CONSULTAR DISPONIBILIDAD DE COLORES A TRAVES DE NUESTO WHATSAPP ANTES DE REALIZAR TU COMPRA)<\/p>\n","protected":false},"excerpt":{"rendered":"<p>Caracter\u00edsticas: Pantalla: AMOLED de 6.59 pulgadas con resoluci\u00f3n 1.5K (2756 x 1268 p\u00edxeles). Procesador: MediaTek Dimensity 8500 Ultra (4 nm) RAM: 8GB &#8211; 12GB Almacenamiento: 256GB &#8211; 512GB C\u00e1mara frontal: 20MP C\u00e1maras traseras: 50MP + 8MP Bater\u00eda: 6.500 mAh Carga r\u00e1pida: 100W SO: Android 15 &#8211; HyperOS 3.0 Otros: Lector de huellas en pantalla, Dolby [&hellip;]<\/p>\n","protected":false},"featured_media":1204,"comment_status":"open","ping_status":"closed","template":"","meta":[],"product_brand":[],"product_cat":[32,44],"product_tag":[],"class_list":{"0":"post-1203","1":"product","2":"type-product","3":"status-publish","4":"has-post-thumbnail","6":"product_cat-telefonos","7":"product_cat-poco","9":"first","10":"instock","11":"shipping-taxable","12":"product-type-simple"},"_links":{"self":[{"href":"https:\/\/skyphone.ec\/index.php\/wp-json\/wp\/v2\/product\/1203","targetHints":{"allow":["GET"]}}],"collection":[{"href":"https:\/\/skyphone.ec\/index.php\/wp-json\/wp\/v2\/product"}],"about":[{"href":"https:\/\/skyphone.ec\/index.php\/wp-json\/wp\/v2\/types\/product"}],"replies":[{"embeddable":true,"href":"https:\/\/skyphone.ec\/index.php\/wp-json\/wp\/v2\/comments?post=1203"}],"wp:featuredmedia":[{"embeddable":true,"href":"https:\/\/skyphone.ec\/index.php\/wp-json\/wp\/v2\/media\/1204"}],"wp:attachment":[{"href":"https:\/\/skyphone.ec\/index.php\/wp-json\/wp\/v2\/media?parent=1203"}],"wp:term":[{"taxonomy":"product_brand","embeddable":true,"href":"https:\/\/skyphone.ec\/index.php\/wp-json\/wp\/v2\/product_brand?post=1203"},{"taxonomy":"product_cat","embeddable":true,"href":"https:\/\/skyphone.ec\/index.php\/wp-json\/wp\/v2\/product_cat?post=1203"},{"taxonomy":"product_tag","embeddable":true,"href":"https:\/\/skyphone.ec\/index.php\/wp-json\/wp\/v2\/product_tag?post=1203"}],"curies":[{"name":"wp","href":"https:\/\/api.w.org\/{rel}","templated":true}]}}