{"id":1182,"date":"2026-03-20T23:36:48","date_gmt":"2026-03-20T23:36:48","guid":{"rendered":"https:\/\/skyphone.ec\/?post_type=product&#038;p=1182"},"modified":"2026-03-20T23:41:23","modified_gmt":"2026-03-20T23:41:23","slug":"redmi-note-15-pro-plus-5g","status":"publish","type":"product","link":"https:\/\/skyphone.ec\/index.php\/producto\/redmi-note-15-pro-plus-5g\/","title":{"rendered":"Redmi Note 15 Pro Plus 5G"},"content":{"rendered":"<p>Caracter\u00edsticas:<\/p>\n<p>Pantalla: AMOLED curva 6,73&#8243; 2K+ 3200 x 1440<br \/>\nProcesador: Snapdragon 7s Gen 4<br \/>\nRAM: 12GB &#8211; 16GB<br \/>\nAlmacenamiento: 256GB &#8211; 512GB &#8211; 1TB<br \/>\nC\u00e1mara frontal: 32MP<br \/>\nC\u00e1maras traseras: 200MP + 12MP + 8MP<br \/>\nBater\u00eda: 6.500 mAh Carga r\u00e1pida: 100W<br \/>\nSO: Android 15 &#8211; HyperOS 3<br \/>\nOtros: Lector de huellas en pantalla, IP68 IP69 IP69K, Dolby Atmos, altavoces est\u00e9reo<\/p>\n<p>NOTA: (CONSULTAR DISPONIBILIDAD DE COLORES A TRAVES DE NUESTO WHATSAPP ANTES DE REALIZAR TU COMPRA)<\/p>\n","protected":false},"excerpt":{"rendered":"<p>Caracter\u00edsticas: Pantalla: AMOLED curva 6,73&#8243; 2K+ 3200 x 1440 Procesador: Snapdragon 7s Gen 4 RAM: 12GB &#8211; 16GB Almacenamiento: 256GB &#8211; 512GB &#8211; 1TB C\u00e1mara frontal: 32MP C\u00e1maras traseras: 200MP + 12MP + 8MP Bater\u00eda: 6.500 mAh Carga r\u00e1pida: 100W SO: Android 15 &#8211; HyperOS 3 Otros: Lector de huellas en pantalla, IP68 IP69 IP69K, [&hellip;]<\/p>\n","protected":false},"featured_media":1183,"comment_status":"open","ping_status":"closed","template":"","meta":[],"product_brand":[],"product_cat":[32,43],"product_tag":[],"class_list":{"0":"post-1182","1":"product","2":"type-product","3":"status-publish","4":"has-post-thumbnail","6":"product_cat-telefonos","7":"product_cat-redmi","9":"first","10":"instock","11":"shipping-taxable","12":"product-type-simple"},"_links":{"self":[{"href":"https:\/\/skyphone.ec\/index.php\/wp-json\/wp\/v2\/product\/1182","targetHints":{"allow":["GET"]}}],"collection":[{"href":"https:\/\/skyphone.ec\/index.php\/wp-json\/wp\/v2\/product"}],"about":[{"href":"https:\/\/skyphone.ec\/index.php\/wp-json\/wp\/v2\/types\/product"}],"replies":[{"embeddable":true,"href":"https:\/\/skyphone.ec\/index.php\/wp-json\/wp\/v2\/comments?post=1182"}],"wp:featuredmedia":[{"embeddable":true,"href":"https:\/\/skyphone.ec\/index.php\/wp-json\/wp\/v2\/media\/1183"}],"wp:attachment":[{"href":"https:\/\/skyphone.ec\/index.php\/wp-json\/wp\/v2\/media?parent=1182"}],"wp:term":[{"taxonomy":"product_brand","embeddable":true,"href":"https:\/\/skyphone.ec\/index.php\/wp-json\/wp\/v2\/product_brand?post=1182"},{"taxonomy":"product_cat","embeddable":true,"href":"https:\/\/skyphone.ec\/index.php\/wp-json\/wp\/v2\/product_cat?post=1182"},{"taxonomy":"product_tag","embeddable":true,"href":"https:\/\/skyphone.ec\/index.php\/wp-json\/wp\/v2\/product_tag?post=1182"}],"curies":[{"name":"wp","href":"https:\/\/api.w.org\/{rel}","templated":true}]}}