{"id":1180,"date":"2026-03-20T23:27:08","date_gmt":"2026-03-20T23:27:08","guid":{"rendered":"https:\/\/skyphone.ec\/?post_type=product&#038;p=1180"},"modified":"2026-03-20T23:34:50","modified_gmt":"2026-03-20T23:34:50","slug":"redmi-note-15-pro-4g","status":"publish","type":"product","link":"https:\/\/skyphone.ec\/index.php\/producto\/redmi-note-15-pro-4g\/","title":{"rendered":"Redmi Note 15 Pro 4G"},"content":{"rendered":"<p>Caracter\u00edsticas:<\/p>\n<p>Pantalla: AMOLED 6,77&#8243; Full HD (1080 x 2392 p\u00edxeles)<br \/>\nProcesador: Mediatek Helio G200-Ultra<br \/>\nRAM: 8GB &#8211; 12GB<br \/>\nAlmacenamiento: 256GB &#8211; 512GB<br \/>\nC\u00e1mara frontal: 32MP<br \/>\nC\u00e1maras traseras: 200MP + 8MP + 2MP<br \/>\nBater\u00eda: 6.500 mAh Carga r\u00e1pida: 45W<br \/>\nSO: Android 15 &#8211; HyperOS 3<br \/>\nOtros: Lector de huellas en pantalla, IP65, Dolby Atmos<\/p>\n<p>NOTA: (CONSULTAR DISPONIBILIDAD DE COLORES A TRAVES DE NUESTO WHATSAPP ANTES DE REALIZAR TU COMPRA)<\/p>\n","protected":false},"excerpt":{"rendered":"<p>Caracter\u00edsticas: Pantalla: AMOLED 6,77&#8243; Full HD (1080 x 2392 p\u00edxeles) Procesador: Mediatek Helio G200-Ultra RAM: 8GB &#8211; 12GB Almacenamiento: 256GB &#8211; 512GB C\u00e1mara frontal: 32MP C\u00e1maras traseras: 200MP + 8MP + 2MP Bater\u00eda: 6.500 mAh Carga r\u00e1pida: 45W SO: Android 15 &#8211; HyperOS 3 Otros: Lector de huellas en pantalla, IP65, Dolby Atmos NOTA: (CONSULTAR [&hellip;]<\/p>\n","protected":false},"featured_media":1181,"comment_status":"open","ping_status":"closed","template":"","meta":[],"product_brand":[],"product_cat":[32,43],"product_tag":[],"class_list":{"0":"post-1180","1":"product","2":"type-product","3":"status-publish","4":"has-post-thumbnail","6":"product_cat-telefonos","7":"product_cat-redmi","9":"first","10":"instock","11":"shipping-taxable","12":"product-type-simple"},"_links":{"self":[{"href":"https:\/\/skyphone.ec\/index.php\/wp-json\/wp\/v2\/product\/1180","targetHints":{"allow":["GET"]}}],"collection":[{"href":"https:\/\/skyphone.ec\/index.php\/wp-json\/wp\/v2\/product"}],"about":[{"href":"https:\/\/skyphone.ec\/index.php\/wp-json\/wp\/v2\/types\/product"}],"replies":[{"embeddable":true,"href":"https:\/\/skyphone.ec\/index.php\/wp-json\/wp\/v2\/comments?post=1180"}],"wp:featuredmedia":[{"embeddable":true,"href":"https:\/\/skyphone.ec\/index.php\/wp-json\/wp\/v2\/media\/1181"}],"wp:attachment":[{"href":"https:\/\/skyphone.ec\/index.php\/wp-json\/wp\/v2\/media?parent=1180"}],"wp:term":[{"taxonomy":"product_brand","embeddable":true,"href":"https:\/\/skyphone.ec\/index.php\/wp-json\/wp\/v2\/product_brand?post=1180"},{"taxonomy":"product_cat","embeddable":true,"href":"https:\/\/skyphone.ec\/index.php\/wp-json\/wp\/v2\/product_cat?post=1180"},{"taxonomy":"product_tag","embeddable":true,"href":"https:\/\/skyphone.ec\/index.php\/wp-json\/wp\/v2\/product_tag?post=1180"}],"curies":[{"name":"wp","href":"https:\/\/api.w.org\/{rel}","templated":true}]}}