{"id":1173,"date":"2026-03-17T17:44:51","date_gmt":"2026-03-17T17:44:51","guid":{"rendered":"https:\/\/skyphone.ec\/?post_type=product&#038;p=1173"},"modified":"2026-04-01T22:53:36","modified_gmt":"2026-04-01T22:53:36","slug":"ipad-11th-a16","status":"publish","type":"product","link":"https:\/\/skyphone.ec\/index.php\/producto\/ipad-11th-a16\/","title":{"rendered":"iPad 11th A16"},"content":{"rendered":"<p>Caracter\u00edsticas:<\/p>\n<p>Pantalla: 10,9&#8243; Liquid Retina IPS LCD, resoluci\u00f3n 2360 x 1640 p\u00edxeles, brillo m\u00e1ximo 500 nits.<br \/>\nProcesador: Apple A16 Bionic (4 nm)<br \/>\nAlmacenamiento: 128GB<br \/>\nC\u00e1mara trasera: 12MP (\u0192\/1.8) con zoom digital 5x, HDR y grabaci\u00f3n 4K a 60fps<br \/>\nC\u00e1mara frontal: 12MP ultra gran angular (\u0192\/2.4) con funci\u00f3n Center Stage<br \/>\nBater\u00eda: Hasta 10 horas de navegaci\u00f3n o reproducci\u00f3n multimedia<br \/>\nConectividad: Wi-Fi 6, Bluetooth 5.3, versi\u00f3n Wi-Fi o Wi-Fi + Celular (5G)<br \/>\nPuertos: USB-C<br \/>\nSistema operativo: iPadOS 18<\/p>\n<p>NOTA: (CONSULTA DISPONIBILIDAD DE COLORES A TRAVES DE NUESTRO WHATSAPP ANTES DE REALIZAR TU COMPRA)<\/p>\n","protected":false},"excerpt":{"rendered":"<p>Caracter\u00edsticas: Pantalla: 10,9&#8243; Liquid Retina IPS LCD, resoluci\u00f3n 2360 x 1640 p\u00edxeles, brillo m\u00e1ximo 500 nits. Procesador: Apple A16 Bionic (4 nm) Almacenamiento: 128GB C\u00e1mara trasera: 12MP (\u0192\/1.8) con zoom digital 5x, HDR y grabaci\u00f3n 4K a 60fps C\u00e1mara frontal: 12MP ultra gran angular (\u0192\/2.4) con funci\u00f3n Center Stage Bater\u00eda: Hasta 10 horas de navegaci\u00f3n [&hellip;]<\/p>\n","protected":false},"featured_media":1177,"comment_status":"open","ping_status":"closed","template":"","meta":[],"product_brand":[],"product_cat":[50,52],"product_tag":[],"class_list":{"0":"post-1173","1":"product","2":"type-product","3":"status-publish","4":"has-post-thumbnail","6":"product_cat-tablets","7":"product_cat-apple-tablets","9":"first","10":"instock","11":"featured","12":"shipping-taxable","13":"product-type-simple"},"_links":{"self":[{"href":"https:\/\/skyphone.ec\/index.php\/wp-json\/wp\/v2\/product\/1173","targetHints":{"allow":["GET"]}}],"collection":[{"href":"https:\/\/skyphone.ec\/index.php\/wp-json\/wp\/v2\/product"}],"about":[{"href":"https:\/\/skyphone.ec\/index.php\/wp-json\/wp\/v2\/types\/product"}],"replies":[{"embeddable":true,"href":"https:\/\/skyphone.ec\/index.php\/wp-json\/wp\/v2\/comments?post=1173"}],"wp:featuredmedia":[{"embeddable":true,"href":"https:\/\/skyphone.ec\/index.php\/wp-json\/wp\/v2\/media\/1177"}],"wp:attachment":[{"href":"https:\/\/skyphone.ec\/index.php\/wp-json\/wp\/v2\/media?parent=1173"}],"wp:term":[{"taxonomy":"product_brand","embeddable":true,"href":"https:\/\/skyphone.ec\/index.php\/wp-json\/wp\/v2\/product_brand?post=1173"},{"taxonomy":"product_cat","embeddable":true,"href":"https:\/\/skyphone.ec\/index.php\/wp-json\/wp\/v2\/product_cat?post=1173"},{"taxonomy":"product_tag","embeddable":true,"href":"https:\/\/skyphone.ec\/index.php\/wp-json\/wp\/v2\/product_tag?post=1173"}],"curies":[{"name":"wp","href":"https:\/\/api.w.org\/{rel}","templated":true}]}}