{"id":1171,"date":"2026-03-16T20:39:16","date_gmt":"2026-03-16T20:39:16","guid":{"rendered":"https:\/\/skyphone.ec\/?post_type=product&#038;p=1171"},"modified":"2026-03-18T18:33:44","modified_gmt":"2026-03-18T18:33:44","slug":"redmi-note-15-pro-5g","status":"publish","type":"product","link":"https:\/\/skyphone.ec\/index.php\/producto\/redmi-note-15-pro-5g\/","title":{"rendered":"Redmi Note 15 Pro 5G"},"content":{"rendered":"<p>Caracter\u00edsticas:<\/p>\n<p>Pantalla:  AMOLED CrystalRes 1.5K de 6.83 pulgadas a 120 Hz<br \/>\nProcesador: Mediatek Dimensity 7400-Ultra<br \/>\nRAM: 8GB<br \/>\nAlmacenamiento: 256GB<br \/>\nC\u00e1mara frontal: 20MP<br \/>\nC\u00e1maras traseras: 200MP + 8MP<br \/>\nBater\u00eda: 6580 mAh Carga r\u00e1pida: 45W<br \/>\nSO: Android 15 &#8211; HyperOS 3<br \/>\nOtros: Lector de huellas en pantalla, IP66\/IP68, Dolby Atmos, Gorilla Glass Victus 2<\/p>\n<p>NOTA: (CONSULTAR DISPONIBILIDAD DE COLORES A TRAVES DE NUESTO WHATSAPP ANTES DE REALIZAR TU COMPRA)<\/p>\n","protected":false},"excerpt":{"rendered":"<p>Caracter\u00edsticas: Pantalla: AMOLED CrystalRes 1.5K de 6.83 pulgadas a 120 Hz Procesador: Mediatek Dimensity 7400-Ultra RAM: 8GB Almacenamiento: 256GB C\u00e1mara frontal: 20MP C\u00e1maras traseras: 200MP + 8MP Bater\u00eda: 6580 mAh Carga r\u00e1pida: 45W SO: Android 15 &#8211; HyperOS 3 Otros: Lector de huellas en pantalla, IP66\/IP68, Dolby Atmos, Gorilla Glass Victus 2 NOTA: (CONSULTAR DISPONIBILIDAD [&hellip;]<\/p>\n","protected":false},"featured_media":1172,"comment_status":"open","ping_status":"closed","template":"","meta":[],"product_brand":[],"product_cat":[32,43],"product_tag":[],"class_list":{"0":"post-1171","1":"product","2":"type-product","3":"status-publish","4":"has-post-thumbnail","6":"product_cat-telefonos","7":"product_cat-redmi","9":"first","10":"instock","11":"featured","12":"shipping-taxable","13":"product-type-simple"},"_links":{"self":[{"href":"https:\/\/skyphone.ec\/index.php\/wp-json\/wp\/v2\/product\/1171","targetHints":{"allow":["GET"]}}],"collection":[{"href":"https:\/\/skyphone.ec\/index.php\/wp-json\/wp\/v2\/product"}],"about":[{"href":"https:\/\/skyphone.ec\/index.php\/wp-json\/wp\/v2\/types\/product"}],"replies":[{"embeddable":true,"href":"https:\/\/skyphone.ec\/index.php\/wp-json\/wp\/v2\/comments?post=1171"}],"wp:featuredmedia":[{"embeddable":true,"href":"https:\/\/skyphone.ec\/index.php\/wp-json\/wp\/v2\/media\/1172"}],"wp:attachment":[{"href":"https:\/\/skyphone.ec\/index.php\/wp-json\/wp\/v2\/media?parent=1171"}],"wp:term":[{"taxonomy":"product_brand","embeddable":true,"href":"https:\/\/skyphone.ec\/index.php\/wp-json\/wp\/v2\/product_brand?post=1171"},{"taxonomy":"product_cat","embeddable":true,"href":"https:\/\/skyphone.ec\/index.php\/wp-json\/wp\/v2\/product_cat?post=1171"},{"taxonomy":"product_tag","embeddable":true,"href":"https:\/\/skyphone.ec\/index.php\/wp-json\/wp\/v2\/product_tag?post=1171"}],"curies":[{"name":"wp","href":"https:\/\/api.w.org\/{rel}","templated":true}]}}