{"id":1160,"date":"2026-03-16T15:32:22","date_gmt":"2026-03-16T15:32:22","guid":{"rendered":"https:\/\/skyphone.ec\/?post_type=product&#038;p=1160"},"modified":"2026-03-16T15:33:57","modified_gmt":"2026-03-16T15:33:57","slug":"moto-g56","status":"publish","type":"product","link":"https:\/\/skyphone.ec\/index.php\/producto\/moto-g56\/","title":{"rendered":"Moto G56"},"content":{"rendered":"<p>Caracter\u00edsticas:<\/p>\n<p>Pantalla: Ips LCD 6.72\u00a8 Full Hd+ 2400X1080p<br \/>\nProcesador: MediaTek Dimensity 8350 Extreme<br \/>\nRAM: 8<br \/>\nAlmacenamiento: 256<br \/>\nC\u00e1mara frontal: 32MP<br \/>\nC\u00e1mara trasera: 50MP + 8MP<br \/>\nBater\u00eda: 5.200 mAh Carga r\u00e1pida: 30W<br \/>\nSO: Android (Android 15)<br \/>\nOtros: Corning Gorilla Glass 7i, Sensor Sony LYTIA 600, Lector de huellas dactilares integrado en el bot\u00f3n de encendido lateral, IP68\/IP69, Tambi\u00e9n cuenta con certificaci\u00f3n militar MIL-STD-810H contra ca\u00eddas y golpes.<\/p>\n<p>NOTA: (CONSULTA DISPONIBILIDAD DE COLORES A TRAVES DE NUESTRO WHATSAPP ANTES DE REALIZAR TU COMPRA)<\/p>\n","protected":false},"excerpt":{"rendered":"<p>Caracter\u00edsticas: Pantalla: Ips LCD 6.72\u00a8 Full Hd+ 2400X1080p Procesador: MediaTek Dimensity 8350 Extreme RAM: 8 Almacenamiento: 256 C\u00e1mara frontal: 32MP C\u00e1mara trasera: 50MP + 8MP Bater\u00eda: 5.200 mAh Carga r\u00e1pida: 30W SO: Android (Android 15) Otros: Corning Gorilla Glass 7i, Sensor Sony LYTIA 600, Lector de huellas dactilares integrado en el bot\u00f3n de encendido lateral, [&hellip;]<\/p>\n","protected":false},"featured_media":1162,"comment_status":"open","ping_status":"closed","template":"","meta":[],"product_brand":[],"product_cat":[32,49],"product_tag":[],"class_list":{"0":"post-1160","1":"product","2":"type-product","3":"status-publish","4":"has-post-thumbnail","6":"product_cat-telefonos","7":"product_cat-motorola","9":"first","10":"instock","11":"shipping-taxable","12":"product-type-variable"},"_links":{"self":[{"href":"https:\/\/skyphone.ec\/index.php\/wp-json\/wp\/v2\/product\/1160","targetHints":{"allow":["GET"]}}],"collection":[{"href":"https:\/\/skyphone.ec\/index.php\/wp-json\/wp\/v2\/product"}],"about":[{"href":"https:\/\/skyphone.ec\/index.php\/wp-json\/wp\/v2\/types\/product"}],"replies":[{"embeddable":true,"href":"https:\/\/skyphone.ec\/index.php\/wp-json\/wp\/v2\/comments?post=1160"}],"wp:featuredmedia":[{"embeddable":true,"href":"https:\/\/skyphone.ec\/index.php\/wp-json\/wp\/v2\/media\/1162"}],"wp:attachment":[{"href":"https:\/\/skyphone.ec\/index.php\/wp-json\/wp\/v2\/media?parent=1160"}],"wp:term":[{"taxonomy":"product_brand","embeddable":true,"href":"https:\/\/skyphone.ec\/index.php\/wp-json\/wp\/v2\/product_brand?post=1160"},{"taxonomy":"product_cat","embeddable":true,"href":"https:\/\/skyphone.ec\/index.php\/wp-json\/wp\/v2\/product_cat?post=1160"},{"taxonomy":"product_tag","embeddable":true,"href":"https:\/\/skyphone.ec\/index.php\/wp-json\/wp\/v2\/product_tag?post=1160"}],"curies":[{"name":"wp","href":"https:\/\/api.w.org\/{rel}","templated":true}]}}