{"id":1156,"date":"2026-03-16T15:29:23","date_gmt":"2026-03-16T15:29:23","guid":{"rendered":"https:\/\/skyphone.ec\/?post_type=product&#038;p=1156"},"modified":"2026-03-16T15:30:26","modified_gmt":"2026-03-16T15:30:26","slug":"moto-edge-60-fusion","status":"publish","type":"product","link":"https:\/\/skyphone.ec\/index.php\/producto\/moto-edge-60-fusion\/","title":{"rendered":"Moto Edge 60 Fusion"},"content":{"rendered":"<p><strong>Caracter\u00edsticas:<\/strong><\/p>\n<p>Pantalla: pOled 6.7\u00a8 1.5K 2712X1220p HDR+<br \/>\nProcesador: MediaTek Dimensity 7300<br \/>\nRAM: 8GB<br \/>\nAlmacenamiento: 256GB<br \/>\nC\u00e1mara frontal: 32MP<br \/>\nC\u00e1mara trasera: 50MP + 13MP<br \/>\nBater\u00eda: 5.200 mAh Carga r\u00e1pida: 68W<br \/>\nSO: Android (Android 15)<br \/>\nOtros: 4500 Nits, Corning Gorilla Glass 7i, IP68\/IP69, Dolby Atmos<\/p>\n<p><strong>NOTA: (CONSULTAR DISPONIBILIDAD DE COLORES A TRAVES DE NUESTRO WHATSAPP ANTES DE REALIZAR TU COMPRA)<\/strong><\/p>\n","protected":false},"excerpt":{"rendered":"<p>Caracter\u00edsticas: Pantalla: pOled 6.7\u00a8 1.5K 2712X1220p HDR+ Procesador: MediaTek Dimensity 7300 RAM: 8GB Almacenamiento: 256GB C\u00e1mara frontal: 32MP C\u00e1mara trasera: 50MP + 13MP Bater\u00eda: 5.200 mAh Carga r\u00e1pida: 68W SO: Android (Android 15) Otros: 4500 Nits, Corning Gorilla Glass 7i, IP68\/IP69, Dolby Atmos NOTA: (CONSULTAR DISPONIBILIDAD DE COLORES A TRAVES DE NUESTRO WHATSAPP ANTES DE [&hellip;]<\/p>\n","protected":false},"featured_media":1159,"comment_status":"open","ping_status":"closed","template":"","meta":[],"product_brand":[],"product_cat":[32,49],"product_tag":[],"class_list":{"0":"post-1156","1":"product","2":"type-product","3":"status-publish","4":"has-post-thumbnail","6":"product_cat-telefonos","7":"product_cat-motorola","9":"first","10":"instock","11":"shipping-taxable","12":"product-type-variable"},"_links":{"self":[{"href":"https:\/\/skyphone.ec\/index.php\/wp-json\/wp\/v2\/product\/1156","targetHints":{"allow":["GET"]}}],"collection":[{"href":"https:\/\/skyphone.ec\/index.php\/wp-json\/wp\/v2\/product"}],"about":[{"href":"https:\/\/skyphone.ec\/index.php\/wp-json\/wp\/v2\/types\/product"}],"replies":[{"embeddable":true,"href":"https:\/\/skyphone.ec\/index.php\/wp-json\/wp\/v2\/comments?post=1156"}],"wp:featuredmedia":[{"embeddable":true,"href":"https:\/\/skyphone.ec\/index.php\/wp-json\/wp\/v2\/media\/1159"}],"wp:attachment":[{"href":"https:\/\/skyphone.ec\/index.php\/wp-json\/wp\/v2\/media?parent=1156"}],"wp:term":[{"taxonomy":"product_brand","embeddable":true,"href":"https:\/\/skyphone.ec\/index.php\/wp-json\/wp\/v2\/product_brand?post=1156"},{"taxonomy":"product_cat","embeddable":true,"href":"https:\/\/skyphone.ec\/index.php\/wp-json\/wp\/v2\/product_cat?post=1156"},{"taxonomy":"product_tag","embeddable":true,"href":"https:\/\/skyphone.ec\/index.php\/wp-json\/wp\/v2\/product_tag?post=1156"}],"curies":[{"name":"wp","href":"https:\/\/api.w.org\/{rel}","templated":true}]}}