{"id":1143,"date":"2026-03-03T21:44:56","date_gmt":"2026-03-03T21:44:56","guid":{"rendered":"https:\/\/skyphone.ec\/?post_type=product&#038;p=1143"},"modified":"2026-03-03T21:44:56","modified_gmt":"2026-03-03T21:44:56","slug":"poco-pad-m1","status":"publish","type":"product","link":"https:\/\/skyphone.ec\/index.php\/producto\/poco-pad-m1\/","title":{"rendered":"Poco Pad M1"},"content":{"rendered":"<p><strong>Caracter\u00edsticas:<\/strong><\/p>\n<p>Pantalla: LCD 12,1&#8243; Dolby Vision<br \/>\nProcesador: Qualcomm Snapdragon 7s Gen 4<br \/>\nRAM: 8GB<br \/>\nAlmacenamiento: 256GB<br \/>\nC\u00e1mara Frontal : 8 MP<br \/>\nC\u00e1mara Trasera : 8 MP<br \/>\nBater\u00eda: 12.000mAh &#8211; Carga r\u00e1pida de 33W<br \/>\nOS: Android 15 &#8211; Xiaomi HyperOS 2<br \/>\nPerfil: 280 x 181,85 x 7,5 mm<br \/>\nPeso: 610 g<\/p>\n<p><strong>NOTA: (CONSULTAR DISPONIBILIDAD DE COLORES A TRAVES DE NUESTRO WHATSAPP ANTES DE REALIZAR TU COMPRA)<\/strong><\/p>\n","protected":false},"excerpt":{"rendered":"<p>Caracter\u00edsticas: Pantalla: LCD 12,1&#8243; Dolby Vision Procesador: Qualcomm Snapdragon 7s Gen 4 RAM: 8GB Almacenamiento: 256GB C\u00e1mara Frontal : 8 MP C\u00e1mara Trasera : 8 MP Bater\u00eda: 12.000mAh &#8211; Carga r\u00e1pida de 33W OS: Android 15 &#8211; Xiaomi HyperOS 2 Perfil: 280 x 181,85 x 7,5 mm Peso: 610 g NOTA: (CONSULTAR DISPONIBILIDAD DE COLORES [&hellip;]<\/p>\n","protected":false},"featured_media":1144,"comment_status":"open","ping_status":"closed","template":"","meta":[],"product_brand":[],"product_cat":[86,50],"product_tag":[],"class_list":{"0":"post-1143","1":"product","2":"type-product","3":"status-publish","4":"has-post-thumbnail","6":"product_cat-poco-tablets","7":"product_cat-tablets","9":"first","10":"instock","11":"shipping-taxable","12":"product-type-simple"},"_links":{"self":[{"href":"https:\/\/skyphone.ec\/index.php\/wp-json\/wp\/v2\/product\/1143","targetHints":{"allow":["GET"]}}],"collection":[{"href":"https:\/\/skyphone.ec\/index.php\/wp-json\/wp\/v2\/product"}],"about":[{"href":"https:\/\/skyphone.ec\/index.php\/wp-json\/wp\/v2\/types\/product"}],"replies":[{"embeddable":true,"href":"https:\/\/skyphone.ec\/index.php\/wp-json\/wp\/v2\/comments?post=1143"}],"wp:featuredmedia":[{"embeddable":true,"href":"https:\/\/skyphone.ec\/index.php\/wp-json\/wp\/v2\/media\/1144"}],"wp:attachment":[{"href":"https:\/\/skyphone.ec\/index.php\/wp-json\/wp\/v2\/media?parent=1143"}],"wp:term":[{"taxonomy":"product_brand","embeddable":true,"href":"https:\/\/skyphone.ec\/index.php\/wp-json\/wp\/v2\/product_brand?post=1143"},{"taxonomy":"product_cat","embeddable":true,"href":"https:\/\/skyphone.ec\/index.php\/wp-json\/wp\/v2\/product_cat?post=1143"},{"taxonomy":"product_tag","embeddable":true,"href":"https:\/\/skyphone.ec\/index.php\/wp-json\/wp\/v2\/product_tag?post=1143"}],"curies":[{"name":"wp","href":"https:\/\/api.w.org\/{rel}","templated":true}]}}