{"id":1093,"date":"2026-01-29T21:02:46","date_gmt":"2026-01-29T21:02:46","guid":{"rendered":"https:\/\/skyphone.ec\/?post_type=product&#038;p=1093"},"modified":"2026-04-29T21:20:00","modified_gmt":"2026-04-29T21:20:00","slug":"amazon-fire-tv-stick","status":"publish","type":"product","link":"https:\/\/skyphone.ec\/index.php\/producto\/amazon-fire-tv-stick\/","title":{"rendered":"Amazon Fire Tv Stick 4K MAX"},"content":{"rendered":"<div>CARACTERISTICAS<\/div>\n<div>\u2013 40% m\u00e1s potente que el Fire TV Stick 4K, de manera que las apps se inician con mayor rapidez y la navegaci\u00f3n es m\u00e1s fluida.<\/div>\n<div>\u2013 Disfruta de la reproducci\u00f3n de contenido en streaming 4K m\u00e1s fluida en varios dispositivos Wi-Fi 6.<br \/>\n\u2013 Im\u00e1genes vibrantes en calidad 4K Ultra HD, compatible con Dolby Vision, HDR, HDR10+ y audio inmersivo Dolby Atmos.<\/div>\n<div>\u2013 Mira contenido favorito en Netflix, Prime Video, Disney+, Peacock y m\u00e1s, adem\u00e1s de escuchar millones de canciones.<br \/>\n\u2013 Busca y accede a contenido con la voz.<\/div>\n<div>\u2013 Encuentra tus apps favoritas r\u00e1pidamente con los botones predeterminados.<\/div>\n<div>\u2013 Controla el encendido\/apagado y el volumen con un control remoto.<br \/>\n\u2013 Experiencia de juego fluida y renderizado de gr\u00e1ficos r\u00e1pido con GPU de 750 MHz.<\/div>\n","protected":false},"excerpt":{"rendered":"<p>CARACTERISTICAS \u2013 40% m\u00e1s potente que el Fire TV Stick 4K, de manera que las apps se inician con mayor rapidez y la navegaci\u00f3n es m\u00e1s fluida. \u2013 Disfruta de la reproducci\u00f3n de contenido en streaming 4K m\u00e1s fluida en varios dispositivos Wi-Fi 6. \u2013 Im\u00e1genes vibrantes en calidad 4K Ultra HD, compatible con Dolby [&hellip;]<\/p>\n","protected":false},"featured_media":1094,"comment_status":"open","ping_status":"closed","template":"","meta":[],"product_brand":[],"product_cat":[79],"product_tag":[],"class_list":{"0":"post-1093","1":"product","2":"type-product","3":"status-publish","4":"has-post-thumbnail","6":"product_cat-amazon","8":"first","9":"instock","10":"shipping-taxable","11":"product-type-simple"},"_links":{"self":[{"href":"https:\/\/skyphone.ec\/index.php\/wp-json\/wp\/v2\/product\/1093","targetHints":{"allow":["GET"]}}],"collection":[{"href":"https:\/\/skyphone.ec\/index.php\/wp-json\/wp\/v2\/product"}],"about":[{"href":"https:\/\/skyphone.ec\/index.php\/wp-json\/wp\/v2\/types\/product"}],"replies":[{"embeddable":true,"href":"https:\/\/skyphone.ec\/index.php\/wp-json\/wp\/v2\/comments?post=1093"}],"wp:featuredmedia":[{"embeddable":true,"href":"https:\/\/skyphone.ec\/index.php\/wp-json\/wp\/v2\/media\/1094"}],"wp:attachment":[{"href":"https:\/\/skyphone.ec\/index.php\/wp-json\/wp\/v2\/media?parent=1093"}],"wp:term":[{"taxonomy":"product_brand","embeddable":true,"href":"https:\/\/skyphone.ec\/index.php\/wp-json\/wp\/v2\/product_brand?post=1093"},{"taxonomy":"product_cat","embeddable":true,"href":"https:\/\/skyphone.ec\/index.php\/wp-json\/wp\/v2\/product_cat?post=1093"},{"taxonomy":"product_tag","embeddable":true,"href":"https:\/\/skyphone.ec\/index.php\/wp-json\/wp\/v2\/product_tag?post=1093"}],"curies":[{"name":"wp","href":"https:\/\/api.w.org\/{rel}","templated":true}]}}