{"id":1091,"date":"2026-01-29T20:45:32","date_gmt":"2026-01-29T20:45:32","guid":{"rendered":"https:\/\/skyphone.ec\/?post_type=product&#038;p=1091"},"modified":"2026-01-29T21:02:13","modified_gmt":"2026-01-29T21:02:13","slug":"amazon-echo-pop-kids-marvel-avengers","status":"publish","type":"product","link":"https:\/\/skyphone.ec\/index.php\/producto\/amazon-echo-pop-kids-marvel-avengers\/","title":{"rendered":"Amazon Echo Pop Kids Marvel Avengers"},"content":{"rendered":"<ul>\n<li>Parlante inal\u00e1mbrico Amazon<\/li>\n<li>Modelo: Echo Pop Kids<\/li>\n<li>Dise\u00f1o: Avengers<\/li>\n<li>Parlante con proyecci\u00f3n frontal de 1.95&#8243;<\/li>\n<li>Potencia RMS: 15 W<\/li>\n<li>Conectividad: WiFi de doble banda (802.11 a\/b\/g\/n\/ac &#8211; 2.4 y 5 GHz)<\/li>\n<li>Comando de voz Alexa<\/li>\n<li>Compatible con Fire OS, Android e iOS<\/li>\n<li>Controles parentales<\/li>\n<li>Bot\u00f3n para desactivar micr\u00f3fonos<\/li>\n<li>Incluye adaptador de corriente<\/li>\n<\/ul>\n","protected":false},"excerpt":{"rendered":"<p>Parlante inal\u00e1mbrico Amazon Modelo: Echo Pop Kids Dise\u00f1o: Avengers Parlante con proyecci\u00f3n frontal de 1.95&#8243; Potencia RMS: 15 W Conectividad: WiFi de doble banda (802.11 a\/b\/g\/n\/ac &#8211; 2.4 y 5 GHz) Comando de voz Alexa Compatible con Fire OS, Android e iOS Controles parentales Bot\u00f3n para desactivar micr\u00f3fonos Incluye adaptador de corriente<\/p>\n","protected":false},"featured_media":1092,"comment_status":"open","ping_status":"closed","template":"","meta":[],"product_brand":[],"product_cat":[79],"product_tag":[],"class_list":{"0":"post-1091","1":"product","2":"type-product","3":"status-publish","4":"has-post-thumbnail","6":"product_cat-amazon","8":"first","9":"instock","10":"shipping-taxable","11":"product-type-simple"},"_links":{"self":[{"href":"https:\/\/skyphone.ec\/index.php\/wp-json\/wp\/v2\/product\/1091","targetHints":{"allow":["GET"]}}],"collection":[{"href":"https:\/\/skyphone.ec\/index.php\/wp-json\/wp\/v2\/product"}],"about":[{"href":"https:\/\/skyphone.ec\/index.php\/wp-json\/wp\/v2\/types\/product"}],"replies":[{"embeddable":true,"href":"https:\/\/skyphone.ec\/index.php\/wp-json\/wp\/v2\/comments?post=1091"}],"wp:featuredmedia":[{"embeddable":true,"href":"https:\/\/skyphone.ec\/index.php\/wp-json\/wp\/v2\/media\/1092"}],"wp:attachment":[{"href":"https:\/\/skyphone.ec\/index.php\/wp-json\/wp\/v2\/media?parent=1091"}],"wp:term":[{"taxonomy":"product_brand","embeddable":true,"href":"https:\/\/skyphone.ec\/index.php\/wp-json\/wp\/v2\/product_brand?post=1091"},{"taxonomy":"product_cat","embeddable":true,"href":"https:\/\/skyphone.ec\/index.php\/wp-json\/wp\/v2\/product_cat?post=1091"},{"taxonomy":"product_tag","embeddable":true,"href":"https:\/\/skyphone.ec\/index.php\/wp-json\/wp\/v2\/product_tag?post=1091"}],"curies":[{"name":"wp","href":"https:\/\/api.w.org\/{rel}","templated":true}]}}