{"id":1085,"date":"2026-01-29T17:38:04","date_gmt":"2026-01-29T17:38:04","guid":{"rendered":"https:\/\/skyphone.ec\/?post_type=product&#038;p=1085"},"modified":"2026-03-20T22:41:35","modified_gmt":"2026-03-20T22:41:35","slug":"redmi-15c-2","status":"publish","type":"product","link":"https:\/\/skyphone.ec\/index.php\/producto\/redmi-15c-2\/","title":{"rendered":"Redmi 15C"},"content":{"rendered":"<p><strong>Caracter\u00edsticas:<\/strong><\/p>\n<p>Pantalla: LCD IPS de 6,9&#8243; HD+ 720 x 1600<br \/>\nProcesador: Mediatek Helio G81-Ultra<br \/>\nRAM: 8GB<br \/>\nAlmacenamiento: 256GB &#8211; Expandible hasta 1TB<br \/>\nC\u00e1mara Frontal: 8 MP<br \/>\nC\u00e1mara: 50 MP<br \/>\nBater\u00eda: 6.000 mAh Carga r\u00e1pida: 33W<br \/>\nSO: Xiaomi Hyper OS<br \/>\nOtros: 3,5MM, Lector de huellas lateral, Notch en forma de gota<\/p>\n<p><strong>NOTA: (CONSULTAR DISPONIBILIDAD DE COLORES A TRAVES DE NUESTRO WHATSAPP ANTES DE REALIZAR TU COMPRA)<\/strong><\/p>\n","protected":false},"excerpt":{"rendered":"<p>Caracter\u00edsticas: Pantalla: LCD IPS de 6,9&#8243; HD+ 720 x 1600 Procesador: Mediatek Helio G81-Ultra RAM: 8GB Almacenamiento: 256GB &#8211; Expandible hasta 1TB C\u00e1mara Frontal: 8 MP C\u00e1mara: 50 MP Bater\u00eda: 6.000 mAh Carga r\u00e1pida: 33W SO: Xiaomi Hyper OS Otros: 3,5MM, Lector de huellas lateral, Notch en forma de gota NOTA: (CONSULTAR DISPONIBILIDAD DE COLORES [&hellip;]<\/p>\n","protected":false},"featured_media":1170,"comment_status":"open","ping_status":"closed","template":"","meta":[],"product_brand":[],"product_cat":[32,43],"product_tag":[],"class_list":{"0":"post-1085","1":"product","2":"type-product","3":"status-publish","4":"has-post-thumbnail","6":"product_cat-telefonos","7":"product_cat-redmi","9":"first","10":"instock","11":"shipping-taxable","12":"product-type-simple"},"_links":{"self":[{"href":"https:\/\/skyphone.ec\/index.php\/wp-json\/wp\/v2\/product\/1085","targetHints":{"allow":["GET"]}}],"collection":[{"href":"https:\/\/skyphone.ec\/index.php\/wp-json\/wp\/v2\/product"}],"about":[{"href":"https:\/\/skyphone.ec\/index.php\/wp-json\/wp\/v2\/types\/product"}],"replies":[{"embeddable":true,"href":"https:\/\/skyphone.ec\/index.php\/wp-json\/wp\/v2\/comments?post=1085"}],"wp:featuredmedia":[{"embeddable":true,"href":"https:\/\/skyphone.ec\/index.php\/wp-json\/wp\/v2\/media\/1170"}],"wp:attachment":[{"href":"https:\/\/skyphone.ec\/index.php\/wp-json\/wp\/v2\/media?parent=1085"}],"wp:term":[{"taxonomy":"product_brand","embeddable":true,"href":"https:\/\/skyphone.ec\/index.php\/wp-json\/wp\/v2\/product_brand?post=1085"},{"taxonomy":"product_cat","embeddable":true,"href":"https:\/\/skyphone.ec\/index.php\/wp-json\/wp\/v2\/product_cat?post=1085"},{"taxonomy":"product_tag","embeddable":true,"href":"https:\/\/skyphone.ec\/index.php\/wp-json\/wp\/v2\/product_tag?post=1085"}],"curies":[{"name":"wp","href":"https:\/\/api.w.org\/{rel}","templated":true}]}}